{"id":2,"date":"2016-04-08T15:45:54","date_gmt":"2016-04-08T14:45:54","guid":{"rendered":"http:\/\/www.phi-denim.com\/?page_id=2"},"modified":"2023-12-18T10:53:56","modified_gmt":"2023-12-18T09:53:56","slug":"page-d-exemple","status":"publish","type":"page","link":"http:\/\/www.phi-denim.com\/fr\/","title":{"rendered":"Accueil"},"content":{"rendered":"<p>[vc_row full_width=&#8221;stretch_row&#8221; full_height=&#8221;yes&#8221; content_placement=&#8221;middle&#8221; type=&#8221;boxed&#8221; css=&#8221;.vc_custom_1702893216427{background-image: url(http:\/\/www.phi-denim.com\/wp-content\/uploads\/2020\/05\/IMG_5921.jpg?id=85440) !important;background-position: center !important;background-repeat: no-repeat !important;background-size: cover !important;}&#8221;][vc_column css=&#8221;.vc_custom_1571322131295{padding-top: 50px !important;padding-bottom: 50px !important;}&#8221;][\/vc_column][\/vc_row][vc_row full_width=&#8221;stretch_row&#8221; full_height=&#8221;yes&#8221; content_placement=&#8221;middle&#8221; disable_element=&#8221;yes&#8221; type=&#8221;boxed&#8221; css=&#8221;.vc_custom_1702893225276{background-image: url(http:\/\/www.phi-denim.com\/wp-content\/uploads\/2020\/05\/IMG_5921.jpg?id=85440) !important;background-position: center !important;background-repeat: no-repeat !important;background-size: cover !important;}&#8221;][vc_column css=&#8221;.vc_custom_1571322131295{padding-top: 50px !important;padding-bottom: 50px !important;}&#8221;][vc_column_text]<\/p>\n<h2 style=\"text-align: center;\"><span style=\"color: #ffffff;\">PHI DENIM 0O7 NOUVEAU FIT ET NOUVELLE S\u00c9RIE DE POCHES<br \/>\nDisponible d\u00e8s maintenant sur Kickstarter<\/span><\/h2>\n<p>[\/vc_column_text][vc_btn title=&#8221;`{`:fr`}`D\u00e9couvrir le projet`{`:en`}`Discover the project`{`:ja`}`Discover the project`{`:`}`&#8221; style=&#8221;flat&#8221; shape=&#8221;square&#8221; color=&#8221;danger&#8221; align=&#8221;center&#8221; link=&#8221;url:https%3A%2F%2Fwww.kickstarter.com%2Fprojects%2F1090413459%2Fphi-denim-0o7-new-fit-and-new-pockets-series-made-in-japan%3Fref%3Dnav_search%26result%3Dproject%26term%3Dphi%2520denim|title:PHI007%20Kickstarter%20project|target:%20_blank|&#8221;][\/vc_column][\/vc_row][vc_row content_placement=&#8221;middle&#8221; type=&#8221;boxed&#8221; css=&#8221;.vc_custom_1461003641223{padding-top: 50px !important;padding-bottom: 50px !important;}&#8221;][vc_column width=&#8221;1\/2&#8243;][vc_single_image image=&#8221;1188&#8243; img_size=&#8221;medium&#8221; alignment=&#8221;center&#8221; css=&#8221;.vc_custom_1480930076587{padding-top: 80px !important;}&#8221;][\/vc_column][vc_column width=&#8221;1\/2&#8243;][vc_single_image image=&#8221;1856&#8243; img_size=&#8221;medium&#8221; alignment=&#8221;center&#8221;][\/vc_column][\/vc_row][vc_row type=&#8221;boxed&#8221;][vc_column][vc_column_text]<\/p>\n<p class=\"p1\" style=\"text-align: center;\">C\u2019est \u00e0 Okayama, Kojima, Japon que nous avons trouv\u00e9 le savoir-faire pour fabriquer nos denims. En effet, avant de produire son premier denim dans les ann\u00e9es 60, Kojima a \u00e9t\u00e9 un lieu prosp\u00e8re de production de coton pour le Japon.<\/p>\n<p style=\"text-align: center;\">Aujourd\u2019hui, Kojima est devenue la capitale mondiale du denim.<\/p>\n<p class=\"p1\" style=\"text-align: center;\">Tous les jeans sortant d\u2019un atelier de Kojima sont r\u00e9put\u00e9s durables et d\u2019un niveau d\u2019ex\u00e9cution tr\u00e8s \u00e9lev\u00e9.<\/p>\n<p>[\/vc_column_text][\/vc_column][\/vc_row][vc_row][vc_column css=&#8221;.vc_custom_1574433303973{padding-top: 30px !important;padding-bottom: 30px !important;}&#8221;][vc_single_image image=&#8221;5709&#8243; img_size=&#8221;full&#8221; alignment=&#8221;center&#8221;][\/vc_column][\/vc_row][vc_row type=&#8221;boxed&#8221;][vc_column width=&#8221;1\/2&#8243;][vc_column_text]<\/p>\n<h3>Notre toile de denim 14 oz en indigo pure est 100% cotton<\/h3>\n<p>Elle est tiss\u00e9e \u00e0 Okayama, Japon. La taille de son fil et la m\u00e9thode de tissage en font une toile robuste mais souple.<br \/>\nLe selvedge rouge et blanc est le point de finition de la toile de denim. Ce bord d\u2019arr\u00eat parall\u00e8le permet d\u2019\u00e9viter \u00e0 la toile de s\u2019effilocher, mais c\u2019est aussi ce qui nous rend fiers de porter un raw denim.<br \/>\n[\/vc_column_text][\/vc_column][vc_column width=&#8221;1\/2&#8243;][vc_single_image image=&#8221;115&#8243; img_size=&#8221;large&#8221;][\/vc_column][\/vc_row][vc_row full_width=&#8221;stretch_row&#8221; type=&#8221;boxed&#8221; css=&#8221;.vc_custom_1558360062477{padding-top: 60px !important;padding-bottom: 60px !important;}&#8221;][vc_column][vc_column_text]<\/p>\n<h3>Nous avons souhait\u00e9 r\u00e9interpr\u00e9ter un des classiques du pr\u00eat-\u00e0-porter,\u00a0le jean 5 poches.<\/h3>\n<p>[\/vc_column_text][\/vc_column][\/vc_row][vc_row equal_height=&#8221;yes&#8221; content_placement=&#8221;middle&#8221; type=&#8221;boxed&#8221; css=&#8221;.vc_custom_1574433560914{padding-bottom: 60px !important;}&#8221;][vc_column width=&#8221;1\/2&#8243;][vc_single_image image=&#8221;910&#8243; img_size=&#8221;large&#8221; alignment=&#8221;center&#8221;][\/vc_column][vc_column width=&#8221;1\/2&#8243;][vc_single_image image=&#8221;129&#8243; img_size=&#8221;large&#8221;][vc_empty_space height=&#8221;22px&#8221;][vc_column_text]<\/p>\n<h3>Une innovation technique<\/h3>\n<p>La d\u00e9coupe et le collage de la poche<\/p>\n<p>Si la mati\u00e8re de la poche arri\u00e8re fait appel au pass\u00e9, son assemblage avec le jean est lui plus contemporain.<\/p>\n<p>Chaque poche en kimono est renforc\u00e9e par une doublure en coton puis surpiqu\u00e9e sur la toile de denim. Nous venons ensuite apposer une pi\u00e8ce en denim d\u00e9coup\u00e9e au laser puis coll\u00e9e.<br \/>\n<\/p>\n<p>[\/vc_column_text][\/vc_column][\/vc_row][vc_row css=&#8221;.vc_custom_1574433624784{padding-top: 30px !important;padding-bottom: 30px !important;}&#8221;][vc_column][vc_single_image image=&#8221;159&#8243; img_size=&#8221;full&#8221; alignment=&#8221;center&#8221;][\/vc_column][\/vc_row][vc_row css=&#8221;.vc_custom_1461011366751{padding-top: 90px !important;padding-bottom: 150px !important;}&#8221;][vc_column][vc_column_text]<\/p>\n<p style=\"text-align: center; font-size: 1.5rem;\">Nous cr\u00e9ons des jeans en denim japonais,<br \/>\nintemporels et durables<\/p>\n<p>[\/vc_column_text][\/vc_column][\/vc_row][vc_row][vc_column][vc_empty_space height=&#8221;22px&#8221;][\/vc_column][\/vc_row][vc_row content_placement=&#8221;middle&#8221; type=&#8221;boxed&#8221;][vc_column][vc_btn title=&#8221;`{`:fr`}`D\u00e9couvrir la marque phi. denim`{`:en`}`View more about the brand`{`:ja`}`View more about the brand`{`:`}`&#8221; style=&#8221;outline&#8221; shape=&#8221;square&#8221; color=&#8221;inverse&#8221; size=&#8221;lg&#8221; align=&#8221;center&#8221; link=&#8221;url:http%3A%2F%2Fwww.phi-denim.com%2Fla-marque%2F||&#8221; css=&#8221;.vc_custom_1571322271221{padding-right: 10% !important;padding-left: 10% !important;}&#8221;][\/vc_column][\/vc_row][vc_row][vc_column][vc_empty_space height=&#8221;52px&#8221;][\/vc_column][\/vc_row][vc_column width=&#8221;1\/4&#8243;][\/vc_column][vc_column width=&#8221;3\/4&#8243;][\/vc_column]<\/p>","protected":false},"excerpt":{"rendered":"<p>[vc_row full_width=&#8221;stretch_row&#8221; full_height=&#8221;yes&#8221; content_placement=&#8221;middle&#8221; type=&#8221;boxed&#8221; css=&#8221;.vc_custom_1702893216427{background-image: url(http:\/\/www.phi-denim.com\/wp-content\/uploads\/2020\/05\/IMG_5921.jpg?id=85440) !important;background-position: center !important;background-repeat: no-repeat !important;background-size: cover !important;}&#8221;][vc_column css=&#8221;.vc_custom_1571322131295{padding-top: 50px !important;padding-bottom: 50px !important;}&#8221;][\/vc_column][\/vc_row][vc_row full_width=&#8221;stretch_row&#8221; full_height=&#8221;yes&#8221; content_placement=&#8221;middle&#8221; disable_element=&#8221;yes&#8221; type=&#8221;boxed&#8221; css=&#8221;.vc_custom_1702893225276{background-image: url(http:\/\/www.phi-denim.com\/wp-content\/uploads\/2020\/05\/IMG_5921.jpg?id=85440) !important;background-position: center !important;background-repeat: no-repeat !important;background-size: cover !important;}&#8221;][vc_column css=&#8221;.vc_custom_1571322131295{padding-top: 50px !important;padding-bottom: 50px !important;}&#8221;][vc_column_text] PHI DENIM 0O7 NOUVEAU FIT ET NOUVELLE S\u00c9RIE DE POCHES Disponible d\u00e8s maintenant sur Kickstarter [\/vc_column_text][vc_btn title=&#8221;`{`:fr`}`D\u00e9couvrir [&hellip;]<\/p>\n","protected":false},"author":1,"featured_media":0,"parent":0,"menu_order":0,"comment_status":"closed","ping_status":"closed","template":"page-boxed.php","meta":[],"yoast_head":"<!-- This site is optimized with the Yoast SEO plugin v17.7.1 - https:\/\/yoast.com\/wordpress\/plugins\/seo\/ -->\n<title>Accueil - phi. denim<\/title>\n<meta name=\"robots\" content=\"index, follow, max-snippet:-1, max-image-preview:large, max-video-preview:-1\" \/>\n<link rel=\"canonical\" href=\"https:\/\/www.phi-denim.com\/fr\/\" \/>\n<meta property=\"og:locale\" content=\"fr_FR\" \/>\n<meta property=\"og:type\" content=\"article\" \/>\n<meta property=\"og:title\" content=\"[:fr]Accueil[:en]Homepage[:ja]\u30db\u30fc\u30e0\u30da\u30fc\u30b8[:] - phi. denim\" \/>\n<meta property=\"og:description\" content=\"[vc_row full_width=&#8221;stretch_row&#8221; full_height=&#8221;yes&#8221; content_placement=&#8221;middle&#8221; type=&#8221;boxed&#8221; css=&#8221;.vc_custom_1702893216427{background-image: url(http:\/\/www.phi-denim.com\/wp-content\/uploads\/2020\/05\/IMG_5921.jpg?id=85440) !important;background-position: center !important;background-repeat: no-repeat !important;background-size: cover !important;}&#8221;][vc_column css=&#8221;.vc_custom_1571322131295{padding-top: 50px !important;padding-bottom: 50px !important;}&#8221;][\/vc_column][\/vc_row][vc_row full_width=&#8221;stretch_row&#8221; full_height=&#8221;yes&#8221; content_placement=&#8221;middle&#8221; disable_element=&#8221;yes&#8221; type=&#8221;boxed&#8221; css=&#8221;.vc_custom_1702893225276{background-image: url(http:\/\/www.phi-denim.com\/wp-content\/uploads\/2020\/05\/IMG_5921.jpg?id=85440) !important;background-position: center !important;background-repeat: no-repeat !important;background-size: cover !important;}&#8221;][vc_column css=&#8221;.vc_custom_1571322131295{padding-top: 50px !important;padding-bottom: 50px !important;}&#8221;][vc_column_text] PHI DENIM 0O7 NOUVEAU FIT ET NOUVELLE S\u00c9RIE DE POCHES Disponible d\u00e8s maintenant sur Kickstarter [\/vc_column_text][vc_btn title=&#8221;`{`:fr`}`D\u00e9couvrir [&hellip;]\" \/>\n<meta property=\"og:url\" content=\"https:\/\/www.phi-denim.com\/fr\/\" \/>\n<meta property=\"og:site_name\" content=\"phi. denim\" \/>\n<meta property=\"article:modified_time\" content=\"2023-12-18T09:53:56+00:00\" \/>\n<meta name=\"twitter:card\" content=\"summary_large_image\" \/>\n<meta name=\"twitter:label1\" content=\"Dur\u00e9e de lecture estim\u00e9e\" \/>\n\t<meta name=\"twitter:data1\" content=\"3 minutes\" \/>\n<script type=\"application\/ld+json\" class=\"yoast-schema-graph\">{\"@context\":\"https:\/\/schema.org\",\"@graph\":[{\"@type\":\"WebSite\",\"@id\":\"https:\/\/www.phi-denim.com\/fr\/#website\",\"url\":\"https:\/\/www.phi-denim.com\/fr\/\",\"name\":\"phi. denim\",\"description\":\"The denim collective\",\"potentialAction\":[{\"@type\":\"SearchAction\",\"target\":{\"@type\":\"EntryPoint\",\"urlTemplate\":\"https:\/\/www.phi-denim.com\/fr\/?s={search_term_string}\"},\"query-input\":\"required name=search_term_string\"}],\"inLanguage\":\"fr-FR\"},{\"@type\":\"WebPage\",\"@id\":\"https:\/\/www.phi-denim.com\/fr\/#webpage\",\"url\":\"https:\/\/www.phi-denim.com\/fr\/\",\"name\":\"[:fr]Accueil[:en]Homepage[:ja]\\u30db\\u30fc\\u30e0\\u30da\\u30fc\\u30b8[:] - phi. denim\",\"isPartOf\":{\"@id\":\"https:\/\/www.phi-denim.com\/fr\/#website\"},\"datePublished\":\"2016-04-08T14:45:54+00:00\",\"dateModified\":\"2023-12-18T09:53:56+00:00\",\"breadcrumb\":{\"@id\":\"https:\/\/www.phi-denim.com\/fr\/#breadcrumb\"},\"inLanguage\":\"fr-FR\",\"potentialAction\":[{\"@type\":\"ReadAction\",\"target\":[\"https:\/\/www.phi-denim.com\/fr\/\"]}]},{\"@type\":\"BreadcrumbList\",\"@id\":\"https:\/\/www.phi-denim.com\/fr\/#breadcrumb\",\"itemListElement\":[{\"@type\":\"ListItem\",\"position\":1,\"name\":\"Home\",\"item\":\"https:\/\/www.phi-denim.com\/fr\/\"},{\"@type\":\"ListItem\",\"position\":2,\"name\":\"Accueil\"}]}]}<\/script>\n<!-- \/ Yoast SEO plugin. -->","yoast_head_json":{"title":"[:fr]Accueil[:en]Homepage[:ja]\u30db\u30fc\u30e0\u30da\u30fc\u30b8[:] - phi. denim","robots":{"index":"index","follow":"follow","max-snippet":"max-snippet:-1","max-image-preview":"max-image-preview:large","max-video-preview":"max-video-preview:-1"},"canonical":"https:\/\/www.phi-denim.com\/fr\/","og_locale":"fr_FR","og_type":"article","og_title":"[:fr]Accueil[:en]Homepage[:ja]\u30db\u30fc\u30e0\u30da\u30fc\u30b8[:] - phi. denim","og_description":"[vc_row full_width=&#8221;stretch_row&#8221; full_height=&#8221;yes&#8221; content_placement=&#8221;middle&#8221; type=&#8221;boxed&#8221; css=&#8221;.vc_custom_1702893216427{background-image: url(http:\/\/www.phi-denim.com\/wp-content\/uploads\/2020\/05\/IMG_5921.jpg?id=85440) !important;background-position: center !important;background-repeat: no-repeat !important;background-size: cover !important;}&#8221;][vc_column css=&#8221;.vc_custom_1571322131295{padding-top: 50px !important;padding-bottom: 50px !important;}&#8221;][\/vc_column][\/vc_row][vc_row full_width=&#8221;stretch_row&#8221; full_height=&#8221;yes&#8221; content_placement=&#8221;middle&#8221; disable_element=&#8221;yes&#8221; type=&#8221;boxed&#8221; css=&#8221;.vc_custom_1702893225276{background-image: url(http:\/\/www.phi-denim.com\/wp-content\/uploads\/2020\/05\/IMG_5921.jpg?id=85440) !important;background-position: center !important;background-repeat: no-repeat !important;background-size: cover !important;}&#8221;][vc_column css=&#8221;.vc_custom_1571322131295{padding-top: 50px !important;padding-bottom: 50px !important;}&#8221;][vc_column_text] PHI DENIM 0O7 NOUVEAU FIT ET NOUVELLE S\u00c9RIE DE POCHES Disponible d\u00e8s maintenant sur Kickstarter [\/vc_column_text][vc_btn title=&#8221;`{`:fr`}`D\u00e9couvrir [&hellip;]","og_url":"https:\/\/www.phi-denim.com\/fr\/","og_site_name":"phi. denim","article_modified_time":"2023-12-18T09:53:56+00:00","twitter_card":"summary_large_image","twitter_misc":{"Dur\u00e9e de lecture estim\u00e9e":"3 minutes"},"schema":{"@context":"https:\/\/schema.org","@graph":[{"@type":"WebSite","@id":"https:\/\/www.phi-denim.com\/fr\/#website","url":"https:\/\/www.phi-denim.com\/fr\/","name":"phi. denim","description":"The denim collective","potentialAction":[{"@type":"SearchAction","target":{"@type":"EntryPoint","urlTemplate":"https:\/\/www.phi-denim.com\/fr\/?s={search_term_string}"},"query-input":"required name=search_term_string"}],"inLanguage":"fr-FR"},{"@type":"WebPage","@id":"https:\/\/www.phi-denim.com\/fr\/#webpage","url":"https:\/\/www.phi-denim.com\/fr\/","name":"[:fr]Accueil[:en]Homepage[:ja]\u30db\u30fc\u30e0\u30da\u30fc\u30b8[:] - phi. denim","isPartOf":{"@id":"https:\/\/www.phi-denim.com\/fr\/#website"},"datePublished":"2016-04-08T14:45:54+00:00","dateModified":"2023-12-18T09:53:56+00:00","breadcrumb":{"@id":"https:\/\/www.phi-denim.com\/fr\/#breadcrumb"},"inLanguage":"fr-FR","potentialAction":[{"@type":"ReadAction","target":["https:\/\/www.phi-denim.com\/fr\/"]}]},{"@type":"BreadcrumbList","@id":"https:\/\/www.phi-denim.com\/fr\/#breadcrumb","itemListElement":[{"@type":"ListItem","position":1,"name":"Home","item":"https:\/\/www.phi-denim.com\/fr\/"},{"@type":"ListItem","position":2,"name":"Accueil"}]}]}},"_links":{"self":[{"href":"http:\/\/www.phi-denim.com\/fr\/wp-json\/wp\/v2\/pages\/2"}],"collection":[{"href":"http:\/\/www.phi-denim.com\/fr\/wp-json\/wp\/v2\/pages"}],"about":[{"href":"http:\/\/www.phi-denim.com\/fr\/wp-json\/wp\/v2\/types\/page"}],"author":[{"embeddable":true,"href":"http:\/\/www.phi-denim.com\/fr\/wp-json\/wp\/v2\/users\/1"}],"replies":[{"embeddable":true,"href":"http:\/\/www.phi-denim.com\/fr\/wp-json\/wp\/v2\/comments?post=2"}],"version-history":[{"count":323,"href":"http:\/\/www.phi-denim.com\/fr\/wp-json\/wp\/v2\/pages\/2\/revisions"}],"predecessor-version":[{"id":113787,"href":"http:\/\/www.phi-denim.com\/fr\/wp-json\/wp\/v2\/pages\/2\/revisions\/113787"}],"wp:attachment":[{"href":"http:\/\/www.phi-denim.com\/fr\/wp-json\/wp\/v2\/media?parent=2"}],"curies":[{"name":"wp","href":"https:\/\/api.w.org\/{rel}","templated":true}]}}