{"id":7,"date":"2016-04-08T16:05:30","date_gmt":"2016-04-08T15:05:30","guid":{"rendered":"http:\/\/www.phi-denim.com\/?page_id=7"},"modified":"2019-11-22T16:41:14","modified_gmt":"2019-11-22T15:41:14","slug":"la-marque","status":"publish","type":"page","link":"http:\/\/www.phi-denim.com\/fr\/la-marque\/","title":{"rendered":"La marque"},"content":{"rendered":"<p>[vc_row full_width=&#8221;stretch_row&#8221; full_height=&#8221;yes&#8221; css_animation=&#8221;none&#8221; type=&#8221;boxed&#8221; css=&#8221;.vc_custom_1574430356952{margin-bottom: 75px !important;background-image: url(http:\/\/www.phi-denim.com\/wp-content\/uploads\/2017\/02\/borasification-for-Phi-Denim-05.jpg?id=1411) !important;background-position: center !important;background-repeat: no-repeat !important;background-size: cover !important;}&#8221;][vc_column width=&#8221;1\/2&#8243;][vc_column_text]<\/p>\n<h1><span style=\"color: #ffffff;\">La<br \/>\nMarque<\/span><\/h1>\n<p>[\/vc_column_text][vc_column_text]<\/p>\n<p><\/p>\n<h3><span style=\"color: #ffffff;\">phi. est un \u00e9tat d\u2019esprit ; comme le nombre d\u2019or qu\u2019il \u00e9voque, il repr\u00e9sente la simplicit\u00e9 de la perfection et la magie de l\u2019intemporel.<\/span><\/h3>\n<p><\/p>\n<p>[\/vc_column_text][\/vc_column][vc_column width=&#8221;1\/2&#8243;][\/vc_column][\/vc_row][vc_row][vc_column css=&#8221;.vc_custom_1574430819779{padding-top: 40px !important;padding-bottom: 60px !important;}&#8221;][vc_column_text]<\/p>\n<h4>phi. cherche surtout \u00e0 r\u00e9interpr\u00e9ter des \u00e9l\u00e9ments du pass\u00e9 pour les remettre \u00e0 l\u2019ordre du jour. Les membres de phi. sont rassembl\u00e9s autour de cette envie de cr\u00e9er des mod\u00e8les authentiques et singuliers.<\/h4>\n<p>[\/vc_column_text][\/vc_column][\/vc_row][vc_row][vc_column][vc_single_image image=&#8221;262&#8243; img_size=&#8221;large&#8221; alignment=&#8221;center&#8221;][\/vc_column][\/vc_row][vc_row][vc_column css=&#8221;.vc_custom_1574430803388{padding-top: 40px !important;padding-bottom: 60px !important;}&#8221;][vc_column_text]<\/p>\n<p>Pour se faire, phi. s\u2019appuie sur les fondements de la culture et de la tradition japonaise. Nous avons donc choisi d\u2019utiliser le kimono pour r\u00e9interpr\u00e9ter le denim 5 poches.<\/p>\n<p>[\/vc_column_text][\/vc_column][\/vc_row][vc_row][vc_column][vc_single_image image=&#8221;55005&#8243; img_size=&#8221;full&#8221; alignment=&#8221;center&#8221;][\/vc_column][\/vc_row][vc_row type=&#8221;boxed&#8221;][vc_column css=&#8221;.vc_custom_1574430840942{padding-top: 40px !important;padding-bottom: 60px !important;}&#8221;][vc_row_inner content_placement=&#8221;middle&#8221; type=&#8221;boxed&#8221;][vc_column_inner width=&#8221;1\/2&#8243;][vc_column_text]<\/p>\n<h4>L\u2019alliage de l\u2019artisanat avec des technologies modernes<\/h4>\n<p>[\/vc_column_text][\/vc_column_inner][vc_column_inner width=&#8221;1\/2&#8243;][vc_single_image image=&#8221;294&#8243; alignment=&#8221;center&#8221;][\/vc_column_inner][\/vc_row_inner][\/vc_column][\/vc_row][vc_row][vc_column][vc_column_text]<\/p>\n<h1 style=\"text-align: center;\">Qui sommes-nous?<\/h1>\n<p style=\"text-align: center;\">La rencontre de 5 passionn\u00e9s du Denim, du Sportwear et du Japon.<\/p>\n<p>[\/vc_column_text][\/vc_column][\/vc_row][vc_row type=&#8221;boxed&#8221;][vc_column width=&#8221;1\/5&#8243;][vc_single_image image=&#8221;337&#8243; alignment=&#8221;center&#8221;][vc_column_text]<\/p>\n<h2 style=\"text-align: center;\">Yukiko<\/h2>\n<h3 style=\"text-align: center;\">Japon<\/h3>\n<p style=\"text-align: center;\">La connaissance des usines traditionnelles d\u2019Okayama alli\u00e9e \u00e0 la rigueur technique &#8211; Les relations commerciales\/communication sur Tokyo<\/p>\n<p>[\/vc_column_text][\/vc_column][vc_column width=&#8221;1\/5&#8243;][vc_single_image image=&#8221;332&#8243; alignment=&#8221;center&#8221;][vc_column_text]<\/p>\n<h2 style=\"text-align: center;\">Alexis<\/h2>\n<h3 style=\"text-align: center;\">France<\/h3>\n<p style=\"text-align: center;\">Le Marketing &amp; les relations commerciales\/communication<\/p>\n<p>[\/vc_column_text][\/vc_column][vc_column width=&#8221;1\/5&#8243;][vc_single_image image=&#8221;341&#8243; alignment=&#8221;center&#8221;][vc_column_text]<\/p>\n<h2 style=\"text-align: center;\">Vincent<\/h2>\n<h3 style=\"text-align: center;\">France<\/h3>\n<p style=\"text-align: center;\">Le e-commerce<br \/>\n&amp; communication<br \/>\n<\/p>\n<p>[\/vc_column_text][\/vc_column][vc_column width=&#8221;1\/5&#8243;][vc_single_image image=&#8221;339&#8243; alignment=&#8221;center&#8221;][vc_column_text]<\/p>\n<h2 style=\"text-align: center;\">Philippe<\/h2>\n<h3 style=\"text-align: center;\">France<\/h3>\n<p style=\"text-align: center;\">Le Design<br \/>\n&amp; la recherche des mati\u00e8res<br \/>\n<\/p>\n<p>[\/vc_column_text][\/vc_column][vc_column width=&#8221;1\/5&#8243;][vc_single_image image=&#8221;49075&#8243; alignment=&#8221;center&#8221;][vc_column_text]<\/p>\n<h2 style=\"text-align: center;\">William<\/h2>\n<h3 style=\"text-align: center;\">France<\/h3>\n<p style=\"text-align: center;\">Finance<br \/>\n<\/p>\n<p>[\/vc_column_text][\/vc_column][\/vc_row][vc_row][vc_column][vc_empty_space height=&#8221;82px&#8221;][\/vc_column][\/vc_row][vc_row equal_height=&#8221;yes&#8221; content_placement=&#8221;middle&#8221; height=&#8221;500px&#8221; type=&#8221;boxed&#8221; columns_height=&#8221;adjust_cols_height&#8221; css=&#8221;.vc_custom_1481117775807{background-color: #02344a !important;}&#8221;][vc_column width=&#8221;1\/2&#8243;][vc_empty_space height=&#8221;72px&#8221;][vc_column_text]<\/p>\n<h2 style=\"text-align: center;\"><span style=\"color: #ffffff;\">D\u00e9couvrez le PHI03_C18.<\/span><\/h2>\n<h4 style=\"text-align: center;\"><span style=\"color: #ffffff;\">Un denim classique renouvel\u00e9<\/span><br \/>\n<span style=\"color: #ffffff;\">Relax fit avec jambes tapered \u00e0 la signature unique et limit\u00e9e.<\/span><\/h4>\n<h2 style=\"text-align: center;\"><span style=\"color: #ffffff;\">DISPONIBLE<\/span><\/h2>\n<p>[\/vc_column_text][vc_btn title=&#8221;`{`:fr`}`Voir la fiche produit`{`:en`}`View the product profile`{`:ja`}`\u30d7\u30ed\u30c0\u30af\u30c8 \u30d7\u30ed\u30d5\u30a1\u30a4\u30eb`{`:`}`&#8221; style=&#8221;outline&#8221; shape=&#8221;square&#8221; size=&#8221;lg&#8221; align=&#8221;center&#8221; i_align=&#8221;right&#8221; i_icon_fontawesome=&#8221;fa fa-angle-right&#8221; add_icon=&#8221;true&#8221; link=&#8221;url:http%3A%2F%2Fwww.phi-denim.com%2Ffr%2Fproduit%2Fphi03_c18%2F|||&#8221;][vc_empty_space height=&#8221;72px&#8221;][\/vc_column][vc_column width=&#8221;1\/2&#8243; css=&#8221;.vc_custom_1571319418670{padding-top: 250px !important;padding-bottom: 250px !important;background-image: url(http:\/\/www.phi-denim.com\/wp-content\/uploads\/2019\/06\/PhiDenim_PACKSHOT-19.jpg?id=5739) !important;background-position: center !important;background-repeat: no-repeat !important;background-size: cover !important;}&#8221;][\/vc_column][\/vc_row][vc_row][vc_column offset=&#8221;vc_hidden-xs&#8221;][vc_empty_space height=&#8221;72px&#8221;][\/vc_column][\/vc_row]<\/p>","protected":false},"excerpt":{"rendered":"<p>[vc_row full_width=&#8221;stretch_row&#8221; full_height=&#8221;yes&#8221; css_animation=&#8221;none&#8221; type=&#8221;boxed&#8221; css=&#8221;.vc_custom_1574430356952{margin-bottom: 75px !important;background-image: url(http:\/\/www.phi-denim.com\/wp-content\/uploads\/2017\/02\/borasification-for-Phi-Denim-05.jpg?id=1411) !important;background-position: center !important;background-repeat: no-repeat !important;background-size: cover !important;}&#8221;][vc_column width=&#8221;1\/2&#8243;][vc_column_text] La Marque [\/vc_column_text][vc_column_text] phi. est un \u00e9tat d\u2019esprit ; comme le nombre d\u2019or qu\u2019il \u00e9voque, il repr\u00e9sente la simplicit\u00e9 de la perfection et la magie de l\u2019intemporel. [\/vc_column_text][\/vc_column][vc_column width=&#8221;1\/2&#8243;][\/vc_column][\/vc_row][vc_row][vc_column css=&#8221;.vc_custom_1574430819779{padding-top: 40px !important;padding-bottom: 60px !important;}&#8221;][vc_column_text] phi. cherche surtout \u00e0 [&hellip;]<\/p>\n","protected":false},"author":1,"featured_media":0,"parent":0,"menu_order":0,"comment_status":"closed","ping_status":"closed","template":"page-boxed.php","meta":[],"yoast_head":"<!-- This site is optimized with the Yoast SEO plugin v17.7.1 - https:\/\/yoast.com\/wordpress\/plugins\/seo\/ -->\n<title>La marque - phi. denim<\/title>\n<meta name=\"robots\" content=\"index, follow, max-snippet:-1, max-image-preview:large, max-video-preview:-1\" \/>\n<link rel=\"canonical\" href=\"http:\/\/www.phi-denim.com\/ja\/the-brand\/\" \/>\n<meta property=\"og:locale\" content=\"fr_FR\" \/>\n<meta property=\"og:type\" content=\"article\" \/>\n<meta property=\"og:title\" content=\"La marque - phi. denim\" \/>\n<meta property=\"og:description\" content=\"[vc_row full_width=&#8221;stretch_row&#8221; full_height=&#8221;yes&#8221; css_animation=&#8221;none&#8221; type=&#8221;boxed&#8221; css=&#8221;.vc_custom_1574430356952{margin-bottom: 75px !important;background-image: url(http:\/\/www.phi-denim.com\/wp-content\/uploads\/2017\/02\/borasification-for-Phi-Denim-05.jpg?id=1411) !important;background-position: center !important;background-repeat: no-repeat !important;background-size: cover !important;}&#8221;][vc_column width=&#8221;1\/2&#8243;][vc_column_text] La Marque [\/vc_column_text][vc_column_text] phi. est un \u00e9tat d\u2019esprit ; comme le nombre d\u2019or qu\u2019il \u00e9voque, il repr\u00e9sente la simplicit\u00e9 de la perfection et la magie de l\u2019intemporel. [\/vc_column_text][\/vc_column][vc_column width=&#8221;1\/2&#8243;][\/vc_column][\/vc_row][vc_row][vc_column css=&#8221;.vc_custom_1574430819779{padding-top: 40px !important;padding-bottom: 60px !important;}&#8221;][vc_column_text] phi. cherche surtout \u00e0 [&hellip;]\" \/>\n<meta property=\"og:url\" content=\"http:\/\/www.phi-denim.com\/ja\/the-brand\/\" \/>\n<meta property=\"og:site_name\" content=\"phi. denim\" \/>\n<meta property=\"article:modified_time\" content=\"2019-11-22T15:41:14+00:00\" \/>\n<meta name=\"twitter:card\" content=\"summary_large_image\" \/>\n<meta name=\"twitter:label1\" content=\"Dur\u00e9e de lecture estim\u00e9e\" \/>\n\t<meta name=\"twitter:data1\" content=\"4 minutes\" \/>\n<script type=\"application\/ld+json\" class=\"yoast-schema-graph\">{\"@context\":\"https:\/\/schema.org\",\"@graph\":[{\"@type\":\"WebSite\",\"@id\":\"http:\/\/www.phi-denim.com\/ja\/#website\",\"url\":\"http:\/\/www.phi-denim.com\/ja\/\",\"name\":\"phi. denim\",\"description\":\"The denim collective\",\"potentialAction\":[{\"@type\":\"SearchAction\",\"target\":{\"@type\":\"EntryPoint\",\"urlTemplate\":\"http:\/\/www.phi-denim.com\/ja\/?s={search_term_string}\"},\"query-input\":\"required name=search_term_string\"}],\"inLanguage\":\"fr-FR\"},{\"@type\":\"WebPage\",\"@id\":\"http:\/\/www.phi-denim.com\/ja\/the-brand\/#webpage\",\"url\":\"http:\/\/www.phi-denim.com\/ja\/the-brand\/\",\"name\":\"La marque - phi. denim\",\"isPartOf\":{\"@id\":\"http:\/\/www.phi-denim.com\/ja\/#website\"},\"datePublished\":\"2016-04-08T15:05:30+00:00\",\"dateModified\":\"2019-11-22T15:41:14+00:00\",\"breadcrumb\":{\"@id\":\"http:\/\/www.phi-denim.com\/ja\/the-brand\/#breadcrumb\"},\"inLanguage\":\"fr-FR\",\"potentialAction\":[{\"@type\":\"ReadAction\",\"target\":[\"http:\/\/www.phi-denim.com\/ja\/the-brand\/\"]}]},{\"@type\":\"BreadcrumbList\",\"@id\":\"http:\/\/www.phi-denim.com\/ja\/the-brand\/#breadcrumb\",\"itemListElement\":[{\"@type\":\"ListItem\",\"position\":1,\"name\":\"Home\",\"item\":\"http:\/\/www.phi-denim.com\/ja\/\"},{\"@type\":\"ListItem\",\"position\":2,\"name\":\"La marque\"}]}]}<\/script>\n<!-- \/ Yoast SEO plugin. -->","yoast_head_json":{"title":"La marque - phi. denim","robots":{"index":"index","follow":"follow","max-snippet":"max-snippet:-1","max-image-preview":"max-image-preview:large","max-video-preview":"max-video-preview:-1"},"canonical":"http:\/\/www.phi-denim.com\/ja\/the-brand\/","og_locale":"fr_FR","og_type":"article","og_title":"La marque - phi. denim","og_description":"[vc_row full_width=&#8221;stretch_row&#8221; full_height=&#8221;yes&#8221; css_animation=&#8221;none&#8221; type=&#8221;boxed&#8221; css=&#8221;.vc_custom_1574430356952{margin-bottom: 75px !important;background-image: url(http:\/\/www.phi-denim.com\/wp-content\/uploads\/2017\/02\/borasification-for-Phi-Denim-05.jpg?id=1411) !important;background-position: center !important;background-repeat: no-repeat !important;background-size: cover !important;}&#8221;][vc_column width=&#8221;1\/2&#8243;][vc_column_text] La Marque [\/vc_column_text][vc_column_text] phi. est un \u00e9tat d\u2019esprit ; comme le nombre d\u2019or qu\u2019il \u00e9voque, il repr\u00e9sente la simplicit\u00e9 de la perfection et la magie de l\u2019intemporel. [\/vc_column_text][\/vc_column][vc_column width=&#8221;1\/2&#8243;][\/vc_column][\/vc_row][vc_row][vc_column css=&#8221;.vc_custom_1574430819779{padding-top: 40px !important;padding-bottom: 60px !important;}&#8221;][vc_column_text] phi. cherche surtout \u00e0 [&hellip;]","og_url":"http:\/\/www.phi-denim.com\/ja\/the-brand\/","og_site_name":"phi. denim","article_modified_time":"2019-11-22T15:41:14+00:00","twitter_card":"summary_large_image","twitter_misc":{"Dur\u00e9e de lecture estim\u00e9e":"4 minutes"},"schema":{"@context":"https:\/\/schema.org","@graph":[{"@type":"WebSite","@id":"http:\/\/www.phi-denim.com\/ja\/#website","url":"http:\/\/www.phi-denim.com\/ja\/","name":"phi. denim","description":"The denim collective","potentialAction":[{"@type":"SearchAction","target":{"@type":"EntryPoint","urlTemplate":"http:\/\/www.phi-denim.com\/ja\/?s={search_term_string}"},"query-input":"required name=search_term_string"}],"inLanguage":"fr-FR"},{"@type":"WebPage","@id":"http:\/\/www.phi-denim.com\/ja\/the-brand\/#webpage","url":"http:\/\/www.phi-denim.com\/ja\/the-brand\/","name":"La marque - phi. denim","isPartOf":{"@id":"http:\/\/www.phi-denim.com\/ja\/#website"},"datePublished":"2016-04-08T15:05:30+00:00","dateModified":"2019-11-22T15:41:14+00:00","breadcrumb":{"@id":"http:\/\/www.phi-denim.com\/ja\/the-brand\/#breadcrumb"},"inLanguage":"fr-FR","potentialAction":[{"@type":"ReadAction","target":["http:\/\/www.phi-denim.com\/ja\/the-brand\/"]}]},{"@type":"BreadcrumbList","@id":"http:\/\/www.phi-denim.com\/ja\/the-brand\/#breadcrumb","itemListElement":[{"@type":"ListItem","position":1,"name":"Home","item":"http:\/\/www.phi-denim.com\/ja\/"},{"@type":"ListItem","position":2,"name":"La marque"}]}]}},"_links":{"self":[{"href":"http:\/\/www.phi-denim.com\/fr\/wp-json\/wp\/v2\/pages\/7"}],"collection":[{"href":"http:\/\/www.phi-denim.com\/fr\/wp-json\/wp\/v2\/pages"}],"about":[{"href":"http:\/\/www.phi-denim.com\/fr\/wp-json\/wp\/v2\/types\/page"}],"author":[{"embeddable":true,"href":"http:\/\/www.phi-denim.com\/fr\/wp-json\/wp\/v2\/users\/1"}],"replies":[{"embeddable":true,"href":"http:\/\/www.phi-denim.com\/fr\/wp-json\/wp\/v2\/comments?post=7"}],"version-history":[{"count":181,"href":"http:\/\/www.phi-denim.com\/fr\/wp-json\/wp\/v2\/pages\/7\/revisions"}],"predecessor-version":[{"id":55439,"href":"http:\/\/www.phi-denim.com\/fr\/wp-json\/wp\/v2\/pages\/7\/revisions\/55439"}],"wp:attachment":[{"href":"http:\/\/www.phi-denim.com\/fr\/wp-json\/wp\/v2\/media?parent=7"}],"curies":[{"name":"wp","href":"https:\/\/api.w.org\/{rel}","templated":true}]}}