{"id":112620,"date":"2020-10-23T14:50:47","date_gmt":"2020-10-23T13:50:47","guid":{"rendered":"http:\/\/www.phi-denim.com\/en\/?post_type=product&#038;p=112620"},"modified":"2022-12-27T16:56:30","modified_gmt":"2022-12-27T15:56:30","slug":"phi04_c20","status":"publish","type":"product","link":"http:\/\/www.phi-denim.com\/fr\/product\/phi04_c20\/","title":{"rendered":"PHI04_C20"},"content":{"rendered":"<p>[vc_row type=&#8221;boxed&#8221; css=&#8221;.vc_custom_1475239555787{margin-top: 30px !important;margin-right: 30px !important;margin-bottom: 30px !important;margin-left: 30px !important;}&#8221;][vc_column][vc_column_text]Robuste fil de coton; points de chainettes; utilisation de rivets en cuivre dits invisibles pour renforcer les poches; coutures anglaise \u00e0 l\u2019entrejambe pour une plus grande r\u00e9sistance aux mouvements; fond de poche en serg\u00e9 de coton; braguette utilisant des boutons type donuts en cuivre; tous ces elements r\u00e9pondant \u00e0 l\u2019authenticit\u00e9 requise.<\/p>\n<p>La conception de la poche dos droite combine les technologies du laser et du collage par film. D\u00e9coupe pr\u00e9cise, et assemblage pur, signature unique intemporelle.<\/p>\n<p>Purement et simplement fabriqu\u00e9 \u00e0 la main \u00e0 Okayama\/Japon, chaque jean est sign\u00e9 par ceux qui vous l\u2019on pr\u00e9par\u00e9.<br \/>\n[\/vc_column_text][\/vc_column][\/vc_row]<\/p>","protected":false},"excerpt":{"rendered":"<ul>\n<li>Denim indigo 16oz sandforized de chez Collect, Okayama,<\/li>\n<li>Japon Denim en coton 100% tiss\u00e9 sur une machine vintage Shuttle Loom<\/li>\n<li>Coupe regular<\/li>\n<li>Selvedge coraille et blanc<\/li>\n<li>Braguette: 4 boutons en cuivre<\/li>\n<li>Renfort avec rivets en cuivre<\/li>\n<li>Points de chainettes<\/li>\n<li>Signature du denim s\u00e9rigraphi\u00e9e<\/li>\n<li>Denim num\u00e9rot\u00e9<\/li>\n<\/ul>\n<p><strong>Poche<\/strong><\/p>\n<ul>\n<li>C20: Poche extraite d\u2019un Kimono Cotton \u00e0 motif <strong>Jyuji \u30b8\u30e5\u30a6\u30b8<\/strong> trouv\u00e9 \u00e0 Tokyo<\/li>\n<li>\u00ab Jyuji \u00bb signifie &#8220;la croix&#8221;, ce motif est une repr\u00e9sentation agrandie du kagasuri. Ce motif tr\u00e8s populaire \u00e0 la campagne repr\u00e9sente aussi un moustique.<\/li>\n<li>Doubl\u00e9 pour renfort<\/li>\n<li>Renforc\u00e9e par une bande de denim coup\u00e9e au laser et coll\u00e9e<\/li>\n<\/ul>\n<p><span style=\"font-size: 13px;\">Alexis mesure 1.80m, p\u00e8se 80kg et porte un 32&#215;34.<br \/>\n<\/span><span style=\"font-size: 13px;\">Nous recommandons de choisir votre taille habituelle ou bien une taille en dessous du PHI01 que vous avez l&#8217;habitude de prendre.<\/span><\/p>\n","protected":false},"featured_media":112647,"comment_status":"open","ping_status":"closed","template":"","meta":[],"yoast_head":"<!-- This site is optimized with the Yoast SEO plugin v17.7.1 - https:\/\/yoast.com\/wordpress\/plugins\/seo\/ -->\n<title>PHI04_C20 - phi. denim<\/title>\n<meta name=\"robots\" content=\"index, follow, max-snippet:-1, max-image-preview:large, max-video-preview:-1\" \/>\n<link rel=\"canonical\" href=\"http:\/\/www.phi-denim.com\/ja\/product\/phi04_c20\/\" \/>\n<meta property=\"og:locale\" content=\"fr_FR\" \/>\n<meta property=\"og:type\" content=\"article\" \/>\n<meta property=\"og:title\" content=\"PHI04_C20 - phi. denim\" \/>\n<meta property=\"og:description\" content=\"[:fr]   Denim indigo 16oz sandforized de chez Collect, Okayama,  Japon Denim en coton 100% tiss\u00e9 sur une machine vintage Shuttle Loom  Coupe regular  Selvedge coraille et blanc  Braguette: 4 boutons en cuivre  Renfort avec rivets en cuivre  Points de chainettes  Signature du denim s\u00e9rigraphi\u00e9e  Denim num\u00e9rot\u00e9  Poche   C20: Poche extraite d\u2019un Kimono Cotton \u00e0 motif Jyuji \u30b8\u30e5\u30a6\u30b8 trouv\u00e9 \u00e0 Tokyo  \u00ab Jyuji \u00bb signifie &quot;la croix&quot;, ce motif est une repr\u00e9sentation agrandie du kagasuri. Ce motif tr\u00e8s populaire \u00e0 la campagne repr\u00e9sente aussi un moustique.  Doubl\u00e9 pour renfort  Renforc\u00e9e par une bande de denim coup\u00e9e au laser et coll\u00e9e  Alexis mesure 1.80m, p\u00e8se 80kg et porte un 32x34. Nous recommandons de choisir votre taille habituelle ou bien une taille en dessous du PHI01 que vous avez l&#039;habitude de prendre. [:en]   16oz sanforized indigo denim from COLLECT, Okayama prefecture  100% cotton slub yarns and selvage denim woven by a vintage machine: Shuttle Loom  Regular fit  Light red edge finish  Doubled Kimono pocket for reinforcement  Reinforced with copper rivets  Stitch points  Silk screen signature  Individually numbered denim Kimono pocket reinforced by a band of bonded laser black cotton tape  Pocket   C20: Pocket taken from a coton kimono Jyuji \u30b8\u30e5\u30a6\u30b8 bought in Tokyo  \u00ab Jyuji \u00bb means cross ; this pattern is an enlarged kagasuri, it also represent mosquitos ; this pattern was popular in the countryside.  The mannequin is 1.80m \/ 6.2ft and 80kg and is wearing a 32x34. We recommand to take your usual size or one size under the PHI01 you are used to.   [:ja]   16oz sanforized indigo denim from COLLECT, Okayama prefecture  100% cotton slub yarns and selvage denim woven by a vintage machine: Shuttle Loom  Regular fit  Light red edge finish  Doubled Kimono pocket for reinforcement  Reinforced with copper rivets  Stitch points  Silk screen signature  Individually numbered denim Kimono pocket reinforced by a band of bonded laser black cotton tape  Pocket   C20: Pocket taken from a coton kimono Jyuji \u30b8\u30e5\u30a6\u30b8 bought in Tokyo  \u00ab Jyuji \u00bb means cross ; this pattern is an enlarged kagasuri, it also represent mosquitos ; this pattern was popular in the countryside  The mannequin is 1.80m \/ 6.2ft and 80kg and is wearing a 32x34. We recommand to take your usual size or one size under the PHI01 you are used to.  [:]\" \/>\n<meta property=\"og:url\" content=\"http:\/\/www.phi-denim.com\/ja\/product\/phi04_c20\/\" \/>\n<meta property=\"og:site_name\" content=\"phi. denim\" \/>\n<meta property=\"article:modified_time\" content=\"2022-12-27T15:56:30+00:00\" \/>\n<meta property=\"og:image\" content=\"http:\/\/www.phi-denim.com\/wp-content\/uploads\/2020\/10\/7.jpg\" \/>\n\t<meta property=\"og:image:width\" content=\"1613\" \/>\n\t<meta property=\"og:image:height\" content=\"1075\" \/>\n<meta name=\"twitter:card\" content=\"summary_large_image\" \/>\n<meta name=\"twitter:label1\" content=\"Dur\u00e9e de lecture estim\u00e9e\" \/>\n\t<meta name=\"twitter:data1\" content=\"1 minute\" \/>\n<script type=\"application\/ld+json\" class=\"yoast-schema-graph\">{\"@context\":\"https:\/\/schema.org\",\"@graph\":[{\"@type\":\"WebSite\",\"@id\":\"http:\/\/www.phi-denim.com\/fr\/#website\",\"url\":\"http:\/\/www.phi-denim.com\/fr\/\",\"name\":\"phi. denim\",\"description\":\"The denim collective\",\"potentialAction\":[{\"@type\":\"SearchAction\",\"target\":{\"@type\":\"EntryPoint\",\"urlTemplate\":\"http:\/\/www.phi-denim.com\/fr\/?s={search_term_string}\"},\"query-input\":\"required name=search_term_string\"}],\"inLanguage\":\"fr-FR\"},{\"@type\":\"ImageObject\",\"@id\":\"http:\/\/www.phi-denim.com\/ja\/product\/phi04_c20\/#primaryimage\",\"inLanguage\":\"fr-FR\",\"url\":\"http:\/\/www.phi-denim.com\/wp-content\/uploads\/2020\/10\/7.jpg\",\"contentUrl\":\"http:\/\/www.phi-denim.com\/wp-content\/uploads\/2020\/10\/7.jpg\",\"width\":1613,\"height\":1075},{\"@type\":\"WebPage\",\"@id\":\"http:\/\/www.phi-denim.com\/ja\/product\/phi04_c20\/#webpage\",\"url\":\"http:\/\/www.phi-denim.com\/ja\/product\/phi04_c20\/\",\"name\":\"PHI04_C20 - phi. denim\",\"isPartOf\":{\"@id\":\"http:\/\/www.phi-denim.com\/fr\/#website\"},\"primaryImageOfPage\":{\"@id\":\"http:\/\/www.phi-denim.com\/ja\/product\/phi04_c20\/#primaryimage\"},\"datePublished\":\"2020-10-23T13:50:47+00:00\",\"dateModified\":\"2022-12-27T15:56:30+00:00\",\"breadcrumb\":{\"@id\":\"http:\/\/www.phi-denim.com\/ja\/product\/phi04_c20\/#breadcrumb\"},\"inLanguage\":\"fr-FR\",\"potentialAction\":[{\"@type\":\"ReadAction\",\"target\":[\"http:\/\/www.phi-denim.com\/ja\/product\/phi04_c20\/\"]}]},{\"@type\":\"BreadcrumbList\",\"@id\":\"http:\/\/www.phi-denim.com\/ja\/product\/phi04_c20\/#breadcrumb\",\"itemListElement\":[{\"@type\":\"ListItem\",\"position\":1,\"name\":\"Home\",\"item\":\"http:\/\/www.phi-denim.com\/fr\/\"},{\"@type\":\"ListItem\",\"position\":2,\"name\":\"E-shop\",\"item\":\"http:\/\/www.phi-denim.com\/fr\/shop\/\"},{\"@type\":\"ListItem\",\"position\":3,\"name\":\"PHI04_C20\"}]}]}<\/script>\n<!-- \/ Yoast SEO plugin. -->","yoast_head_json":{"title":"PHI04_C20 - phi. denim","robots":{"index":"index","follow":"follow","max-snippet":"max-snippet:-1","max-image-preview":"max-image-preview:large","max-video-preview":"max-video-preview:-1"},"canonical":"http:\/\/www.phi-denim.com\/ja\/product\/phi04_c20\/","og_locale":"fr_FR","og_type":"article","og_title":"PHI04_C20 - phi. denim","og_description":"[:fr]   Denim indigo 16oz sandforized de chez Collect, Okayama,  Japon Denim en coton 100% tiss\u00e9 sur une machine vintage Shuttle Loom  Coupe regular  Selvedge coraille et blanc  Braguette: 4 boutons en cuivre  Renfort avec rivets en cuivre  Points de chainettes  Signature du denim s\u00e9rigraphi\u00e9e  Denim num\u00e9rot\u00e9  Poche   C20: Poche extraite d\u2019un Kimono Cotton \u00e0 motif Jyuji \u30b8\u30e5\u30a6\u30b8 trouv\u00e9 \u00e0 Tokyo  \u00ab Jyuji \u00bb signifie \"la croix\", ce motif est une repr\u00e9sentation agrandie du kagasuri. Ce motif tr\u00e8s populaire \u00e0 la campagne repr\u00e9sente aussi un moustique.  Doubl\u00e9 pour renfort  Renforc\u00e9e par une bande de denim coup\u00e9e au laser et coll\u00e9e  Alexis mesure 1.80m, p\u00e8se 80kg et porte un 32x34. Nous recommandons de choisir votre taille habituelle ou bien une taille en dessous du PHI01 que vous avez l'habitude de prendre. [:en]   16oz sanforized indigo denim from COLLECT, Okayama prefecture  100% cotton slub yarns and selvage denim woven by a vintage machine: Shuttle Loom  Regular fit  Light red edge finish  Doubled Kimono pocket for reinforcement  Reinforced with copper rivets  Stitch points  Silk screen signature  Individually numbered denim Kimono pocket reinforced by a band of bonded laser black cotton tape  Pocket   C20: Pocket taken from a coton kimono Jyuji \u30b8\u30e5\u30a6\u30b8 bought in Tokyo  \u00ab Jyuji \u00bb means cross ; this pattern is an enlarged kagasuri, it also represent mosquitos ; this pattern was popular in the countryside.  The mannequin is 1.80m \/ 6.2ft and 80kg and is wearing a 32x34. We recommand to take your usual size or one size under the PHI01 you are used to.   [:ja]   16oz sanforized indigo denim from COLLECT, Okayama prefecture  100% cotton slub yarns and selvage denim woven by a vintage machine: Shuttle Loom  Regular fit  Light red edge finish  Doubled Kimono pocket for reinforcement  Reinforced with copper rivets  Stitch points  Silk screen signature  Individually numbered denim Kimono pocket reinforced by a band of bonded laser black cotton tape  Pocket   C20: Pocket taken from a coton kimono Jyuji \u30b8\u30e5\u30a6\u30b8 bought in Tokyo  \u00ab Jyuji \u00bb means cross ; this pattern is an enlarged kagasuri, it also represent mosquitos ; this pattern was popular in the countryside  The mannequin is 1.80m \/ 6.2ft and 80kg and is wearing a 32x34. We recommand to take your usual size or one size under the PHI01 you are used to.  [:]","og_url":"http:\/\/www.phi-denim.com\/ja\/product\/phi04_c20\/","og_site_name":"phi. denim","article_modified_time":"2022-12-27T15:56:30+00:00","og_image":[{"width":1613,"height":1075,"url":"http:\/\/www.phi-denim.com\/wp-content\/uploads\/2020\/10\/7.jpg","type":"image\/jpeg"}],"twitter_card":"summary_large_image","twitter_misc":{"Dur\u00e9e de lecture estim\u00e9e":"1 minute"},"schema":{"@context":"https:\/\/schema.org","@graph":[{"@type":"WebSite","@id":"http:\/\/www.phi-denim.com\/fr\/#website","url":"http:\/\/www.phi-denim.com\/fr\/","name":"phi. denim","description":"The denim collective","potentialAction":[{"@type":"SearchAction","target":{"@type":"EntryPoint","urlTemplate":"http:\/\/www.phi-denim.com\/fr\/?s={search_term_string}"},"query-input":"required name=search_term_string"}],"inLanguage":"fr-FR"},{"@type":"ImageObject","@id":"http:\/\/www.phi-denim.com\/ja\/product\/phi04_c20\/#primaryimage","inLanguage":"fr-FR","url":"http:\/\/www.phi-denim.com\/wp-content\/uploads\/2020\/10\/7.jpg","contentUrl":"http:\/\/www.phi-denim.com\/wp-content\/uploads\/2020\/10\/7.jpg","width":1613,"height":1075},{"@type":"WebPage","@id":"http:\/\/www.phi-denim.com\/ja\/product\/phi04_c20\/#webpage","url":"http:\/\/www.phi-denim.com\/ja\/product\/phi04_c20\/","name":"PHI04_C20 - phi. denim","isPartOf":{"@id":"http:\/\/www.phi-denim.com\/fr\/#website"},"primaryImageOfPage":{"@id":"http:\/\/www.phi-denim.com\/ja\/product\/phi04_c20\/#primaryimage"},"datePublished":"2020-10-23T13:50:47+00:00","dateModified":"2022-12-27T15:56:30+00:00","breadcrumb":{"@id":"http:\/\/www.phi-denim.com\/ja\/product\/phi04_c20\/#breadcrumb"},"inLanguage":"fr-FR","potentialAction":[{"@type":"ReadAction","target":["http:\/\/www.phi-denim.com\/ja\/product\/phi04_c20\/"]}]},{"@type":"BreadcrumbList","@id":"http:\/\/www.phi-denim.com\/ja\/product\/phi04_c20\/#breadcrumb","itemListElement":[{"@type":"ListItem","position":1,"name":"Home","item":"http:\/\/www.phi-denim.com\/fr\/"},{"@type":"ListItem","position":2,"name":"E-shop","item":"http:\/\/www.phi-denim.com\/fr\/shop\/"},{"@type":"ListItem","position":3,"name":"PHI04_C20"}]}]}},"_links":{"self":[{"href":"http:\/\/www.phi-denim.com\/fr\/wp-json\/wp\/v2\/product\/112620"}],"collection":[{"href":"http:\/\/www.phi-denim.com\/fr\/wp-json\/wp\/v2\/product"}],"about":[{"href":"http:\/\/www.phi-denim.com\/fr\/wp-json\/wp\/v2\/types\/product"}],"replies":[{"embeddable":true,"href":"http:\/\/www.phi-denim.com\/fr\/wp-json\/wp\/v2\/comments?post=112620"}],"wp:featuredmedia":[{"embeddable":true,"href":"http:\/\/www.phi-denim.com\/fr\/wp-json\/wp\/v2\/media\/112647"}],"wp:attachment":[{"href":"http:\/\/www.phi-denim.com\/fr\/wp-json\/wp\/v2\/media?parent=112620"}],"curies":[{"name":"wp","href":"https:\/\/api.w.org\/{rel}","templated":true}]}}