{"id":50,"date":"2016-04-08T17:15:08","date_gmt":"2016-04-08T16:15:08","guid":{"rendered":"http:\/\/www.phi-denim.com\/?post_type=product&#038;p=50"},"modified":"2018-05-28T16:34:41","modified_gmt":"2018-05-28T15:34:41","slug":"phi01_s01","status":"publish","type":"product","link":"https:\/\/www.phi-denim.com\/en\/product\/phi01_s01\/","title":{"rendered":"PHI01_S01"},"content":{"rendered":"<p>[vc_row type=&#8221;boxed&#8221; css=&#8221;.vc_custom_1475244152720{margin-top: 30px !important;margin-right: 30px !important;margin-bottom: 30px !important;margin-left: 30px !important;}&#8221;][vc_column][vc_column_text]Rugged cotton yarn; stitch points; using so-called invisible copper rivets to strengthen the pockets; English seams at the crotch for greater resistance against movements; cotton twill button fly, with copper bottons; all these items meet our standard of authenticity.<\/p>\n<p>The design of the back right pocket combines the technologies of laser cutting and bonding film. Precision cuts and pure assembly, ensures a timeless and unique signature style.<\/p>\n<p>Purement and simply hand made in Okayama\/Japan. Each jean is signed by those who made them for you.<br \/>\n[\/vc_column_text][\/vc_column][\/vc_row][vc_row css=&#8221;.vc_custom_1474970383599{margin: 30px !important;}&#8221;][vc_column css=&#8221;.vc_custom_1475244469614{padding-right: 20% !important;padding-left: 20% !important;}&#8221;][vc_masonry_media_grid item=&#8221;mediaGrid_Default&#8221; grid_id=&#8221;vc_gid:1476103157992-0d7db996-763a-0&#8243; include=&#8221;547,200,194,573,193,570,196,229,569,83,571,199,572,574,577&#8243;][\/vc_column][\/vc_row]<\/p>","protected":false},"excerpt":{"rendered":"<ul>\n<li>14oz unsanforized Denim Relaxed<\/li>\n<li>Tapered fit<\/li>\n<li>Red and Black edge finish<\/li>\n<li>Doubled Kimono pocket for reinforcement<\/li>\n<li>Reinforced with copper rivets<\/li>\n<li>Stitch points<\/li>\n<li>Silk screen signature<\/li>\n<li>Individually numbered denim<\/li>\n<li>Limited series to <strong>18 copies<\/strong><\/li>\n<\/ul>\n<p><strong>Pocket<\/strong><\/p>\n<ul>\n<li>Pocket taken from traditional Silk kimonos <strong>Asanoha \u9ebb\u306e\u8449<\/strong><\/li>\n<li>Kimono pocket reinforced by a band of bonded laser cut denim<\/li>\n<\/ul>\n<p>For this model, select one size under your regular one.<\/p>\n","protected":false},"featured_media":851,"comment_status":"open","ping_status":"closed","template":"","meta":[],"yoast_head":"<!-- This site is optimized with the Yoast SEO plugin v17.7.1 - https:\/\/yoast.com\/wordpress\/plugins\/seo\/ -->\n<title>PHI01_S01 - phi. denim<\/title>\n<meta name=\"robots\" content=\"index, follow, max-snippet:-1, max-image-preview:large, max-video-preview:-1\" \/>\n<link rel=\"canonical\" href=\"http:\/\/www.phi-denim.com\/ja\/product\/phi01_s01\/\" \/>\n<meta property=\"og:locale\" content=\"en_US\" \/>\n<meta property=\"og:type\" content=\"article\" \/>\n<meta property=\"og:title\" content=\"PHI01_S01 - phi. denim\" \/>\n<meta property=\"og:description\" content=\"[:fr]   Denim 14 oz\u00a0unsanforized  Coupe relaxed tapered  Selvedge rouge et blanc  Braguette: 4 boutons en cuivre  Renfort avec rivets en cuivre  Points de chainettes  Signature du denim s\u00e9rigraphi\u00e9e  Denim num\u00e9rot\u00e9  Limit\u00e9 \u00e0 18 exemplaires  Poche   Poche extraite d\u2019un Kimono Soie \u00e0 motif Asanoha \u9ebb\u306e\u8449  Renforc\u00e9e par une bande\u00a0de denim coup\u00e9e au laser et coll\u00e9e  Pour ce mod\u00e8le, choisissez une taille en dessous de la normal.  [:en]   14oz unsanforized Denim Relaxed  Tapered fit  Red and Black edge finish  Doubled Kimono pocket for reinforcement  Reinforced with copper rivets  Stitch points  Silk screen signature  Individually numbered denim  Limited series to 18 copies  Pocket   Pocket taken from traditional Silk kimonos Asanoha \u9ebb\u306e\u8449  Kimono pocket reinforced by a band of bonded laser cut denim  For this model, select one size under your regular one.  [:ja]   14\u30aa\u30f3\u30b9 \u751f\u30c7\u30cb\u30e0 \u30ea\u30e9\u30c3\u30af\u30b9  \u30ea\u30e9\u30c3\u30af\u30b9\u3001\u30c6\u30fc\u30d1\u30fc\u30c9\u30d5\u30a3\u30c3\u30c8  \u8d64\u3068\u9ed2\u30df\u30df\u306e\u30bb\u30eb\u30d3\u30c3\u30c1  \u88dc\u5f37\u306e\u305f\u30812\u91cd\u306b\u3057\u305f\u7740\u7269\u751f\u5730  \u88dc\u5f37\u306e\u305f\u3081\u306e\u30b3\u30c3\u30d1\u30fc\u30ea\u30d9\u30c3\u30c8  \u30c1\u30a7\u30fc\u30f3\u30b9\u30c6\u30c3\u30c1  \u30b7\u30ea\u30a2\u30eb\u30ca\u30f3\u30d0\u30fc\u7528\u306e\u30b7\u30eb\u30af\u30b9\u30af\u30ea\u30fc\u30f3\u30d7\u30ea\u30f3\u30c8  \u30b7\u30ea\u30a2\u30eb\u30ca\u30f3\u30d0\u30fc\u5165\u308a  \u30ea\u30df\u30c6\u30a3\u30c3\u30c9\u3000\u30b7\u30ea\u30fc\u30ba\u300018 \u672c  \u30dd\u30b1\u30c3\u30c8   \u30dd\u30b1\u30c3\u30c8\u306b\u306f\u3001\u9ebb\u306e\u8449\u67c4\u306e\u7d79\u7740\u7269\u3092\u4f7f\u7528\u3002  \u30ec\u30fc\u30b6\u30fc\u30ab\u30c3\u30c8\u3057\u305f\u30c7\u30cb\u30e0\u3067\u5727\u7740\u3057\u3001\u88dc\u5f37\u3057\u305f\u7740\u7269\u751f\u5730\u3092\u4f7f\u7528\u3057\u305f\u30dd\u30b1\u30c3\u30c8  [:]\" \/>\n<meta property=\"og:url\" content=\"http:\/\/www.phi-denim.com\/ja\/product\/phi01_s01\/\" \/>\n<meta property=\"og:site_name\" content=\"phi. denim\" \/>\n<meta property=\"article:modified_time\" content=\"2018-05-28T15:34:41+00:00\" \/>\n<meta property=\"og:image\" content=\"http:\/\/www.phi-denim.com\/wp-content\/uploads\/2016\/04\/PHI01_S01-5-scaled.jpg\" \/>\n\t<meta property=\"og:image:width\" content=\"2560\" \/>\n\t<meta property=\"og:image:height\" content=\"1707\" \/>\n<meta name=\"twitter:card\" content=\"summary_large_image\" \/>\n<meta name=\"twitter:label1\" content=\"Est. reading time\" \/>\n\t<meta name=\"twitter:data1\" content=\"1 minute\" \/>\n<script type=\"application\/ld+json\" class=\"yoast-schema-graph\">{\"@context\":\"https:\/\/schema.org\",\"@graph\":[{\"@type\":\"WebSite\",\"@id\":\"https:\/\/www.phi-denim.com\/ja\/#website\",\"url\":\"https:\/\/www.phi-denim.com\/ja\/\",\"name\":\"phi. denim\",\"description\":\"The denim collective\",\"potentialAction\":[{\"@type\":\"SearchAction\",\"target\":{\"@type\":\"EntryPoint\",\"urlTemplate\":\"https:\/\/www.phi-denim.com\/ja\/?s={search_term_string}\"},\"query-input\":\"required name=search_term_string\"}],\"inLanguage\":\"en-US\"},{\"@type\":\"ImageObject\",\"@id\":\"http:\/\/www.phi-denim.com\/ja\/product\/phi01_s01\/#primaryimage\",\"inLanguage\":\"en-US\",\"url\":\"https:\/\/www.phi-denim.com\/wp-content\/uploads\/2016\/04\/PHI01_S01-5-scaled.jpg\",\"contentUrl\":\"https:\/\/www.phi-denim.com\/wp-content\/uploads\/2016\/04\/PHI01_S01-5-scaled.jpg\",\"width\":2560,\"height\":1707},{\"@type\":\"WebPage\",\"@id\":\"http:\/\/www.phi-denim.com\/ja\/product\/phi01_s01\/#webpage\",\"url\":\"http:\/\/www.phi-denim.com\/ja\/product\/phi01_s01\/\",\"name\":\"PHI01_S01 - phi. denim\",\"isPartOf\":{\"@id\":\"https:\/\/www.phi-denim.com\/ja\/#website\"},\"primaryImageOfPage\":{\"@id\":\"http:\/\/www.phi-denim.com\/ja\/product\/phi01_s01\/#primaryimage\"},\"datePublished\":\"2016-04-08T16:15:08+00:00\",\"dateModified\":\"2018-05-28T15:34:41+00:00\",\"breadcrumb\":{\"@id\":\"http:\/\/www.phi-denim.com\/ja\/product\/phi01_s01\/#breadcrumb\"},\"inLanguage\":\"en-US\",\"potentialAction\":[{\"@type\":\"ReadAction\",\"target\":[\"http:\/\/www.phi-denim.com\/ja\/product\/phi01_s01\/\"]}]},{\"@type\":\"BreadcrumbList\",\"@id\":\"http:\/\/www.phi-denim.com\/ja\/product\/phi01_s01\/#breadcrumb\",\"itemListElement\":[{\"@type\":\"ListItem\",\"position\":1,\"name\":\"Home\",\"item\":\"https:\/\/www.phi-denim.com\/ja\/\"},{\"@type\":\"ListItem\",\"position\":2,\"name\":\"E-shop\",\"item\":\"https:\/\/www.phi-denim.com\/fr\/shop\/\"},{\"@type\":\"ListItem\",\"position\":3,\"name\":\"PHI01_S01\"}]}]}<\/script>\n<!-- \/ Yoast SEO plugin. -->","yoast_head_json":{"title":"PHI01_S01 - phi. denim","robots":{"index":"index","follow":"follow","max-snippet":"max-snippet:-1","max-image-preview":"max-image-preview:large","max-video-preview":"max-video-preview:-1"},"canonical":"http:\/\/www.phi-denim.com\/ja\/product\/phi01_s01\/","og_locale":"en_US","og_type":"article","og_title":"PHI01_S01 - phi. denim","og_description":"[:fr]   Denim 14 oz\u00a0unsanforized  Coupe relaxed tapered  Selvedge rouge et blanc  Braguette: 4 boutons en cuivre  Renfort avec rivets en cuivre  Points de chainettes  Signature du denim s\u00e9rigraphi\u00e9e  Denim num\u00e9rot\u00e9  Limit\u00e9 \u00e0 18 exemplaires  Poche   Poche extraite d\u2019un Kimono Soie \u00e0 motif Asanoha \u9ebb\u306e\u8449  Renforc\u00e9e par une bande\u00a0de denim coup\u00e9e au laser et coll\u00e9e  Pour ce mod\u00e8le, choisissez une taille en dessous de la normal.  [:en]   14oz unsanforized Denim Relaxed  Tapered fit  Red and Black edge finish  Doubled Kimono pocket for reinforcement  Reinforced with copper rivets  Stitch points  Silk screen signature  Individually numbered denim  Limited series to 18 copies  Pocket   Pocket taken from traditional Silk kimonos Asanoha \u9ebb\u306e\u8449  Kimono pocket reinforced by a band of bonded laser cut denim  For this model, select one size under your regular one.  [:ja]   14\u30aa\u30f3\u30b9 \u751f\u30c7\u30cb\u30e0 \u30ea\u30e9\u30c3\u30af\u30b9  \u30ea\u30e9\u30c3\u30af\u30b9\u3001\u30c6\u30fc\u30d1\u30fc\u30c9\u30d5\u30a3\u30c3\u30c8  \u8d64\u3068\u9ed2\u30df\u30df\u306e\u30bb\u30eb\u30d3\u30c3\u30c1  \u88dc\u5f37\u306e\u305f\u30812\u91cd\u306b\u3057\u305f\u7740\u7269\u751f\u5730  \u88dc\u5f37\u306e\u305f\u3081\u306e\u30b3\u30c3\u30d1\u30fc\u30ea\u30d9\u30c3\u30c8  \u30c1\u30a7\u30fc\u30f3\u30b9\u30c6\u30c3\u30c1  \u30b7\u30ea\u30a2\u30eb\u30ca\u30f3\u30d0\u30fc\u7528\u306e\u30b7\u30eb\u30af\u30b9\u30af\u30ea\u30fc\u30f3\u30d7\u30ea\u30f3\u30c8  \u30b7\u30ea\u30a2\u30eb\u30ca\u30f3\u30d0\u30fc\u5165\u308a  \u30ea\u30df\u30c6\u30a3\u30c3\u30c9\u3000\u30b7\u30ea\u30fc\u30ba\u300018 \u672c  \u30dd\u30b1\u30c3\u30c8   \u30dd\u30b1\u30c3\u30c8\u306b\u306f\u3001\u9ebb\u306e\u8449\u67c4\u306e\u7d79\u7740\u7269\u3092\u4f7f\u7528\u3002  \u30ec\u30fc\u30b6\u30fc\u30ab\u30c3\u30c8\u3057\u305f\u30c7\u30cb\u30e0\u3067\u5727\u7740\u3057\u3001\u88dc\u5f37\u3057\u305f\u7740\u7269\u751f\u5730\u3092\u4f7f\u7528\u3057\u305f\u30dd\u30b1\u30c3\u30c8  [:]","og_url":"http:\/\/www.phi-denim.com\/ja\/product\/phi01_s01\/","og_site_name":"phi. denim","article_modified_time":"2018-05-28T15:34:41+00:00","og_image":[{"width":2560,"height":1707,"url":"http:\/\/www.phi-denim.com\/wp-content\/uploads\/2016\/04\/PHI01_S01-5-scaled.jpg","type":"image\/jpeg"}],"twitter_card":"summary_large_image","twitter_misc":{"Est. reading time":"1 minute"},"schema":{"@context":"https:\/\/schema.org","@graph":[{"@type":"WebSite","@id":"https:\/\/www.phi-denim.com\/ja\/#website","url":"https:\/\/www.phi-denim.com\/ja\/","name":"phi. denim","description":"The denim collective","potentialAction":[{"@type":"SearchAction","target":{"@type":"EntryPoint","urlTemplate":"https:\/\/www.phi-denim.com\/ja\/?s={search_term_string}"},"query-input":"required name=search_term_string"}],"inLanguage":"en-US"},{"@type":"ImageObject","@id":"http:\/\/www.phi-denim.com\/ja\/product\/phi01_s01\/#primaryimage","inLanguage":"en-US","url":"https:\/\/www.phi-denim.com\/wp-content\/uploads\/2016\/04\/PHI01_S01-5-scaled.jpg","contentUrl":"https:\/\/www.phi-denim.com\/wp-content\/uploads\/2016\/04\/PHI01_S01-5-scaled.jpg","width":2560,"height":1707},{"@type":"WebPage","@id":"http:\/\/www.phi-denim.com\/ja\/product\/phi01_s01\/#webpage","url":"http:\/\/www.phi-denim.com\/ja\/product\/phi01_s01\/","name":"PHI01_S01 - phi. denim","isPartOf":{"@id":"https:\/\/www.phi-denim.com\/ja\/#website"},"primaryImageOfPage":{"@id":"http:\/\/www.phi-denim.com\/ja\/product\/phi01_s01\/#primaryimage"},"datePublished":"2016-04-08T16:15:08+00:00","dateModified":"2018-05-28T15:34:41+00:00","breadcrumb":{"@id":"http:\/\/www.phi-denim.com\/ja\/product\/phi01_s01\/#breadcrumb"},"inLanguage":"en-US","potentialAction":[{"@type":"ReadAction","target":["http:\/\/www.phi-denim.com\/ja\/product\/phi01_s01\/"]}]},{"@type":"BreadcrumbList","@id":"http:\/\/www.phi-denim.com\/ja\/product\/phi01_s01\/#breadcrumb","itemListElement":[{"@type":"ListItem","position":1,"name":"Home","item":"https:\/\/www.phi-denim.com\/ja\/"},{"@type":"ListItem","position":2,"name":"E-shop","item":"https:\/\/www.phi-denim.com\/fr\/shop\/"},{"@type":"ListItem","position":3,"name":"PHI01_S01"}]}]}},"_links":{"self":[{"href":"https:\/\/www.phi-denim.com\/en\/wp-json\/wp\/v2\/product\/50"}],"collection":[{"href":"https:\/\/www.phi-denim.com\/en\/wp-json\/wp\/v2\/product"}],"about":[{"href":"https:\/\/www.phi-denim.com\/en\/wp-json\/wp\/v2\/types\/product"}],"replies":[{"embeddable":true,"href":"https:\/\/www.phi-denim.com\/en\/wp-json\/wp\/v2\/comments?post=50"}],"wp:featuredmedia":[{"embeddable":true,"href":"https:\/\/www.phi-denim.com\/en\/wp-json\/wp\/v2\/media\/851"}],"wp:attachment":[{"href":"https:\/\/www.phi-denim.com\/en\/wp-json\/wp\/v2\/media?parent=50"}],"curies":[{"name":"wp","href":"https:\/\/api.w.org\/{rel}","templated":true}]}}