{"id":853,"date":"2016-11-15T14:03:00","date_gmt":"2016-11-15T13:03:00","guid":{"rendered":"http:\/\/www.phi-denim.com\/fr\/produit\/phi01_c07\/"},"modified":"2018-05-28T16:33:29","modified_gmt":"2018-05-28T15:33:29","slug":"phi01_c08","status":"publish","type":"product","link":"https:\/\/www.phi-denim.com\/en\/product\/phi01_c08\/","title":{"rendered":"PHI01_C08"},"content":{"rendered":"<p>[vc_row type=&#8221;boxed&#8221; css=&#8221;.vc_custom_1475239555787{margin-top: 30px !important;margin-right: 30px !important;margin-bottom: 30px !important;margin-left: 30px !important;}&#8221;][vc_column][vc_column_text]Rugged cotton yarn; stitch points; using so-called invisible copper rivets to strengthen the pockets; English seams at the crotch for greater resistance against movements; cotton twill button fly, with copper bottons; all these items meet our standard of authenticity.<\/p>\n<p>The design of the back right pocket combines the technologies of laser cutting and bonding film. Precision cuts and pure assembly, ensures a timeless and unique signature style.<\/p>\n<p>Purement and simply hand made in Okayama\/Japan. Each jean is signed by those who made them for you.<br \/>\n[\/vc_column_text][\/vc_column][\/vc_row][vc_row css=&#8221;.vc_custom_1475239569496{margin-top: 30px !important;margin-right: 30px !important;margin-bottom: 30px !important;margin-left: 30px !important;}&#8221;][vc_column css=&#8221;.vc_custom_1475239579496{padding-right: 20% !important;padding-left: 20% !important;}&#8221;][vc_media_grid grid_id=&#8221;vc_gid:1479225032632-b9f7b57f-dedc-2&#8243; include=&#8221;865,874,878,880,877,876,875,879&#8243;][\/vc_column][\/vc_row]<\/p>","protected":false},"excerpt":{"rendered":"<ul>\n<li>14oz unsanforized Denim Relaxed<\/li>\n<li>Tapered fit<\/li>\n<li>Red and Black edge finish<\/li>\n<li>Doubled Kimono pocket for reinforcement<\/li>\n<li>Reinforced with copper rivets<\/li>\n<li>Stitch points<\/li>\n<li>Silk screen signature<\/li>\n<li>Individually numbered denim<\/li>\n<li>Limited series to <strong>22 copies<\/strong><\/li>\n<\/ul>\n<p><strong>Pocket<\/strong><\/p>\n<ul>\n<li>Pocket taken from traditional Cotton kimonos <strong>Jyuji Kasuri \u30b8\u30e5\u30a6\u30b8\u30ac\u30b9\u30ea<\/strong><\/li>\n<li>Doubled Kimono pocket for reinforcement<\/li>\n<li>Kimono pocket reinforced by a band of bonded laser cut denim<\/li>\n<\/ul>\n<p><span style=\"font-size: 13px;\">The mannequin is 1.80 m \/ 5.9 ft and wear a 31&#215;34<\/span><\/p>\n","protected":false},"featured_media":861,"comment_status":"open","ping_status":"closed","template":"","meta":[],"yoast_head":"<!-- This site is optimized with the Yoast SEO plugin v17.7.1 - https:\/\/yoast.com\/wordpress\/plugins\/seo\/ -->\n<title>PHI01_C08 - phi. denim<\/title>\n<meta name=\"robots\" content=\"index, follow, max-snippet:-1, max-image-preview:large, max-video-preview:-1\" \/>\n<link rel=\"canonical\" href=\"http:\/\/www.phi-denim.com\/en\/product\/phi01_c08\/\" \/>\n<meta property=\"og:locale\" content=\"en_US\" \/>\n<meta property=\"og:type\" content=\"article\" \/>\n<meta property=\"og:title\" content=\"PHI01_C08 - phi. denim\" \/>\n<meta property=\"og:description\" content=\"[:fr]   Denim 14 oz\u00a0unsanforized  Coupe relaxed tapered  Selvedge rouge et blanc  Braguette: 4 boutons en cuivre  Renfort avec rivets en cuivre  Points de chainettes  Signature du denim s\u00e9rigraphi\u00e9e  Denim num\u00e9rot\u00e9  Limit\u00e9 \u00e0 22 exemplaires  Poche   Poche extraite d\u2019un Kimono Cotton \u00e0 motif\u00a0Jyuji Kasuri \u30b8\u30e5\u30a6\u30b8\u30ac\u30b9\u30ea  Tissage minimaliste avec effet pointilliste  Doubl\u00e9 pour renfort  Renforc\u00e9e par une bande\u00a0de denim coup\u00e9e au laser et coll\u00e9e  Le mannequin mesure 1.80 et porte un 31x34 [:en]   14oz unsanforized Denim Relaxed  Tapered fit  Red and Black edge finish  Doubled Kimono pocket for reinforcement  Reinforced with copper rivets  Stitch points  Silk screen signature  Individually numbered denim  Limited series to 22 copies  Pocket   Pocket taken from traditional Cotton kimonos Jyuji Kasuri \u30b8\u30e5\u30a6\u30b8\u30ac\u30b9\u30ea  Doubled Kimono pocket for reinforcement  Kimono pocket reinforced by a band of bonded laser cut denim  The mannequin is 1.80 m \/ 5.9 ft and wear a 31x34 [:ja]   14\u30aa\u30f3\u30b9 \u751f\u30c7\u30cb\u30e0 \u30ea\u30e9\u30c3\u30af\u30b9  \u30ea\u30e9\u30c3\u30af\u30b9\u3001\u30c6\u30fc\u30d1\u30fc\u30c9\u30d5\u30a3\u30c3\u30c8  \u8d64\u3068\u9ed2\u30df\u30df\u306e\u30bb\u30eb\u30d3\u30c3\u30c1  \u88dc\u5f37\u306e\u305f\u30812\u91cd\u306b\u3057\u305f\u7740\u7269\u751f\u5730  \u88dc\u5f37\u306e\u305f\u3081\u306e\u30b3\u30c3\u30d1\u30fc\u30ea\u30d9\u30c3\u30c8  \u30c1\u30a7\u30fc\u30f3\u30b9\u30c6\u30c3\u30c1  \u30b7\u30ea\u30a2\u30eb\u30ca\u30f3\u30d0\u30fc\u7528\u306e\u30b7\u30eb\u30af\u30b9\u30af\u30ea\u30fc\u30f3\u30d7\u30ea\u30f3\u30c8  \u30b7\u30ea\u30a2\u30eb\u30ca\u30f3\u30d0\u30fc\u5165\u308a  \u30ea\u30df\u30c6\u30a3\u30c3\u30c9\u3000\u30b7\u30ea\u30fc\u30ba22 \u672c  \u30dd\u30b1\u30c3\u30c8   \u7dbf\u7740\u7269\u3092\u4f7f\u7528\u3057\u305f\u30dd\u30b1\u30c3\u30c8  \u868a\u7d63  2\u91cd\u306b\u3057\u3001\u88dc\u5f37\u3057\u305f\u7740\u7269\u751f\u5730  \u30ec\u30fc\u30b6\u30fc\u30ab\u30c3\u30c8\u3057\u305f\u30c7\u30cb\u30e0\u3067\u5727\u7740\u3057\u3001\u88dc\u5f37\u3057\u305f\u7740\u7269\u751f\u5730\u3092\u4f7f\u7528\u3057\u305f\u30dd\u30b1\u30c3\u30c8  [:]\" \/>\n<meta property=\"og:url\" content=\"http:\/\/www.phi-denim.com\/en\/product\/phi01_c08\/\" \/>\n<meta property=\"og:site_name\" content=\"phi. denim\" \/>\n<meta property=\"article:modified_time\" content=\"2018-05-28T15:33:29+00:00\" \/>\n<meta property=\"og:image\" content=\"http:\/\/www.phi-denim.com\/wp-content\/uploads\/2016\/11\/PHI01_C08-4-scaled.jpg\" \/>\n\t<meta property=\"og:image:width\" content=\"2560\" \/>\n\t<meta property=\"og:image:height\" content=\"1707\" \/>\n<meta name=\"twitter:card\" content=\"summary_large_image\" \/>\n<meta name=\"twitter:label1\" content=\"Est. reading time\" \/>\n\t<meta name=\"twitter:data1\" content=\"1 minute\" \/>\n<script type=\"application\/ld+json\" class=\"yoast-schema-graph\">{\"@context\":\"https:\/\/schema.org\",\"@graph\":[{\"@type\":\"WebSite\",\"@id\":\"http:\/\/www.phi-denim.com\/ja\/#website\",\"url\":\"http:\/\/www.phi-denim.com\/ja\/\",\"name\":\"phi. denim\",\"description\":\"The denim collective\",\"potentialAction\":[{\"@type\":\"SearchAction\",\"target\":{\"@type\":\"EntryPoint\",\"urlTemplate\":\"http:\/\/www.phi-denim.com\/ja\/?s={search_term_string}\"},\"query-input\":\"required name=search_term_string\"}],\"inLanguage\":\"en-US\"},{\"@type\":\"ImageObject\",\"@id\":\"http:\/\/www.phi-denim.com\/en\/product\/phi01_c08\/#primaryimage\",\"inLanguage\":\"en-US\",\"url\":\"https:\/\/www.phi-denim.com\/wp-content\/uploads\/2016\/11\/PHI01_C08-4-scaled.jpg\",\"contentUrl\":\"https:\/\/www.phi-denim.com\/wp-content\/uploads\/2016\/11\/PHI01_C08-4-scaled.jpg\",\"width\":2560,\"height\":1707},{\"@type\":\"WebPage\",\"@id\":\"http:\/\/www.phi-denim.com\/en\/product\/phi01_c08\/#webpage\",\"url\":\"http:\/\/www.phi-denim.com\/en\/product\/phi01_c08\/\",\"name\":\"PHI01_C08 - phi. denim\",\"isPartOf\":{\"@id\":\"http:\/\/www.phi-denim.com\/ja\/#website\"},\"primaryImageOfPage\":{\"@id\":\"http:\/\/www.phi-denim.com\/en\/product\/phi01_c08\/#primaryimage\"},\"datePublished\":\"2016-11-15T13:03:00+00:00\",\"dateModified\":\"2018-05-28T15:33:29+00:00\",\"breadcrumb\":{\"@id\":\"http:\/\/www.phi-denim.com\/en\/product\/phi01_c08\/#breadcrumb\"},\"inLanguage\":\"en-US\",\"potentialAction\":[{\"@type\":\"ReadAction\",\"target\":[\"http:\/\/www.phi-denim.com\/en\/product\/phi01_c08\/\"]}]},{\"@type\":\"BreadcrumbList\",\"@id\":\"http:\/\/www.phi-denim.com\/en\/product\/phi01_c08\/#breadcrumb\",\"itemListElement\":[{\"@type\":\"ListItem\",\"position\":1,\"name\":\"Home\",\"item\":\"https:\/\/www.phi-denim.com\/fr\/\"},{\"@type\":\"ListItem\",\"position\":2,\"name\":\"E-shop\",\"item\":\"https:\/\/www.phi-denim.com\/fr\/shop\/\"},{\"@type\":\"ListItem\",\"position\":3,\"name\":\"PHI01_C08\"}]}]}<\/script>\n<!-- \/ Yoast SEO plugin. -->","yoast_head_json":{"title":"PHI01_C08 - phi. denim","robots":{"index":"index","follow":"follow","max-snippet":"max-snippet:-1","max-image-preview":"max-image-preview:large","max-video-preview":"max-video-preview:-1"},"canonical":"http:\/\/www.phi-denim.com\/en\/product\/phi01_c08\/","og_locale":"en_US","og_type":"article","og_title":"PHI01_C08 - phi. denim","og_description":"[:fr]   Denim 14 oz\u00a0unsanforized  Coupe relaxed tapered  Selvedge rouge et blanc  Braguette: 4 boutons en cuivre  Renfort avec rivets en cuivre  Points de chainettes  Signature du denim s\u00e9rigraphi\u00e9e  Denim num\u00e9rot\u00e9  Limit\u00e9 \u00e0 22 exemplaires  Poche   Poche extraite d\u2019un Kimono Cotton \u00e0 motif\u00a0Jyuji Kasuri \u30b8\u30e5\u30a6\u30b8\u30ac\u30b9\u30ea  Tissage minimaliste avec effet pointilliste  Doubl\u00e9 pour renfort  Renforc\u00e9e par une bande\u00a0de denim coup\u00e9e au laser et coll\u00e9e  Le mannequin mesure 1.80 et porte un 31x34 [:en]   14oz unsanforized Denim Relaxed  Tapered fit  Red and Black edge finish  Doubled Kimono pocket for reinforcement  Reinforced with copper rivets  Stitch points  Silk screen signature  Individually numbered denim  Limited series to 22 copies  Pocket   Pocket taken from traditional Cotton kimonos Jyuji Kasuri \u30b8\u30e5\u30a6\u30b8\u30ac\u30b9\u30ea  Doubled Kimono pocket for reinforcement  Kimono pocket reinforced by a band of bonded laser cut denim  The mannequin is 1.80 m \/ 5.9 ft and wear a 31x34 [:ja]   14\u30aa\u30f3\u30b9 \u751f\u30c7\u30cb\u30e0 \u30ea\u30e9\u30c3\u30af\u30b9  \u30ea\u30e9\u30c3\u30af\u30b9\u3001\u30c6\u30fc\u30d1\u30fc\u30c9\u30d5\u30a3\u30c3\u30c8  \u8d64\u3068\u9ed2\u30df\u30df\u306e\u30bb\u30eb\u30d3\u30c3\u30c1  \u88dc\u5f37\u306e\u305f\u30812\u91cd\u306b\u3057\u305f\u7740\u7269\u751f\u5730  \u88dc\u5f37\u306e\u305f\u3081\u306e\u30b3\u30c3\u30d1\u30fc\u30ea\u30d9\u30c3\u30c8  \u30c1\u30a7\u30fc\u30f3\u30b9\u30c6\u30c3\u30c1  \u30b7\u30ea\u30a2\u30eb\u30ca\u30f3\u30d0\u30fc\u7528\u306e\u30b7\u30eb\u30af\u30b9\u30af\u30ea\u30fc\u30f3\u30d7\u30ea\u30f3\u30c8  \u30b7\u30ea\u30a2\u30eb\u30ca\u30f3\u30d0\u30fc\u5165\u308a  \u30ea\u30df\u30c6\u30a3\u30c3\u30c9\u3000\u30b7\u30ea\u30fc\u30ba22 \u672c  \u30dd\u30b1\u30c3\u30c8   \u7dbf\u7740\u7269\u3092\u4f7f\u7528\u3057\u305f\u30dd\u30b1\u30c3\u30c8  \u868a\u7d63  2\u91cd\u306b\u3057\u3001\u88dc\u5f37\u3057\u305f\u7740\u7269\u751f\u5730  \u30ec\u30fc\u30b6\u30fc\u30ab\u30c3\u30c8\u3057\u305f\u30c7\u30cb\u30e0\u3067\u5727\u7740\u3057\u3001\u88dc\u5f37\u3057\u305f\u7740\u7269\u751f\u5730\u3092\u4f7f\u7528\u3057\u305f\u30dd\u30b1\u30c3\u30c8  [:]","og_url":"http:\/\/www.phi-denim.com\/en\/product\/phi01_c08\/","og_site_name":"phi. denim","article_modified_time":"2018-05-28T15:33:29+00:00","og_image":[{"width":2560,"height":1707,"url":"http:\/\/www.phi-denim.com\/wp-content\/uploads\/2016\/11\/PHI01_C08-4-scaled.jpg","type":"image\/jpeg"}],"twitter_card":"summary_large_image","twitter_misc":{"Est. reading time":"1 minute"},"schema":{"@context":"https:\/\/schema.org","@graph":[{"@type":"WebSite","@id":"http:\/\/www.phi-denim.com\/ja\/#website","url":"http:\/\/www.phi-denim.com\/ja\/","name":"phi. denim","description":"The denim collective","potentialAction":[{"@type":"SearchAction","target":{"@type":"EntryPoint","urlTemplate":"http:\/\/www.phi-denim.com\/ja\/?s={search_term_string}"},"query-input":"required name=search_term_string"}],"inLanguage":"en-US"},{"@type":"ImageObject","@id":"http:\/\/www.phi-denim.com\/en\/product\/phi01_c08\/#primaryimage","inLanguage":"en-US","url":"https:\/\/www.phi-denim.com\/wp-content\/uploads\/2016\/11\/PHI01_C08-4-scaled.jpg","contentUrl":"https:\/\/www.phi-denim.com\/wp-content\/uploads\/2016\/11\/PHI01_C08-4-scaled.jpg","width":2560,"height":1707},{"@type":"WebPage","@id":"http:\/\/www.phi-denim.com\/en\/product\/phi01_c08\/#webpage","url":"http:\/\/www.phi-denim.com\/en\/product\/phi01_c08\/","name":"PHI01_C08 - phi. denim","isPartOf":{"@id":"http:\/\/www.phi-denim.com\/ja\/#website"},"primaryImageOfPage":{"@id":"http:\/\/www.phi-denim.com\/en\/product\/phi01_c08\/#primaryimage"},"datePublished":"2016-11-15T13:03:00+00:00","dateModified":"2018-05-28T15:33:29+00:00","breadcrumb":{"@id":"http:\/\/www.phi-denim.com\/en\/product\/phi01_c08\/#breadcrumb"},"inLanguage":"en-US","potentialAction":[{"@type":"ReadAction","target":["http:\/\/www.phi-denim.com\/en\/product\/phi01_c08\/"]}]},{"@type":"BreadcrumbList","@id":"http:\/\/www.phi-denim.com\/en\/product\/phi01_c08\/#breadcrumb","itemListElement":[{"@type":"ListItem","position":1,"name":"Home","item":"https:\/\/www.phi-denim.com\/fr\/"},{"@type":"ListItem","position":2,"name":"E-shop","item":"https:\/\/www.phi-denim.com\/fr\/shop\/"},{"@type":"ListItem","position":3,"name":"PHI01_C08"}]}]}},"_links":{"self":[{"href":"https:\/\/www.phi-denim.com\/en\/wp-json\/wp\/v2\/product\/853"}],"collection":[{"href":"https:\/\/www.phi-denim.com\/en\/wp-json\/wp\/v2\/product"}],"about":[{"href":"https:\/\/www.phi-denim.com\/en\/wp-json\/wp\/v2\/types\/product"}],"replies":[{"embeddable":true,"href":"https:\/\/www.phi-denim.com\/en\/wp-json\/wp\/v2\/comments?post=853"}],"wp:featuredmedia":[{"embeddable":true,"href":"https:\/\/www.phi-denim.com\/en\/wp-json\/wp\/v2\/media\/861"}],"wp:attachment":[{"href":"https:\/\/www.phi-denim.com\/en\/wp-json\/wp\/v2\/media?parent=853"}],"curies":[{"name":"wp","href":"https:\/\/api.w.org\/{rel}","templated":true}]}}