{"id":68442,"date":"2020-02-04T11:21:00","date_gmt":"2020-02-04T10:21:00","guid":{"rendered":"http:\/\/www.phi-denim.com\/en\/?page_id=68442"},"modified":"2020-02-18T17:26:26","modified_gmt":"2020-02-18T16:26:26","slug":"reparation","status":"publish","type":"page","link":"https:\/\/www.phi-denim.com\/fr\/repair\/","title":{"rendered":"R\u00e9paration"},"content":{"rendered":"<p>[vc_row][vc_column][vc_column_text]<\/p>\n<p><span style=\"text-align: center;\">Premi\u00e8re chose \u00e0 savoir : vous devez d\u00e9finir la partie de votre denim qui est abim\u00e9e.<\/span><\/p>\n<p>[\/vc_column_text][vc_single_image image=&#8221;70977&#8243; img_size=&#8221;large&#8221; alignment=&#8221;center&#8221;][\/vc_column][\/vc_row][vc_row][vc_column][vc_column_text]<\/p>\n<h2>1 &#8211; D\u00e9chirure du Denim<\/h2>\n<p>[\/vc_column_text][\/vc_column][\/vc_row][vc_row][vc_column][vc_column_text]<\/p>\n<p>Nous fabriquons au Japon des denims qualitatifs, durables et intemporels. Ces pi\u00e8ces de workwear sont robustes mais ne sont pas invuln\u00e9rables. Le denim est soumis \u00e0 des fortements m\u00e9caniques; au fil des mois et des ann\u00e9es, il va se patiner, s\u2019user, se percer ou se d\u00e9chirer mais il ne va jamais mourir.<\/p>\n<p>Ne le jetez pas, r\u00e9parez-le!<\/p>\n<p>Nous travaillons avec des <strong>sp\u00e9cialistes du denim<\/strong> qui peuvent r\u00e9parer votre jeans et lui donner une nouvelle vie.<\/p>\n<p>[\/vc_column_text][\/vc_column][\/vc_row][vc_row equal_height=&#8221;yes&#8221; content_placement=&#8221;middle&#8221;][vc_column width=&#8221;1\/2&#8243;][vc_row_inner][vc_column_inner width=&#8221;1\/4&#8243;][vc_single_image image=&#8221;68447&#8243; img_size=&#8221;150&#215;149&#8243; alignment=&#8221;center&#8221;][\/vc_column_inner][vc_column_inner width=&#8221;3\/4&#8243;][vc_column_text]<\/p>\n<p><strong>SUPERSTICH<\/strong> \u2013 Paris, France<br \/>\n11 rue Parent de Rosnan 75016, Paris<br \/>\n<a href=\"http:\/\/www.superstitch.paris\">www.superstitch.paris<\/a><br \/>\n<a href=\"http:\/\/www.instagram.com\/superstitchparis\/\">www.instagram.com\/superstitchparis\/<\/a><\/p>\n<p>[\/vc_column_text][\/vc_column_inner][\/vc_row_inner][\/vc_column][vc_column width=&#8221;1\/2&#8243;][vc_row_inner][vc_column_inner width=&#8221;1\/4&#8243;][vc_single_image image=&#8221;68454&#8243; img_size=&#8221;150&#215;149&#8243; alignment=&#8221;center&#8221;][\/vc_column_inner][vc_column_inner width=&#8221;3\/4&#8243;][vc_column_text]<\/p>\n<p><strong>SAHSIKODENIM<\/strong> \u2013 Haarlem, Netherlands<br \/>\n<a href=\"http:\/\/www.sashikodenim.com\">www.sashikodenim.com<\/a><br \/>\n<a href=\"http:\/\/www.instagram.com\/sashikodenim\/\">www.instagram.com\/sashikodenim\/<\/a><\/p>\n<p>[\/vc_column_text][\/vc_column_inner][\/vc_row_inner][\/vc_column][\/vc_row][vc_row css=&#8221;.vc_custom_1580825083457{padding-top: 30px !important;}&#8221;][vc_column][vc_column_text]<\/p>\n<h2>2 &#8211; S&#8217;il s&#8217;agit du &#8220;tape&#8221; et de la poche en kimono<\/h2>\n<p>[\/vc_column_text][\/vc_column][\/vc_row][vc_row][vc_column][vc_column_text]<\/p>\n<p>La plupart de nos denims sont mont\u00e9s avec une poche en kimono. Ces kimonos plus ou moins antiques et sont charg\u00e9s d\u2019histoire mais ils sont aussi de seconde main et fabriqu\u00e9s de fa\u00e7on artisanale en coton, en soie ou en chanvre. Cette partie de nos jeans est plus fragile que le reste du denim et pourrait se patiner ou se d\u00e9chirer plus rapidement que la mati\u00e8re principale en denim.<br \/>\nLe cas \u00e9ch\u00e9ant, nous pouvons r\u00e9parer votre poche ou bien la changer int\u00e9gralement avec un nouveau kimono de notre s\u00e9lection et donner une seconde vie ainsi qu\u2019une nouvelle histoire \u00e0 votre denim.<br \/>\n<\/p>\n<p>Ne le jetez pas, r\u00e9parez-le !<\/p>\n<p>[\/vc_column_text][\/vc_column][\/vc_row][vc_row equal_height=&#8221;yes&#8221; content_placement=&#8221;middle&#8221;][vc_column width=&#8221;1\/2&#8243;][vc_row_inner][vc_column_inner width=&#8221;1\/4&#8243;][vc_single_image image=&#8221;68482&#8243; img_size=&#8221;150&#215;149&#8243; alignment=&#8221;center&#8221;][\/vc_column_inner][vc_column_inner width=&#8221;3\/4&#8243;][vc_column_text]<\/p>\n<p><strong>PHI. DENIM<\/strong> \u2013 Lyon, France<br \/>\nContactez nous en remplissant le formulaire de r\u00e9paration<\/p>\n<p>[\/vc_column_text][\/vc_column_inner][\/vc_row_inner][\/vc_column][vc_column width=&#8221;1\/2&#8243;][\/vc_column][\/vc_row][vc_row][vc_column][vc_column_text]<\/p>\n<h3>Voici notre process de r\u00e9paration :<\/h3>\n<p><i>Merci de laver votre denim avant de nous l&#8217;envoyer (si n\u00e9cessaire)<\/i><\/p>\n<p>[\/vc_column_text][\/vc_column][\/vc_row][vc_row][vc_column][vc_column_text]<\/p>\n<h4>D\u00e9montage de la poche<\/h4>\n<p>[\/vc_column_text][vc_row_inner][vc_column_inner width=&#8221;1\/4&#8243;][vc_single_image image=&#8221;69693&#8243; img_size=&#8221;400&#215;400&#8243; alignment=&#8221;center&#8221;][\/vc_column_inner][vc_column_inner width=&#8221;1\/4&#8243;][vc_single_image image=&#8221;69694&#8243; img_size=&#8221;400&#215;400&#8243; add_caption=&#8221;yes&#8221; alignment=&#8221;center&#8221;][\/vc_column_inner][vc_column_inner width=&#8221;1\/4&#8243;][vc_single_image image=&#8221;69695&#8243; img_size=&#8221;400&#215;400&#8243; add_caption=&#8221;yes&#8221; alignment=&#8221;center&#8221;][\/vc_column_inner][vc_column_inner width=&#8221;1\/4&#8243;][vc_single_image image=&#8221;69696&#8243; img_size=&#8221;400&#215;400&#8243; add_caption=&#8221;yes&#8221; alignment=&#8221;center&#8221;][\/vc_column_inner][\/vc_row_inner][\/vc_column][\/vc_row][vc_row equal_height=&#8221;yes&#8221; css=&#8221;.vc_custom_1580827354934{padding-top: 30px !important;}&#8221;][vc_column][vc_row_inner][vc_column_inner width=&#8221;1\/4&#8243;][vc_column_text]<\/p>\n<h4>S\u00e9lectionnez un kimono parmi notre librairie<\/h4>\n<p>[\/vc_column_text][vc_single_image image=&#8221;69697&#8243; img_size=&#8221;400&#215;400&#8243; alignment=&#8221;center&#8221;][\/vc_column_inner][vc_column_inner width=&#8221;1\/4&#8243;][vc_empty_space height=&#8221;90px&#8221;][vc_single_image image=&#8221;69698&#8243; img_size=&#8221;400&#215;400&#8243; add_caption=&#8221;yes&#8221; alignment=&#8221;center&#8221;][\/vc_column_inner][vc_column_inner width=&#8221;1\/4&#8243;][vc_column_text]<\/p>\n<h4>La poche en kimono est doubl\u00e9ee avec un fond de poche en denim<\/h4>\n<p>[\/vc_column_text][vc_single_image image=&#8221;69699&#8243; img_size=&#8221;400&#215;400&#8243; add_caption=&#8221;yes&#8221; alignment=&#8221;center&#8221;][\/vc_column_inner][vc_column_inner width=&#8221;1\/4&#8243;][vc_column_text]<\/p>\n<h4>La poche est cousue sur le denim<br \/>\npuis renforc\u00e9e par un tape thermocoll\u00e9<br \/>\n<\/h4>\n<p>[\/vc_column_text][vc_single_image image=&#8221;69700&#8243; img_size=&#8221;400&#215;400&#8243; add_caption=&#8221;yes&#8221; alignment=&#8221;center&#8221;][\/vc_column_inner][\/vc_row_inner][\/vc_column][\/vc_row][vc_row css=&#8221;.vc_custom_1580813387086{padding-top: 30px !important;}&#8221;][vc_column][vc_column_text]<\/p>\n<h2>Prix<\/h2>\n<p>[\/vc_column_text][vc_column_text]<\/p>\n<p>Exp\u00e9dition : <strong>\u00e0 vos frais<\/strong><\/p>\n<p>[\/vc_column_text][vc_column_text]<\/p>\n<table border=\"0\" width=\"100%\" cellspacing=\"5\" cellpadding=\"0\">\n<tbody>\n<tr>\n<td>R\u00e9paration<\/td>\n<td>Patche<\/td>\n<td>Collage tape<\/td>\n<td>Changement du tape<\/td>\n<td>Changement du Kimono<\/td>\n<\/tr>\n<tr>\n<td>Prix<\/td>\n<td>10\u20ac<\/td>\n<td>10\u20ac<\/td>\n<td>20\u20ac<\/td>\n<td>A partir de 40 euros (le prix d\u00e9pend du kimono que vous choisissez)<\/td>\n<\/tr>\n<\/tbody>\n<\/table>\n<p>[\/vc_column_text][vc_column_text]<\/p>\n<p><\/p>\n<p><\/p>\n<p>[\/vc_column_text][\/vc_column][\/vc_row][vc_row css=&#8221;.vc_custom_1580827710682{margin-top: 30px !important;border-top-width: 1px !important;border-right-width: 1px !important;border-bottom-width: 1px !important;border-left-width: 1px !important;padding-top: 10px !important;padding-right: 10px !important;padding-bottom: 10px !important;padding-left: 10px !important;border-left-color: #082439 !important;border-left-style: solid !important;border-right-color: #082439 !important;border-right-style: solid !important;border-top-color: #082439 !important;border-top-style: solid !important;border-bottom-color: #082439 !important;border-bottom-style: solid !important;border-radius: 3px !important;}&#8221;][vc_column][vc_column_text]<\/p>\n<h2 style=\"text-align: center;\"><span style=\"text-align: center;\">Contactez nous en remplissant le formulaire de demande de r\u00e9paration ci-dessous<\/span><\/h2>\n<p>[\/vc_column_text][contact-form-7 id=&#8221;68458&#8243;][\/vc_column][\/vc_row]<\/p>","protected":false},"excerpt":{"rendered":"<p>[vc_row][vc_column][vc_column_text] Premi\u00e8re chose \u00e0 savoir : vous devez d\u00e9finir la partie de votre denim qui est abim\u00e9e. [\/vc_column_text][vc_single_image image=&#8221;70977&#8243; img_size=&#8221;large&#8221; alignment=&#8221;center&#8221;][\/vc_column][\/vc_row][vc_row][vc_column][vc_column_text] 1 &#8211; D\u00e9chirure du Denim [\/vc_column_text][\/vc_column][\/vc_row][vc_row][vc_column][vc_column_text] Nous fabriquons au Japon des denims qualitatifs, durables et intemporels. Ces pi\u00e8ces de workwear sont robustes mais ne sont pas invuln\u00e9rables. Le denim est soumis \u00e0 des fortements [&hellip;]<\/p>\n","protected":false},"author":1,"featured_media":0,"parent":0,"menu_order":0,"comment_status":"closed","ping_status":"closed","template":"","meta":[],"yoast_head":"<!-- This site is optimized with the Yoast SEO plugin v17.7.1 - https:\/\/yoast.com\/wordpress\/plugins\/seo\/ -->\n<title>R\u00e9paration - phi. denim<\/title>\n<meta name=\"robots\" content=\"index, follow, max-snippet:-1, max-image-preview:large, max-video-preview:-1\" \/>\n<link rel=\"canonical\" href=\"https:\/\/www.phi-denim.com\/en\/repair\/\" \/>\n<meta property=\"og:locale\" content=\"fr_FR\" \/>\n<meta property=\"og:type\" content=\"article\" \/>\n<meta property=\"og:title\" content=\"[:fr]R\u00e9paration[:en]Repair Service[:] - phi. denim\" \/>\n<meta property=\"og:description\" content=\"[vc_row][vc_column][vc_column_text] Premi\u00e8re chose \u00e0 savoir : vous devez d\u00e9finir la partie de votre denim qui est abim\u00e9e. [\/vc_column_text][vc_single_image image=&#8221;70977&#8243; img_size=&#8221;large&#8221; alignment=&#8221;center&#8221;][\/vc_column][\/vc_row][vc_row][vc_column][vc_column_text] 1 &#8211; D\u00e9chirure du Denim [\/vc_column_text][\/vc_column][\/vc_row][vc_row][vc_column][vc_column_text] Nous fabriquons au Japon des denims qualitatifs, durables et intemporels. Ces pi\u00e8ces de workwear sont robustes mais ne sont pas invuln\u00e9rables. Le denim est soumis \u00e0 des fortements [&hellip;]\" \/>\n<meta property=\"og:url\" content=\"https:\/\/www.phi-denim.com\/en\/repair\/\" \/>\n<meta property=\"og:site_name\" content=\"phi. denim\" \/>\n<meta property=\"article:modified_time\" content=\"2020-02-18T16:26:26+00:00\" \/>\n<meta name=\"twitter:card\" content=\"summary_large_image\" \/>\n<meta name=\"twitter:label1\" content=\"Dur\u00e9e de lecture estim\u00e9e\" \/>\n\t<meta name=\"twitter:data1\" content=\"6 minutes\" \/>\n<script type=\"application\/ld+json\" class=\"yoast-schema-graph\">{\"@context\":\"https:\/\/schema.org\",\"@graph\":[{\"@type\":\"WebSite\",\"@id\":\"http:\/\/www.phi-denim.com\/ja\/#website\",\"url\":\"http:\/\/www.phi-denim.com\/ja\/\",\"name\":\"phi. denim\",\"description\":\"The denim collective\",\"potentialAction\":[{\"@type\":\"SearchAction\",\"target\":{\"@type\":\"EntryPoint\",\"urlTemplate\":\"http:\/\/www.phi-denim.com\/ja\/?s={search_term_string}\"},\"query-input\":\"required name=search_term_string\"}],\"inLanguage\":\"fr-FR\"},{\"@type\":\"WebPage\",\"@id\":\"https:\/\/www.phi-denim.com\/en\/repair\/#webpage\",\"url\":\"https:\/\/www.phi-denim.com\/en\/repair\/\",\"name\":\"[:fr]R\\u00e9paration[:en]Repair Service[:] - phi. denim\",\"isPartOf\":{\"@id\":\"http:\/\/www.phi-denim.com\/ja\/#website\"},\"datePublished\":\"2020-02-04T10:21:00+00:00\",\"dateModified\":\"2020-02-18T16:26:26+00:00\",\"breadcrumb\":{\"@id\":\"https:\/\/www.phi-denim.com\/en\/repair\/#breadcrumb\"},\"inLanguage\":\"fr-FR\",\"potentialAction\":[{\"@type\":\"ReadAction\",\"target\":[\"https:\/\/www.phi-denim.com\/en\/repair\/\"]}]},{\"@type\":\"BreadcrumbList\",\"@id\":\"https:\/\/www.phi-denim.com\/en\/repair\/#breadcrumb\",\"itemListElement\":[{\"@type\":\"ListItem\",\"position\":1,\"name\":\"Home\",\"item\":\"http:\/\/www.phi-denim.com\/ja\/\"},{\"@type\":\"ListItem\",\"position\":2,\"name\":\"Repair Service\"}]}]}<\/script>\n<!-- \/ Yoast SEO plugin. -->","yoast_head_json":{"title":"[:fr]R\u00e9paration[:en]Repair Service[:] - phi. denim","robots":{"index":"index","follow":"follow","max-snippet":"max-snippet:-1","max-image-preview":"max-image-preview:large","max-video-preview":"max-video-preview:-1"},"canonical":"https:\/\/www.phi-denim.com\/en\/repair\/","og_locale":"fr_FR","og_type":"article","og_title":"[:fr]R\u00e9paration[:en]Repair Service[:] - phi. denim","og_description":"[vc_row][vc_column][vc_column_text] Premi\u00e8re chose \u00e0 savoir : vous devez d\u00e9finir la partie de votre denim qui est abim\u00e9e. [\/vc_column_text][vc_single_image image=&#8221;70977&#8243; img_size=&#8221;large&#8221; alignment=&#8221;center&#8221;][\/vc_column][\/vc_row][vc_row][vc_column][vc_column_text] 1 &#8211; D\u00e9chirure du Denim [\/vc_column_text][\/vc_column][\/vc_row][vc_row][vc_column][vc_column_text] Nous fabriquons au Japon des denims qualitatifs, durables et intemporels. Ces pi\u00e8ces de workwear sont robustes mais ne sont pas invuln\u00e9rables. Le denim est soumis \u00e0 des fortements [&hellip;]","og_url":"https:\/\/www.phi-denim.com\/en\/repair\/","og_site_name":"phi. denim","article_modified_time":"2020-02-18T16:26:26+00:00","twitter_card":"summary_large_image","twitter_misc":{"Dur\u00e9e de lecture estim\u00e9e":"6 minutes"},"schema":{"@context":"https:\/\/schema.org","@graph":[{"@type":"WebSite","@id":"http:\/\/www.phi-denim.com\/ja\/#website","url":"http:\/\/www.phi-denim.com\/ja\/","name":"phi. denim","description":"The denim collective","potentialAction":[{"@type":"SearchAction","target":{"@type":"EntryPoint","urlTemplate":"http:\/\/www.phi-denim.com\/ja\/?s={search_term_string}"},"query-input":"required name=search_term_string"}],"inLanguage":"fr-FR"},{"@type":"WebPage","@id":"https:\/\/www.phi-denim.com\/en\/repair\/#webpage","url":"https:\/\/www.phi-denim.com\/en\/repair\/","name":"[:fr]R\u00e9paration[:en]Repair Service[:] - phi. denim","isPartOf":{"@id":"http:\/\/www.phi-denim.com\/ja\/#website"},"datePublished":"2020-02-04T10:21:00+00:00","dateModified":"2020-02-18T16:26:26+00:00","breadcrumb":{"@id":"https:\/\/www.phi-denim.com\/en\/repair\/#breadcrumb"},"inLanguage":"fr-FR","potentialAction":[{"@type":"ReadAction","target":["https:\/\/www.phi-denim.com\/en\/repair\/"]}]},{"@type":"BreadcrumbList","@id":"https:\/\/www.phi-denim.com\/en\/repair\/#breadcrumb","itemListElement":[{"@type":"ListItem","position":1,"name":"Home","item":"http:\/\/www.phi-denim.com\/ja\/"},{"@type":"ListItem","position":2,"name":"Repair Service"}]}]}},"_links":{"self":[{"href":"https:\/\/www.phi-denim.com\/fr\/wp-json\/wp\/v2\/pages\/68442"}],"collection":[{"href":"https:\/\/www.phi-denim.com\/fr\/wp-json\/wp\/v2\/pages"}],"about":[{"href":"https:\/\/www.phi-denim.com\/fr\/wp-json\/wp\/v2\/types\/page"}],"author":[{"embeddable":true,"href":"https:\/\/www.phi-denim.com\/fr\/wp-json\/wp\/v2\/users\/1"}],"replies":[{"embeddable":true,"href":"https:\/\/www.phi-denim.com\/fr\/wp-json\/wp\/v2\/comments?post=68442"}],"version-history":[{"count":94,"href":"https:\/\/www.phi-denim.com\/fr\/wp-json\/wp\/v2\/pages\/68442\/revisions"}],"predecessor-version":[{"id":70978,"href":"https:\/\/www.phi-denim.com\/fr\/wp-json\/wp\/v2\/pages\/68442\/revisions\/70978"}],"wp:attachment":[{"href":"https:\/\/www.phi-denim.com\/fr\/wp-json\/wp\/v2\/media?parent=68442"}],"curies":[{"name":"wp","href":"https:\/\/api.w.org\/{rel}","templated":true}]}}