{"id":78019,"date":"2020-03-30T17:36:37","date_gmt":"2020-03-30T16:36:37","guid":{"rendered":"http:\/\/www.phi-denim.com\/en\/?page_id=78019"},"modified":"2020-03-31T16:17:45","modified_gmt":"2020-03-31T15:17:45","slug":"glossary","status":"publish","type":"page","link":"https:\/\/www.phi-denim.com\/fr\/denim-dictionnaire\/","title":{"rendered":"The denim dictionary"},"content":{"rendered":"<p>[vc_row][vc_column][vc_toggle title=&#8221;1,2,3&#8230;&#8221;]<\/p>\n<h2>501<\/h2>\n<p>Une fois que le rivet brevet\u00e9 par Levi Strauss et Jacob Davis en 1873 a expir\u00e9 en 1890, ils ont d\u00e9cid\u00e9 de donner des num\u00e9ros \u00e0 leur jeans de travail. Outre la s\u00e9rie 200 moins ch\u00e8re, il y avait aussi une s\u00e9rie 500. Le num\u00e9ro 501 est le seul mod\u00e8le qui a surv\u00e9cu. Le design a subi de l\u00e9g\u00e8res modifications au fil des ans. De nos jours, le mod\u00e8le 501 est principalement connu pour sa couture \u00e0 double arche sur les poches arri\u00e8re, le patch arri\u00e8re en cuir avec les deux chevaux et la patte rouge. LS&amp;CO a initialement utilis\u00e9 des mat\u00e9riaux de travail courants comme la toile et le denim.<br \/>\n<\/p>\n<p>[\/vc_toggle][vc_toggle title=&#8221;A&#8221;]<\/p>\n<h2>Abrasion<\/h2>\n<p>La partie us\u00e9e sur un denim, l\u00e0 o\u00f9 le tissu montre des r\u00e9sultats de fortes usures. Souvent cr\u00e9\u00e9s avec l&#8217;utilisation du lavage avec pierres ponces sur des jeans pr\u00e9-lav\u00e9s.<br \/>\n<\/p>\n<h2>Acid wash<\/h2>\n<p>Cette technique de lavage pourrait \u00e0 elle seule repr\u00e9senter les ann\u00e9es 80. Lavage \u00e0 l&#8217;acide avec des pierres ponces imbib\u00e9es de chlore. Cela \u00e9liminerait la couleur de la couche sup\u00e9rieure du tissu, cr\u00e9ant des contrastes nets sur les jeans qui ont \u00e9t\u00e9 popularis\u00e9s par le milieu du hard rock et du m\u00e9tal dans les ann\u00e9es 80. Candida Laundry a brevet\u00e9 le proc\u00e9d\u00e9 en 1986.<br \/>\n<\/p>\n<h2>Amoskaeg<\/h2>\n<p>Le premier grand fournisseur de mati\u00e8re denim aux \u00c9tats-Unis, situ\u00e9 dans une ville industrielle du New Hampshire. Ce fut la source du denim utilis\u00e9 sur les premi\u00e8res paires de jeans par Jacob Davis et Levi Strauss.<br \/>\n<\/p>\n<h2>Arcuate (ou arcs)<\/h2>\n<p>Se r\u00e9f\u00e8re g\u00e9n\u00e9ralement \u00e0 la double couture d\u00e9corative sur les poches arri\u00e8re, en forme d&#8217;ailes de chauve-souris. Levi&#8217;s a d\u00e9pos\u00e9 ce signe embl\u00e9matique. Et cela va plus loin que la simple association &#8211; en particulier aux \u00c9tats-Unis, o\u00f9 aucune autre marque de denim n&#8217;est autoris\u00e9e \u00e0 vendre des jeans avec des motifs qui ressemblent m\u00eame &#8220;de loin&#8221; aux arcs de Levi&#8217;s. Des marques japonaises ont imit\u00e9 l&#8217;arc, ce qui a entra\u00een\u00e9 plusieurs poursuites.<br \/>\n<\/p>\n<h2>Atari<\/h2>\n<p>Un mot emprunt\u00e9 au japonais, le terme d\u00e9crit l&#8217;usure \u00e0 c\u00f4t\u00e9 des coutures. Dans la plupart des cas, cela concerne les coutures sur les empi\u00e8cements arri\u00e8res, les poches arri\u00e8res, les passants de ceinture et la braguette.<br \/>\n<\/p>\n<p>[\/vc_toggle][vc_toggle title=&#8221;B&#8221;]<\/p>\n<h2>Back Cinch<\/h2>\n<p>Alors qu&#8217;un &#8220;cinch noir&#8221; se r\u00e9f\u00e8re traditionnellement \u00e0 la sangle en cuir qui fixe la selle autour du dos d&#8217;un cheval, sur une paire de jeans, elle est utilis\u00e9e pour resserrer la ceinture. Aussi connue sous le nom de martingale, elle se compose d&#8217;une sangle en jean et d&#8217;une boucle. Les jeans avec une sangle dans le dos sont \u00e9galement appel\u00e9s &#8220;boucles&#8221; et la plupart des fabricants de jeans ont abandonn\u00e9 la sangle dans le dos en 1942.<br \/>\n<\/p>\n<h2>Back pocket flasher<\/h2>\n<p>Traditionnellement, un rabat en papier ou en carton fix\u00e9 \u00e0 la poche arri\u00e8re droite pour indiquer les diff\u00e9rences de taille, de finition, de tissus et de formes. \u00c9galement utilis\u00e9 en marketing, il comportait souvent des illustrations faisant r\u00e9f\u00e9rence \u00e0 un th\u00e8me sp\u00e9cifique associ\u00e9 au mod\u00e8le, comme les Westerns.<br \/>\n<\/p>\n<h2>Baggy jeans<\/h2>\n<p>Pantalon large, avec une taille basse, un entrejambe tr\u00e8s bas et le parfait oppos\u00e9 d&#8217;un jean skinny. Le baggy est devenu tr\u00e8s populaire avec les skateurs et la sc\u00e8nes hip-hop. Il serait originaire des prisons am\u00e9ricaines o\u00f9 les prisonniers portaient leur combinaison surdimensionn\u00e9e sans avoir droit \u00e0 la ceinture.<br \/>\n<\/p>\n<h2>Bar tacks<\/h2>\n<p>Ces points d&#8217;arr\u00eat sont des points \u00e9troitement espac\u00e9s, formant une bande ou une barre, sur pratiquement tous les v\u00eatements en denim qui agissent comme des renforts sur les points de tension tels que les fermetures \u00e0 glissi\u00e8re et les ouvertures de poche.<br \/>\n<\/p>\n<h2>Bell-bottoms<\/h2>\n<p>On dit que ces mod\u00e8les ont d&#8217;abord \u00e9t\u00e9 rep\u00e9r\u00e9s par des hommes de la marine am\u00e9ricaine portant le pantalon en forme de cloche, bien que les v\u00eatements puissent varier selon le navire. Le bas de cloche \u00e9tait extr\u00eamement populaire dans les ann\u00e9es 1960 et 70, il avait une taille et des cuisses serr\u00e9es, mais \u00e9vas\u00e9 sous les genoux. Cela a donn\u00e9 au jean une vague ressemblance avec la forme d&#8217;une cloche, ce qui a donn\u00e9 son nom.<br \/>\n<\/p>\n<h2>Belt loops<\/h2>\n<p>Comme son nom l&#8217;indique, les passants ont \u00e9t\u00e9 plac\u00e9s autour de la taille pour contenir une ceinture. Ils ont remplac\u00e9 les boutons de bretelles des ann\u00e9es 1920 pour r\u00e9pondre \u00e0 la tendance des ceintures qui ont \u00e9merg\u00e9e apr\u00e8s la Premi\u00e8re Guerre mondiale. La plupart des jeans ont cinq passants, mais certaines marques comme Wrangler en ont sept, pour un meilleur soutien.<br \/>\n<\/p>\n<h2>Bleach<\/h2>\n<p>Un produit chimique qui est n\u00e9cessaire dans le processus de d\u00e9coloration du denim. En r\u00e8gle g\u00e9n\u00e9rale, le chlorhydrate de sodium ou le permanganate de potassium est utilis\u00e9.<br \/>\n<\/p>\n<p>[\/vc_toggle][vc_toggle title=&#8221;R&#8221;]<\/p>\n<h2>Denim brut<\/h2>\n<p>La forme la plus pure du denim. C&#8217;est-\u00e0-dire un jean qui n&#8217;a pas \u00e9t\u00e9 lav\u00e9 ou trait\u00e9 de quelque fa\u00e7on que ce soit. Il est donc assez rigide. G-Star serait \u00e0 l&#8217;origine du terme \u00abdenim brut\u00bb. En tout cas, ils ont \u00e9t\u00e9 les premiers \u00e0 l&#8217;utiliser pour leurs produits non trait\u00e9s et non lav\u00e9s en 1996.<br \/>\n<\/p>\n<p>[\/vc_toggle][vc_toggle title=&#8221;T&#8221;]<\/p>\n<h2>Tapered<\/h2>\n<p>C&#8217;est une coupe relativement ample qui devient plus fusel\u00e9 au dessous du genoux.<br \/>\n<\/p>\n<h2>Twill (Serg\u00e9)<\/h2>\n<p>Le serg\u00e9 est une technique de tissage qui conf\u00e8re au tissu un motif caract\u00e9ristique de lignes en diagonales. Le tissage serg\u00e9 n&#8217;est pas limit\u00e9 \u00e0 un certain type de mat\u00e9riau et peut \u00eatre appliqu\u00e9 au coton, \u00e0 la soie, au lin, \u00e0 la laine&#8230; Tous les tissus en serg\u00e9 sont constitu\u00e9s de fils de cha\u00eene et de fils de trame. Les fils de cha\u00eene parcourent la longueur du tissu et la trame sur toute la largeur. La fa\u00e7on dont ces fils sont crois\u00e9s d\u00e9termine la r\u00e9sistance et l&#8217;apparence du tissu tiss\u00e9. La qualit\u00e9 et la largeur du fil influencent \u00e9galement la flexibilit\u00e9 et la durabilit\u00e9 des tissus. Le denim classique est souvent en serg\u00e9 3 \u00d7 1, les denim plus l\u00e9gers (sous 10,5 oz) en serg\u00e9 2 \u00d7 1. Avec le serg\u00e9 3 \u00d7 1, le fil de trame passe trois fois au dessus du fil d&#8217;enroulement, puis en dessous, puis \u00e0 nouveau trois fois au dessus du fil d&#8217;enroulement, puis en dessous, et ainsi de suite&#8230;<br \/>\n<\/p>\n<p style=\"text-align: center;\"><img src=\"http:\/\/www.phi-denim.com\/wp-content\/uploads\/2020\/03\/3x1twill.jpg\" \/><\/p>\n<p>[\/vc_toggle][\/vc_column][\/vc_row]<\/p>","protected":false},"excerpt":{"rendered":"<p>[vc_row][vc_column][vc_toggle title=&#8221;1,2,3&#8230;&#8221;] 501 Une fois que le rivet brevet\u00e9 par Levi Strauss et Jacob Davis en 1873 a expir\u00e9 en 1890, ils ont d\u00e9cid\u00e9 de donner des num\u00e9ros \u00e0 leur jeans de travail. Outre la s\u00e9rie 200 moins ch\u00e8re, il y avait aussi une s\u00e9rie 500. Le num\u00e9ro 501 est le seul mod\u00e8le qui a [&hellip;]<\/p>\n","protected":false},"author":1,"featured_media":0,"parent":0,"menu_order":0,"comment_status":"closed","ping_status":"closed","template":"","meta":[],"yoast_head":"<!-- This site is optimized with the Yoast SEO plugin v17.7.1 - https:\/\/yoast.com\/wordpress\/plugins\/seo\/ -->\n<title>The denim dictionary - phi. denim<\/title>\n<meta name=\"robots\" content=\"index, follow, max-snippet:-1, max-image-preview:large, max-video-preview:-1\" \/>\n<link rel=\"canonical\" href=\"https:\/\/www.phi-denim.com\/fr\/denim-dictionnaire\/\" \/>\n<meta property=\"og:locale\" content=\"fr_FR\" \/>\n<meta property=\"og:type\" content=\"article\" \/>\n<meta property=\"og:title\" content=\"The denim dictionary - phi. denim\" \/>\n<meta property=\"og:description\" content=\"[vc_row][vc_column][vc_toggle title=&#8221;1,2,3&#8230;&#8221;] 501 Une fois que le rivet brevet\u00e9 par Levi Strauss et Jacob Davis en 1873 a expir\u00e9 en 1890, ils ont d\u00e9cid\u00e9 de donner des num\u00e9ros \u00e0 leur jeans de travail. Outre la s\u00e9rie 200 moins ch\u00e8re, il y avait aussi une s\u00e9rie 500. Le num\u00e9ro 501 est le seul mod\u00e8le qui a [&hellip;]\" \/>\n<meta property=\"og:url\" content=\"https:\/\/www.phi-denim.com\/fr\/denim-dictionnaire\/\" \/>\n<meta property=\"og:site_name\" content=\"phi. denim\" \/>\n<meta property=\"article:modified_time\" content=\"2020-03-31T15:17:45+00:00\" \/>\n<meta property=\"og:image\" content=\"http:\/\/www.phi-denim.com\/wp-content\/uploads\/2020\/03\/3x1twill.jpg\" \/>\n<meta name=\"twitter:card\" content=\"summary_large_image\" \/>\n<meta name=\"twitter:label1\" content=\"Dur\u00e9e de lecture estim\u00e9e\" \/>\n\t<meta name=\"twitter:data1\" content=\"10 minutes\" \/>\n<script type=\"application\/ld+json\" class=\"yoast-schema-graph\">{\"@context\":\"https:\/\/schema.org\",\"@graph\":[{\"@type\":\"WebSite\",\"@id\":\"http:\/\/www.phi-denim.com\/ja\/#website\",\"url\":\"http:\/\/www.phi-denim.com\/ja\/\",\"name\":\"phi. denim\",\"description\":\"The denim collective\",\"potentialAction\":[{\"@type\":\"SearchAction\",\"target\":{\"@type\":\"EntryPoint\",\"urlTemplate\":\"http:\/\/www.phi-denim.com\/ja\/?s={search_term_string}\"},\"query-input\":\"required name=search_term_string\"}],\"inLanguage\":\"fr-FR\"},{\"@type\":\"ImageObject\",\"@id\":\"https:\/\/www.phi-denim.com\/fr\/denim-dictionnaire\/#primaryimage\",\"inLanguage\":\"fr-FR\",\"url\":\"http:\/\/www.phi-denim.com\/wp-content\/uploads\/2020\/03\/3x1twill.jpg\",\"contentUrl\":\"http:\/\/www.phi-denim.com\/wp-content\/uploads\/2020\/03\/3x1twill.jpg\"},{\"@type\":\"WebPage\",\"@id\":\"https:\/\/www.phi-denim.com\/fr\/denim-dictionnaire\/#webpage\",\"url\":\"https:\/\/www.phi-denim.com\/fr\/denim-dictionnaire\/\",\"name\":\"The denim dictionary - phi. denim\",\"isPartOf\":{\"@id\":\"http:\/\/www.phi-denim.com\/ja\/#website\"},\"primaryImageOfPage\":{\"@id\":\"https:\/\/www.phi-denim.com\/fr\/denim-dictionnaire\/#primaryimage\"},\"datePublished\":\"2020-03-30T16:36:37+00:00\",\"dateModified\":\"2020-03-31T15:17:45+00:00\",\"breadcrumb\":{\"@id\":\"https:\/\/www.phi-denim.com\/fr\/denim-dictionnaire\/#breadcrumb\"},\"inLanguage\":\"fr-FR\",\"potentialAction\":[{\"@type\":\"ReadAction\",\"target\":[\"https:\/\/www.phi-denim.com\/fr\/denim-dictionnaire\/\"]}]},{\"@type\":\"BreadcrumbList\",\"@id\":\"https:\/\/www.phi-denim.com\/fr\/denim-dictionnaire\/#breadcrumb\",\"itemListElement\":[{\"@type\":\"ListItem\",\"position\":1,\"name\":\"Home\",\"item\":\"http:\/\/www.phi-denim.com\/ja\/\"},{\"@type\":\"ListItem\",\"position\":2,\"name\":\"The denim dictionary\"}]}]}<\/script>\n<!-- \/ Yoast SEO plugin. -->","yoast_head_json":{"title":"The denim dictionary - phi. denim","robots":{"index":"index","follow":"follow","max-snippet":"max-snippet:-1","max-image-preview":"max-image-preview:large","max-video-preview":"max-video-preview:-1"},"canonical":"https:\/\/www.phi-denim.com\/fr\/denim-dictionnaire\/","og_locale":"fr_FR","og_type":"article","og_title":"The denim dictionary - phi. denim","og_description":"[vc_row][vc_column][vc_toggle title=&#8221;1,2,3&#8230;&#8221;] 501 Une fois que le rivet brevet\u00e9 par Levi Strauss et Jacob Davis en 1873 a expir\u00e9 en 1890, ils ont d\u00e9cid\u00e9 de donner des num\u00e9ros \u00e0 leur jeans de travail. Outre la s\u00e9rie 200 moins ch\u00e8re, il y avait aussi une s\u00e9rie 500. Le num\u00e9ro 501 est le seul mod\u00e8le qui a [&hellip;]","og_url":"https:\/\/www.phi-denim.com\/fr\/denim-dictionnaire\/","og_site_name":"phi. denim","article_modified_time":"2020-03-31T15:17:45+00:00","og_image":[{"url":"http:\/\/www.phi-denim.com\/wp-content\/uploads\/2020\/03\/3x1twill.jpg"}],"twitter_card":"summary_large_image","twitter_misc":{"Dur\u00e9e de lecture estim\u00e9e":"10 minutes"},"schema":{"@context":"https:\/\/schema.org","@graph":[{"@type":"WebSite","@id":"http:\/\/www.phi-denim.com\/ja\/#website","url":"http:\/\/www.phi-denim.com\/ja\/","name":"phi. denim","description":"The denim collective","potentialAction":[{"@type":"SearchAction","target":{"@type":"EntryPoint","urlTemplate":"http:\/\/www.phi-denim.com\/ja\/?s={search_term_string}"},"query-input":"required name=search_term_string"}],"inLanguage":"fr-FR"},{"@type":"ImageObject","@id":"https:\/\/www.phi-denim.com\/fr\/denim-dictionnaire\/#primaryimage","inLanguage":"fr-FR","url":"http:\/\/www.phi-denim.com\/wp-content\/uploads\/2020\/03\/3x1twill.jpg","contentUrl":"http:\/\/www.phi-denim.com\/wp-content\/uploads\/2020\/03\/3x1twill.jpg"},{"@type":"WebPage","@id":"https:\/\/www.phi-denim.com\/fr\/denim-dictionnaire\/#webpage","url":"https:\/\/www.phi-denim.com\/fr\/denim-dictionnaire\/","name":"The denim dictionary - phi. denim","isPartOf":{"@id":"http:\/\/www.phi-denim.com\/ja\/#website"},"primaryImageOfPage":{"@id":"https:\/\/www.phi-denim.com\/fr\/denim-dictionnaire\/#primaryimage"},"datePublished":"2020-03-30T16:36:37+00:00","dateModified":"2020-03-31T15:17:45+00:00","breadcrumb":{"@id":"https:\/\/www.phi-denim.com\/fr\/denim-dictionnaire\/#breadcrumb"},"inLanguage":"fr-FR","potentialAction":[{"@type":"ReadAction","target":["https:\/\/www.phi-denim.com\/fr\/denim-dictionnaire\/"]}]},{"@type":"BreadcrumbList","@id":"https:\/\/www.phi-denim.com\/fr\/denim-dictionnaire\/#breadcrumb","itemListElement":[{"@type":"ListItem","position":1,"name":"Home","item":"http:\/\/www.phi-denim.com\/ja\/"},{"@type":"ListItem","position":2,"name":"The denim dictionary"}]}]}},"_links":{"self":[{"href":"https:\/\/www.phi-denim.com\/fr\/wp-json\/wp\/v2\/pages\/78019"}],"collection":[{"href":"https:\/\/www.phi-denim.com\/fr\/wp-json\/wp\/v2\/pages"}],"about":[{"href":"https:\/\/www.phi-denim.com\/fr\/wp-json\/wp\/v2\/types\/page"}],"author":[{"embeddable":true,"href":"https:\/\/www.phi-denim.com\/fr\/wp-json\/wp\/v2\/users\/1"}],"replies":[{"embeddable":true,"href":"https:\/\/www.phi-denim.com\/fr\/wp-json\/wp\/v2\/comments?post=78019"}],"version-history":[{"count":36,"href":"https:\/\/www.phi-denim.com\/fr\/wp-json\/wp\/v2\/pages\/78019\/revisions"}],"predecessor-version":[{"id":78102,"href":"https:\/\/www.phi-denim.com\/fr\/wp-json\/wp\/v2\/pages\/78019\/revisions\/78102"}],"wp:attachment":[{"href":"https:\/\/www.phi-denim.com\/fr\/wp-json\/wp\/v2\/media?parent=78019"}],"curies":[{"name":"wp","href":"https:\/\/api.w.org\/{rel}","templated":true}]}}