{"id":113709,"date":"2022-11-28T10:09:16","date_gmt":"2022-11-28T09:09:16","guid":{"rendered":"http:\/\/www.phi-denim.com\/en\/?post_type=product&#038;p=113709"},"modified":"2023-01-15T18:52:35","modified_gmt":"2023-01-15T17:52:35","slug":"phijoo1_co6","status":"publish","type":"product","link":"https:\/\/www.phi-denim.com\/fr\/product\/phijoo1_co6\/","title":{"rendered":"PHIJOO1_CO6"},"content":{"rendered":"<p>[vc_row type=&#8221;boxed&#8221; css=&#8221;.vc_custom_1475239555787{margin-top: 30px !important;margin-right: 30px !important;margin-bottom: 30px !important;margin-left: 30px !important;}&#8221;][vc_column][vc_column_text] Inspir\u00e9 par l&#8217;iconique veste en denim de chez Levi&#8217;s, Nous vous proposons une r\u00e9-interpr\u00e9tation en le revisitant avec notre philosophie et nos techniques modernes d&#8217;assemblage. Tout cela en respectant le design original de la Type 1.<\/p>\n<p>Chaque poche en kimono est renforc\u00e9e avec une couche de denim, puis appliqu\u00e9e sur le denim. Ensuite nous venons y ajouter une pi\u00e8ce en jersey indigo coup\u00e9 au laser et appliqu\u00e9 par collage.<\/p>\n<ul>\n<li>Design authentique de la veste dite blouse des travailleurs des ann\u00e9es 1910.<\/li>\n<li>2 double plis sur le devant.<\/li>\n<li>5 Boutons type &#8220;donuts&#8221; , boucle de serrage dos\u00a0 et rivets de renforts, tous en pur cuivre.<\/li>\n<li>1 poche plaqu\u00e9e en kimono avec application jersey en indigo coup\u00e9 au laser et coll\u00e9 sous pression.<\/li>\n<li>Fils d&#8217;assemblages \u00e9pais en coton, coutures anglaises pour plus de r\u00e9sistance, coutures chainettes plac\u00e9es.<\/li>\n<li>Jeux de couleur de fils d&#8217;assemblage, orange et jaune.<\/li>\n<li>14 oz denim de chez Collect, fabriqu\u00e9 au Japon.<\/li>\n<li>Jersey indigo fabriqu\u00e9 au Japon, coup\u00e9 au laser<\/li>\n<li>Fait enti\u00e9rement au Japon.<\/li>\n<\/ul>\n<p>[\/vc_column_text][\/vc_column][\/vc_row]<\/p>","protected":false},"excerpt":{"rendered":"<ul>\n<li>Indigo Denim 14oz sandforized de chez Collect Mill<\/li>\n<li>Denim avec finition selvedge 100% coton<\/li>\n<li>Selvedge rouge et blanc<\/li>\n<li>5 boutons: en cuivre<\/li>\n<li>Patte de serrage au dos avec boucle de serrage et rivets en cuivre<\/li>\n<li>Points de chainette selon les coutures<\/li>\n<li>Signature du denim s\u00e9rigraphi\u00e9e<\/li>\n<li>Denim num\u00e9rot\u00e9<\/li>\n<\/ul>\n<p><strong>Poche<\/strong><\/p>\n<ul>\n<li>Poche kimono Vintage \u00e0 motif Kagasuri \u30ab\u30ac\u30b9\u30ea. Tissage minimaliste avec effet pointilliste dit \u201cMoustique\u201d. Ce motif est de plus en plus rare et compliqu\u00e9 \u00e0 trouver car il demande beaucoup de temps de travail.<\/li>\n<li>Renforc\u00e9e par une bande de tape en coton Indigo d\u00e9coup\u00e9e au laser et coll\u00e9e. L&#8217;indigo \u00e9tant un produit de teinture naturelle, il peut y avoir des diff\u00e9rences de couleurs.<\/li>\n<\/ul>\n<p><strong>Sizing<\/strong><\/p>\n<ul>\n<li>Nous recommandons de choisir votre taille habituelle ou bien une taille en dessous pour un rendu plus ajust\u00e9.<\/li>\n<li>Chaque veste a \u00e9t\u00e9 soak\u00e9 1 fois.<\/li>\n<\/ul>\n","protected":false},"featured_media":113732,"comment_status":"open","ping_status":"closed","template":"","meta":[],"yoast_head":"<!-- This site is optimized with the Yoast SEO plugin v17.7.1 - https:\/\/yoast.com\/wordpress\/plugins\/seo\/ -->\n<title>PHIJOO1_CO6 - phi. denim<\/title>\n<meta name=\"robots\" content=\"index, follow, max-snippet:-1, max-image-preview:large, max-video-preview:-1\" \/>\n<link rel=\"canonical\" href=\"https:\/\/www.phi-denim.com\/fr\/product\/phijoo1_co6\/\" \/>\n<meta property=\"og:locale\" content=\"fr_FR\" \/>\n<meta property=\"og:type\" content=\"article\" \/>\n<meta property=\"og:title\" content=\"PHIJOO1_CO6 - phi. denim\" \/>\n<meta property=\"og:description\" content=\"[:fr]   Indigo Denim 14oz sandforized de chez Collect Mill  Denim avec finition selvedge 100% coton  Selvedge rouge et blanc  5 boutons: en cuivre  Patte de serrage au dos avec boucle de serrage et rivets en cuivre  Points de chainette selon les coutures  Signature du denim s\u00e9rigraphi\u00e9e  Denim num\u00e9rot\u00e9  Poche   Poche kimono Vintage \u00e0 motif Kagasuri \u30ab\u30ac\u30b9\u30ea. Tissage minimaliste avec effet pointilliste dit \u201cMoustique\u201d. Ce motif est de plus en plus rare et compliqu\u00e9 \u00e0 trouver car il demande beaucoup de temps de travail.  Renforc\u00e9e par une bande de tape en coton Indigo d\u00e9coup\u00e9e au laser et coll\u00e9e. L&#039;indigo \u00e9tant un produit de teinture naturelle, il peut y avoir des diff\u00e9rences de couleurs.  Sizing   Nous recommandons de choisir votre taille habituelle ou bien une taille en dessous pour un rendu plus ajust\u00e9.  Chaque veste a \u00e9t\u00e9 soak\u00e9 1 fois.  [:en]   14oz indigo denim sanforized from Collect Mill  100% cotton selvage denim made in Japan  Red selvedge finish  5 copper buttons on front  Back cinch tab with copper buckle and rivets  Chain stitch applied on some parts  Silk screen signature  Individually numbered denim  Pocket   Pocket coming from Antique kimono with a kagasuri \u30ab\u30ac\u30b9\u30eapattern. The meaning in Japanese culture is a mosquito pattern. It becomes really difficult to find some because of the complexity of the weaving process to obtain such a precise point.  Laser cutted japanese indigo jersey reinforced element bonded on top of the pocket. Indigo dying is a natural process, so we can have some differents shades on the products.  Sizing   We recommand to take your usual size or one size lower if you want it adjusted  Each jacket have been soak 1 time.  [:ja]   14oz \u306e\u6574\u7406\u52a0\u5de5\u3055\u308c\u305f\u30a4\u30f3\u30c7\u30a3\u30b4\u30c7\u30cb\u30e0  100%\u30b3\u30c3\u30c8\u30f3\u3000\u30e1\u30a4\u30c9 \u30a4\u30f3 \u30b8\u30e3\u30d1\u30f3\u3000\u30bb\u30eb\u30f4\u30a3\u30c3\u30b8\u30c7\u30cb\u30e0  \u8d64\u306e\u30bb\u30eb\u30f4\u30a3\u30c3\u30b8  \u30d5\u30ed\u30f3\u30c8\u306e5\u3064\u306e\u30ab\u30c3\u30d1\u30fc\u30dc\u30bf\u30f3  \u30ab\u30c3\u30d1\u30fc\u30ab\u30e9\u30fc\u306e\u30d0\u30c3\u30af\u30eb\u3068\u30ea\u30d9\u30c3\u30c8\u306e\u30d0\u30c3\u30af\u30b7\u30f3\u30c1  \u90e8\u5206\u7684\u306b\u7528\u3044\u3089\u308c\u305f\u30c1\u30a7\u30fc\u30f3\u30b9\u30c6\u30c3\u30c1  \u30b7\u30eb\u30af\u3059\u308b\u30ea\u30fc\u30f3\u306e\u30b7\u30ea\u30a2\u30eb\u30b7\u30b0\u30cd\u30c1\u30e3\u30fc  \u500b\u3005\u306b\u30ca\u30f3\u30d0\u30ea\u30f3\u30b0\u3055\u308c\u305f\u30c7\u30cb\u30e0  \u30a2\u30f3\u30c6\u30a3\u30fc\u30af\u306e\u868a\u7d63\u3092\u4f7f\u7528\u3057\u305f\u30dd\u30b1\u30c3\u30c8 \u868a\u306e\u3088\u3046\u306a\u6587\u69d8\u304c\u7279\u5fb4\u306e\u7d63\u751f\u5730\u3002\u5236\u4f5c\u306b\u9ad8\u5ea6\u306a\u6280\u8853\u304c\u5fc5\u8981\u3068\u306a\u308b\u305f\u3081\u3001\u30a2\u30f3\u30c6\u30a3\u30fc\u30af\u3067\u72b6\u614b\u306e\u826f\u3044\u751f\u5730\u3092\u63a2\u3059\u306e\u306f\u7c21\u5358\u3067\u306f\u3042\u308a\u307e\u305b\u3093\u3002  \u30ec\u30fc\u30b6\u30fc\u30ab\u30c3\u30c8\u3055\u308c\u305f\u65e5\u672c\u7523\u306e\u30a4\u30f3\u30c7\u30a3\u30b4\u30b8\u30e3\u30fc\u30b8\u30fc\u306f\u30dd\u30b1\u30c3\u30c8\u306e\u4e0a\u90e8\u306b\u88dc\u5f37\u306e\u305f\u3081\u30dc\u30f3\u30c7\u30a3\u30f3\u30b0\u3055\u308c\u3066\u3044\u307e\u3059\u3002\u30a4\u30f3\u30c7\u30a3\u30b4\u67d3\u306f\u30ca\u30c1\u30e5\u30e9\u30eb\u306a\u624b\u6cd5\u306b\u3088\u308a\u67d3\u3081\u3066\u3044\u308b\u305f\u3081\u3001\u500b\u3005\u306b\u30e6\u30cb\u30fc\u30af\u306a\u67d3\u3081\u4e0a\u304c\u308a\u306b\u306a\u3063\u3066\u3044\u307e\u3059\u3002  \u901a\u5e38\u306e\u6d0b\u670d\u306e\u30b5\u30a4\u30ba\u3001\u3082\u3057\u304f\u306f\u30d4\u30c3\u30bf\u30ea\u3067\u7740\u7528\u3055\u308c\u305f\u3044\u5834\u5408\u306f\u30ef\u30f3\u30b5\u30a4\u30ba\u5c0f\u3055\u3081\u3092\u304a\u52e7\u3081\u3057\u307e\u3059  \u5168\u3066\u306e\u30b8\u30e3\u30b1\u30c3\u30c8\u306f1\u5ea6\u6c34\u901a\u3057\u3092\u3057\u3066\u3044\u307e\u3059\u3002  [:]\" \/>\n<meta property=\"og:url\" content=\"https:\/\/www.phi-denim.com\/fr\/product\/phijoo1_co6\/\" \/>\n<meta property=\"og:site_name\" content=\"phi. denim\" \/>\n<meta property=\"article:modified_time\" content=\"2023-01-15T17:52:35+00:00\" \/>\n<meta property=\"og:image\" content=\"https:\/\/www.phi-denim.com\/wp-content\/uploads\/2022\/11\/IMG_8063-scaled.jpg\" \/>\n\t<meta property=\"og:image:width\" content=\"2560\" \/>\n\t<meta property=\"og:image:height\" content=\"1707\" \/>\n<meta name=\"twitter:card\" content=\"summary_large_image\" \/>\n<meta name=\"twitter:label1\" content=\"Dur\u00e9e de lecture estim\u00e9e\" \/>\n\t<meta name=\"twitter:data1\" content=\"2 minutes\" \/>\n<script type=\"application\/ld+json\" class=\"yoast-schema-graph\">{\"@context\":\"https:\/\/schema.org\",\"@graph\":[{\"@type\":\"WebSite\",\"@id\":\"https:\/\/www.phi-denim.com\/en\/#website\",\"url\":\"https:\/\/www.phi-denim.com\/en\/\",\"name\":\"phi. denim\",\"description\":\"The denim collective\",\"potentialAction\":[{\"@type\":\"SearchAction\",\"target\":{\"@type\":\"EntryPoint\",\"urlTemplate\":\"https:\/\/www.phi-denim.com\/en\/?s={search_term_string}\"},\"query-input\":\"required name=search_term_string\"}],\"inLanguage\":\"fr-FR\"},{\"@type\":\"ImageObject\",\"@id\":\"https:\/\/www.phi-denim.com\/fr\/product\/phijoo1_co6\/#primaryimage\",\"inLanguage\":\"fr-FR\",\"url\":\"https:\/\/www.phi-denim.com\/wp-content\/uploads\/2022\/11\/IMG_8063-scaled.jpg\",\"contentUrl\":\"https:\/\/www.phi-denim.com\/wp-content\/uploads\/2022\/11\/IMG_8063-scaled.jpg\",\"width\":2560,\"height\":1707},{\"@type\":\"WebPage\",\"@id\":\"https:\/\/www.phi-denim.com\/fr\/product\/phijoo1_co6\/#webpage\",\"url\":\"https:\/\/www.phi-denim.com\/fr\/product\/phijoo1_co6\/\",\"name\":\"PHIJOO1_CO6 - phi. denim\",\"isPartOf\":{\"@id\":\"https:\/\/www.phi-denim.com\/en\/#website\"},\"primaryImageOfPage\":{\"@id\":\"https:\/\/www.phi-denim.com\/fr\/product\/phijoo1_co6\/#primaryimage\"},\"datePublished\":\"2022-11-28T09:09:16+00:00\",\"dateModified\":\"2023-01-15T17:52:35+00:00\",\"breadcrumb\":{\"@id\":\"https:\/\/www.phi-denim.com\/fr\/product\/phijoo1_co6\/#breadcrumb\"},\"inLanguage\":\"fr-FR\",\"potentialAction\":[{\"@type\":\"ReadAction\",\"target\":[\"https:\/\/www.phi-denim.com\/fr\/product\/phijoo1_co6\/\"]}]},{\"@type\":\"BreadcrumbList\",\"@id\":\"https:\/\/www.phi-denim.com\/fr\/product\/phijoo1_co6\/#breadcrumb\",\"itemListElement\":[{\"@type\":\"ListItem\",\"position\":1,\"name\":\"Home\",\"item\":\"https:\/\/www.phi-denim.com\/en\/\"},{\"@type\":\"ListItem\",\"position\":2,\"name\":\"E-shop\",\"item\":\"http:\/\/www.phi-denim.com\/fr\/shop\/\"},{\"@type\":\"ListItem\",\"position\":3,\"name\":\"PHIJOO1_CO6\"}]}]}<\/script>\n<!-- \/ Yoast SEO plugin. -->","yoast_head_json":{"title":"PHIJOO1_CO6 - phi. denim","robots":{"index":"index","follow":"follow","max-snippet":"max-snippet:-1","max-image-preview":"max-image-preview:large","max-video-preview":"max-video-preview:-1"},"canonical":"https:\/\/www.phi-denim.com\/fr\/product\/phijoo1_co6\/","og_locale":"fr_FR","og_type":"article","og_title":"PHIJOO1_CO6 - phi. denim","og_description":"[:fr]   Indigo Denim 14oz sandforized de chez Collect Mill  Denim avec finition selvedge 100% coton  Selvedge rouge et blanc  5 boutons: en cuivre  Patte de serrage au dos avec boucle de serrage et rivets en cuivre  Points de chainette selon les coutures  Signature du denim s\u00e9rigraphi\u00e9e  Denim num\u00e9rot\u00e9  Poche   Poche kimono Vintage \u00e0 motif Kagasuri \u30ab\u30ac\u30b9\u30ea. Tissage minimaliste avec effet pointilliste dit \u201cMoustique\u201d. Ce motif est de plus en plus rare et compliqu\u00e9 \u00e0 trouver car il demande beaucoup de temps de travail.  Renforc\u00e9e par une bande de tape en coton Indigo d\u00e9coup\u00e9e au laser et coll\u00e9e. L'indigo \u00e9tant un produit de teinture naturelle, il peut y avoir des diff\u00e9rences de couleurs.  Sizing   Nous recommandons de choisir votre taille habituelle ou bien une taille en dessous pour un rendu plus ajust\u00e9.  Chaque veste a \u00e9t\u00e9 soak\u00e9 1 fois.  [:en]   14oz indigo denim sanforized from Collect Mill  100% cotton selvage denim made in Japan  Red selvedge finish  5 copper buttons on front  Back cinch tab with copper buckle and rivets  Chain stitch applied on some parts  Silk screen signature  Individually numbered denim  Pocket   Pocket coming from Antique kimono with a kagasuri \u30ab\u30ac\u30b9\u30eapattern. The meaning in Japanese culture is a mosquito pattern. It becomes really difficult to find some because of the complexity of the weaving process to obtain such a precise point.  Laser cutted japanese indigo jersey reinforced element bonded on top of the pocket. Indigo dying is a natural process, so we can have some differents shades on the products.  Sizing   We recommand to take your usual size or one size lower if you want it adjusted  Each jacket have been soak 1 time.  [:ja]   14oz \u306e\u6574\u7406\u52a0\u5de5\u3055\u308c\u305f\u30a4\u30f3\u30c7\u30a3\u30b4\u30c7\u30cb\u30e0  100%\u30b3\u30c3\u30c8\u30f3\u3000\u30e1\u30a4\u30c9 \u30a4\u30f3 \u30b8\u30e3\u30d1\u30f3\u3000\u30bb\u30eb\u30f4\u30a3\u30c3\u30b8\u30c7\u30cb\u30e0  \u8d64\u306e\u30bb\u30eb\u30f4\u30a3\u30c3\u30b8  \u30d5\u30ed\u30f3\u30c8\u306e5\u3064\u306e\u30ab\u30c3\u30d1\u30fc\u30dc\u30bf\u30f3  \u30ab\u30c3\u30d1\u30fc\u30ab\u30e9\u30fc\u306e\u30d0\u30c3\u30af\u30eb\u3068\u30ea\u30d9\u30c3\u30c8\u306e\u30d0\u30c3\u30af\u30b7\u30f3\u30c1  \u90e8\u5206\u7684\u306b\u7528\u3044\u3089\u308c\u305f\u30c1\u30a7\u30fc\u30f3\u30b9\u30c6\u30c3\u30c1  \u30b7\u30eb\u30af\u3059\u308b\u30ea\u30fc\u30f3\u306e\u30b7\u30ea\u30a2\u30eb\u30b7\u30b0\u30cd\u30c1\u30e3\u30fc  \u500b\u3005\u306b\u30ca\u30f3\u30d0\u30ea\u30f3\u30b0\u3055\u308c\u305f\u30c7\u30cb\u30e0  \u30a2\u30f3\u30c6\u30a3\u30fc\u30af\u306e\u868a\u7d63\u3092\u4f7f\u7528\u3057\u305f\u30dd\u30b1\u30c3\u30c8 \u868a\u306e\u3088\u3046\u306a\u6587\u69d8\u304c\u7279\u5fb4\u306e\u7d63\u751f\u5730\u3002\u5236\u4f5c\u306b\u9ad8\u5ea6\u306a\u6280\u8853\u304c\u5fc5\u8981\u3068\u306a\u308b\u305f\u3081\u3001\u30a2\u30f3\u30c6\u30a3\u30fc\u30af\u3067\u72b6\u614b\u306e\u826f\u3044\u751f\u5730\u3092\u63a2\u3059\u306e\u306f\u7c21\u5358\u3067\u306f\u3042\u308a\u307e\u305b\u3093\u3002  \u30ec\u30fc\u30b6\u30fc\u30ab\u30c3\u30c8\u3055\u308c\u305f\u65e5\u672c\u7523\u306e\u30a4\u30f3\u30c7\u30a3\u30b4\u30b8\u30e3\u30fc\u30b8\u30fc\u306f\u30dd\u30b1\u30c3\u30c8\u306e\u4e0a\u90e8\u306b\u88dc\u5f37\u306e\u305f\u3081\u30dc\u30f3\u30c7\u30a3\u30f3\u30b0\u3055\u308c\u3066\u3044\u307e\u3059\u3002\u30a4\u30f3\u30c7\u30a3\u30b4\u67d3\u306f\u30ca\u30c1\u30e5\u30e9\u30eb\u306a\u624b\u6cd5\u306b\u3088\u308a\u67d3\u3081\u3066\u3044\u308b\u305f\u3081\u3001\u500b\u3005\u306b\u30e6\u30cb\u30fc\u30af\u306a\u67d3\u3081\u4e0a\u304c\u308a\u306b\u306a\u3063\u3066\u3044\u307e\u3059\u3002  \u901a\u5e38\u306e\u6d0b\u670d\u306e\u30b5\u30a4\u30ba\u3001\u3082\u3057\u304f\u306f\u30d4\u30c3\u30bf\u30ea\u3067\u7740\u7528\u3055\u308c\u305f\u3044\u5834\u5408\u306f\u30ef\u30f3\u30b5\u30a4\u30ba\u5c0f\u3055\u3081\u3092\u304a\u52e7\u3081\u3057\u307e\u3059  \u5168\u3066\u306e\u30b8\u30e3\u30b1\u30c3\u30c8\u306f1\u5ea6\u6c34\u901a\u3057\u3092\u3057\u3066\u3044\u307e\u3059\u3002  [:]","og_url":"https:\/\/www.phi-denim.com\/fr\/product\/phijoo1_co6\/","og_site_name":"phi. denim","article_modified_time":"2023-01-15T17:52:35+00:00","og_image":[{"width":2560,"height":1707,"url":"https:\/\/www.phi-denim.com\/wp-content\/uploads\/2022\/11\/IMG_8063-scaled.jpg","type":"image\/jpeg"}],"twitter_card":"summary_large_image","twitter_misc":{"Dur\u00e9e de lecture estim\u00e9e":"2 minutes"},"schema":{"@context":"https:\/\/schema.org","@graph":[{"@type":"WebSite","@id":"https:\/\/www.phi-denim.com\/en\/#website","url":"https:\/\/www.phi-denim.com\/en\/","name":"phi. denim","description":"The denim collective","potentialAction":[{"@type":"SearchAction","target":{"@type":"EntryPoint","urlTemplate":"https:\/\/www.phi-denim.com\/en\/?s={search_term_string}"},"query-input":"required name=search_term_string"}],"inLanguage":"fr-FR"},{"@type":"ImageObject","@id":"https:\/\/www.phi-denim.com\/fr\/product\/phijoo1_co6\/#primaryimage","inLanguage":"fr-FR","url":"https:\/\/www.phi-denim.com\/wp-content\/uploads\/2022\/11\/IMG_8063-scaled.jpg","contentUrl":"https:\/\/www.phi-denim.com\/wp-content\/uploads\/2022\/11\/IMG_8063-scaled.jpg","width":2560,"height":1707},{"@type":"WebPage","@id":"https:\/\/www.phi-denim.com\/fr\/product\/phijoo1_co6\/#webpage","url":"https:\/\/www.phi-denim.com\/fr\/product\/phijoo1_co6\/","name":"PHIJOO1_CO6 - phi. denim","isPartOf":{"@id":"https:\/\/www.phi-denim.com\/en\/#website"},"primaryImageOfPage":{"@id":"https:\/\/www.phi-denim.com\/fr\/product\/phijoo1_co6\/#primaryimage"},"datePublished":"2022-11-28T09:09:16+00:00","dateModified":"2023-01-15T17:52:35+00:00","breadcrumb":{"@id":"https:\/\/www.phi-denim.com\/fr\/product\/phijoo1_co6\/#breadcrumb"},"inLanguage":"fr-FR","potentialAction":[{"@type":"ReadAction","target":["https:\/\/www.phi-denim.com\/fr\/product\/phijoo1_co6\/"]}]},{"@type":"BreadcrumbList","@id":"https:\/\/www.phi-denim.com\/fr\/product\/phijoo1_co6\/#breadcrumb","itemListElement":[{"@type":"ListItem","position":1,"name":"Home","item":"https:\/\/www.phi-denim.com\/en\/"},{"@type":"ListItem","position":2,"name":"E-shop","item":"http:\/\/www.phi-denim.com\/fr\/shop\/"},{"@type":"ListItem","position":3,"name":"PHIJOO1_CO6"}]}]}},"_links":{"self":[{"href":"https:\/\/www.phi-denim.com\/fr\/wp-json\/wp\/v2\/product\/113709"}],"collection":[{"href":"https:\/\/www.phi-denim.com\/fr\/wp-json\/wp\/v2\/product"}],"about":[{"href":"https:\/\/www.phi-denim.com\/fr\/wp-json\/wp\/v2\/types\/product"}],"replies":[{"embeddable":true,"href":"https:\/\/www.phi-denim.com\/fr\/wp-json\/wp\/v2\/comments?post=113709"}],"wp:featuredmedia":[{"embeddable":true,"href":"https:\/\/www.phi-denim.com\/fr\/wp-json\/wp\/v2\/media\/113732"}],"wp:attachment":[{"href":"https:\/\/www.phi-denim.com\/fr\/wp-json\/wp\/v2\/media?parent=113709"}],"curies":[{"name":"wp","href":"https:\/\/api.w.org\/{rel}","templated":true}]}}