{"id":1622,"date":"2017-10-30T11:02:16","date_gmt":"2017-10-30T10:02:16","guid":{"rendered":"http:\/\/www.phi-denim.com\/en\/?post_type=product&#038;p=1622"},"modified":"2018-09-04T15:35:27","modified_gmt":"2018-09-04T14:35:27","slug":"phi02_amiral","status":"publish","type":"product","link":"https:\/\/www.phi-denim.com\/fr\/product\/phi02_amiral\/","title":{"rendered":"PHI02_AMIRAL"},"content":{"rendered":"<p>[vc_row type=&#8221;boxed&#8221; css=&#8221;.vc_custom_1475239555787{margin-top: 30px !important;margin-right: 30px !important;margin-bottom: 30px !important;margin-left: 30px !important;}&#8221;][vc_column][vc_column_text]La poche arri\u00e8re est l\u2019\u00e9l\u00e9ment distinctif du jean phi. A l\u2019occasion de la collaboration entre Armor Lux et phi., nous avons s\u00e9lectionn\u00e9 le tissu de la marini\u00e8re Amiral. Ce maillot de corps ray\u00e9 est utilis\u00e9 par les marins ; les rayures sont devenues iconiques \u00e0 partir du XVIII\u00e8me si\u00e8cle et, selon la tradition, servaient \u00e0 rep\u00e9rer plus facilement les hommes tomb\u00e9s en mer.<\/p>\n<p>[\/vc_column_text][\/vc_column][\/vc_row]<\/p>","protected":false},"excerpt":{"rendered":"<ul>\n<li>Denim 14 oz\u00a0unsanforized<\/li>\n<li>Coupe relaxed tapered<\/li>\n<li>Selvedge rouge et blanc<\/li>\n<li>Braguette: 4 boutons en cuivre<\/li>\n<li>Renfort avec rivets en cuivre<\/li>\n<li>Points de chainettes<\/li>\n<li>Signature du denim s\u00e9rigraphi\u00e9e<\/li>\n<li>Denim num\u00e9rot\u00e9<\/li>\n<li>Limit\u00e9 \u00e0 <strong>5 exemplaires<\/strong><\/li>\n<\/ul>\n<p><strong>Poche<\/strong><\/p>\n<ul>\n<li>Poche extraite de la marini\u00e8re Armor Lux Amiral \u2013 KAIGUN TAISHO \u2013 Fabriqu\u00e9e en France<\/li>\n<li>Doubl\u00e9 pour renfort<\/li>\n<li>Renforc\u00e9e par une bande\u00a0de denim coup\u00e9e au laser et coll\u00e9e<\/li>\n<\/ul>\n<p><span style=\"font-size: 13px;\">Le mannequin mesure 1.80 et porte un 29&#215;34<\/span><\/p>\n","protected":false},"featured_media":1654,"comment_status":"open","ping_status":"closed","template":"","meta":[],"yoast_head":"<!-- This site is optimized with the Yoast SEO plugin v17.7.1 - https:\/\/yoast.com\/wordpress\/plugins\/seo\/ -->\n<title>PHI02_AMIRAL - phi. denim<\/title>\n<meta name=\"robots\" content=\"index, follow, max-snippet:-1, max-image-preview:large, max-video-preview:-1\" \/>\n<link rel=\"canonical\" href=\"https:\/\/www.phi-denim.com\/fr\/product\/phi02_amiral\/\" \/>\n<meta property=\"og:locale\" content=\"fr_FR\" \/>\n<meta property=\"og:type\" content=\"article\" \/>\n<meta property=\"og:title\" content=\"PHI02_AMIRAL - phi. denim\" \/>\n<meta property=\"og:description\" content=\"[:fr]   Denim 14 oz\u00a0unsanforized  Coupe relaxed tapered  Selvedge rouge et blanc  Braguette: 4 boutons en cuivre  Renfort avec rivets en cuivre  Points de chainettes  Signature du denim s\u00e9rigraphi\u00e9e  Denim num\u00e9rot\u00e9  Limit\u00e9 \u00e0 5 exemplaires  Poche   Poche extraite de la marini\u00e8re Armor Lux Amiral \u2013 KAIGUN TAISHO \u2013 Fabriqu\u00e9e en France  Doubl\u00e9 pour renfort  Renforc\u00e9e par une bande\u00a0de denim coup\u00e9e au laser et coll\u00e9e  Le mannequin mesure 1.80 et porte un 29x34  [:en]   14oz unsanforized Denim Relaxed  Tapered fit  Red and Black edge finish  Doubled Kimono pocket for reinforcement  Reinforced with copper rivets  Stitch points  Silk screen signature  Individually numbered denim  Limited series to 5 copies  Pocket   Pocket taken from Armor Lux orginal stripe top Amiral \u2013 KAIGUN TAISHO \u2013 Made in France  Doubled Kimono pocket for reinforcement  Kimono pocket reinforced by a band of bonded laser cut denim  The mannequin is 1.80 m \/ 5.9 ft and wear a 29x34  [:ja]   14\u30aa\u30f3\u30b9 \u751f\u30c7\u30cb\u30e0 \u30ea\u30e9\u30c3\u30af\u30b9  \u30ea\u30e9\u30c3\u30af\u30b9\u3001\u30c6\u30fc\u30d1\u30fc\u30c9\u30d5\u30a3\u30c3\u30c8  \u8d64\u3068\u9ed2\u30df\u30df\u306e\u30bb\u30eb\u30d3\u30c3\u30c1  \u88dc\u5f37\u306e\u305f\u30812\u91cd\u306b\u3057\u305f\u7740\u7269\u751f\u5730  \u88dc\u5f37\u306e\u305f\u3081\u306e\u30b3\u30c3\u30d1\u30fc\u30ea\u30d9\u30c3\u30c8  \u30c1\u30a7\u30fc\u30f3\u30b9\u30c6\u30c3\u30c1  \u30b7\u30ea\u30a2\u30eb\u30ca\u30f3\u30d0\u30fc\u7528\u306e\u30b7\u30eb\u30af\u30b9\u30af\u30ea\u30fc\u30f3\u30d7\u30ea\u30f3\u30c8  \u30b7\u30ea\u30a2\u30eb\u30ca\u30f3\u30d0\u30fc\u5165\u308a  \u30ea\u30df\u30c6\u30a3\u30c3\u30c9\u3000\u30b7\u30ea\u30fc\u30ba5 \u672c  \u30dd\u30b1\u30c3\u30c8   \u7dbf\u7740\u7269\u3092\u4f7f\u7528\u3057\u305f\u30dd\u30b1\u30c3\u30c8  \u868a\u7d63  2\u91cd\u306b\u3057\u3001\u88dc\u5f37\u3057\u305f\u7740\u7269\u751f\u5730  \u30ec\u30fc\u30b6\u30fc\u30ab\u30c3\u30c8\u3057\u305f\u30c7\u30cb\u30e0\u3067\u5727\u7740\u3057\u3001\u88dc\u5f37\u3057\u305f\u7740\u7269\u751f\u5730\u3092\u4f7f\u7528\u3057\u305f\u30dd\u30b1\u30c3\u30c8  \u30de\u30cd\u30ad\u30f3\u306f180\u339d\/5.9ft 29 x34\u306e\u30c7\u30cb\u30e0\u3092\u7740\u7528\u3057\u3066\u3044\u307e\u3059\u3002  [:]\" \/>\n<meta property=\"og:url\" content=\"https:\/\/www.phi-denim.com\/fr\/product\/phi02_amiral\/\" \/>\n<meta property=\"og:site_name\" content=\"phi. denim\" \/>\n<meta property=\"article:modified_time\" content=\"2018-09-04T14:35:27+00:00\" \/>\n<meta property=\"og:image\" content=\"https:\/\/www.phi-denim.com\/wp-content\/uploads\/2017\/10\/21102017-FUJIFILM_X-T2135.jpg\" \/>\n\t<meta property=\"og:image:width\" content=\"2000\" \/>\n\t<meta property=\"og:image:height\" content=\"1333\" \/>\n<meta name=\"twitter:card\" content=\"summary_large_image\" \/>\n<meta name=\"twitter:label1\" content=\"Dur\u00e9e de lecture estim\u00e9e\" \/>\n\t<meta name=\"twitter:data1\" content=\"1 minute\" \/>\n<script type=\"application\/ld+json\" class=\"yoast-schema-graph\">{\"@context\":\"https:\/\/schema.org\",\"@graph\":[{\"@type\":\"WebSite\",\"@id\":\"https:\/\/www.phi-denim.com\/en\/#website\",\"url\":\"https:\/\/www.phi-denim.com\/en\/\",\"name\":\"phi. denim\",\"description\":\"The denim collective\",\"potentialAction\":[{\"@type\":\"SearchAction\",\"target\":{\"@type\":\"EntryPoint\",\"urlTemplate\":\"https:\/\/www.phi-denim.com\/en\/?s={search_term_string}\"},\"query-input\":\"required name=search_term_string\"}],\"inLanguage\":\"fr-FR\"},{\"@type\":\"ImageObject\",\"@id\":\"https:\/\/www.phi-denim.com\/fr\/product\/phi02_amiral\/#primaryimage\",\"inLanguage\":\"fr-FR\",\"url\":\"https:\/\/www.phi-denim.com\/wp-content\/uploads\/2017\/10\/21102017-FUJIFILM_X-T2135.jpg\",\"contentUrl\":\"https:\/\/www.phi-denim.com\/wp-content\/uploads\/2017\/10\/21102017-FUJIFILM_X-T2135.jpg\",\"width\":2000,\"height\":1333},{\"@type\":\"WebPage\",\"@id\":\"https:\/\/www.phi-denim.com\/fr\/product\/phi02_amiral\/#webpage\",\"url\":\"https:\/\/www.phi-denim.com\/fr\/product\/phi02_amiral\/\",\"name\":\"PHI02_AMIRAL - phi. denim\",\"isPartOf\":{\"@id\":\"https:\/\/www.phi-denim.com\/en\/#website\"},\"primaryImageOfPage\":{\"@id\":\"https:\/\/www.phi-denim.com\/fr\/product\/phi02_amiral\/#primaryimage\"},\"datePublished\":\"2017-10-30T10:02:16+00:00\",\"dateModified\":\"2018-09-04T14:35:27+00:00\",\"breadcrumb\":{\"@id\":\"https:\/\/www.phi-denim.com\/fr\/product\/phi02_amiral\/#breadcrumb\"},\"inLanguage\":\"fr-FR\",\"potentialAction\":[{\"@type\":\"ReadAction\",\"target\":[\"https:\/\/www.phi-denim.com\/fr\/product\/phi02_amiral\/\"]}]},{\"@type\":\"BreadcrumbList\",\"@id\":\"https:\/\/www.phi-denim.com\/fr\/product\/phi02_amiral\/#breadcrumb\",\"itemListElement\":[{\"@type\":\"ListItem\",\"position\":1,\"name\":\"Home\",\"item\":\"https:\/\/www.phi-denim.com\/en\/\"},{\"@type\":\"ListItem\",\"position\":2,\"name\":\"E-shop\",\"item\":\"http:\/\/www.phi-denim.com\/fr\/shop\/\"},{\"@type\":\"ListItem\",\"position\":3,\"name\":\"PHI02_AMIRAL\"}]}]}<\/script>\n<!-- \/ Yoast SEO plugin. -->","yoast_head_json":{"title":"PHI02_AMIRAL - phi. denim","robots":{"index":"index","follow":"follow","max-snippet":"max-snippet:-1","max-image-preview":"max-image-preview:large","max-video-preview":"max-video-preview:-1"},"canonical":"https:\/\/www.phi-denim.com\/fr\/product\/phi02_amiral\/","og_locale":"fr_FR","og_type":"article","og_title":"PHI02_AMIRAL - phi. denim","og_description":"[:fr]   Denim 14 oz\u00a0unsanforized  Coupe relaxed tapered  Selvedge rouge et blanc  Braguette: 4 boutons en cuivre  Renfort avec rivets en cuivre  Points de chainettes  Signature du denim s\u00e9rigraphi\u00e9e  Denim num\u00e9rot\u00e9  Limit\u00e9 \u00e0 5 exemplaires  Poche   Poche extraite de la marini\u00e8re Armor Lux Amiral \u2013 KAIGUN TAISHO \u2013 Fabriqu\u00e9e en France  Doubl\u00e9 pour renfort  Renforc\u00e9e par une bande\u00a0de denim coup\u00e9e au laser et coll\u00e9e  Le mannequin mesure 1.80 et porte un 29x34  [:en]   14oz unsanforized Denim Relaxed  Tapered fit  Red and Black edge finish  Doubled Kimono pocket for reinforcement  Reinforced with copper rivets  Stitch points  Silk screen signature  Individually numbered denim  Limited series to 5 copies  Pocket   Pocket taken from Armor Lux orginal stripe top Amiral \u2013 KAIGUN TAISHO \u2013 Made in France  Doubled Kimono pocket for reinforcement  Kimono pocket reinforced by a band of bonded laser cut denim  The mannequin is 1.80 m \/ 5.9 ft and wear a 29x34  [:ja]   14\u30aa\u30f3\u30b9 \u751f\u30c7\u30cb\u30e0 \u30ea\u30e9\u30c3\u30af\u30b9  \u30ea\u30e9\u30c3\u30af\u30b9\u3001\u30c6\u30fc\u30d1\u30fc\u30c9\u30d5\u30a3\u30c3\u30c8  \u8d64\u3068\u9ed2\u30df\u30df\u306e\u30bb\u30eb\u30d3\u30c3\u30c1  \u88dc\u5f37\u306e\u305f\u30812\u91cd\u306b\u3057\u305f\u7740\u7269\u751f\u5730  \u88dc\u5f37\u306e\u305f\u3081\u306e\u30b3\u30c3\u30d1\u30fc\u30ea\u30d9\u30c3\u30c8  \u30c1\u30a7\u30fc\u30f3\u30b9\u30c6\u30c3\u30c1  \u30b7\u30ea\u30a2\u30eb\u30ca\u30f3\u30d0\u30fc\u7528\u306e\u30b7\u30eb\u30af\u30b9\u30af\u30ea\u30fc\u30f3\u30d7\u30ea\u30f3\u30c8  \u30b7\u30ea\u30a2\u30eb\u30ca\u30f3\u30d0\u30fc\u5165\u308a  \u30ea\u30df\u30c6\u30a3\u30c3\u30c9\u3000\u30b7\u30ea\u30fc\u30ba5 \u672c  \u30dd\u30b1\u30c3\u30c8   \u7dbf\u7740\u7269\u3092\u4f7f\u7528\u3057\u305f\u30dd\u30b1\u30c3\u30c8  \u868a\u7d63  2\u91cd\u306b\u3057\u3001\u88dc\u5f37\u3057\u305f\u7740\u7269\u751f\u5730  \u30ec\u30fc\u30b6\u30fc\u30ab\u30c3\u30c8\u3057\u305f\u30c7\u30cb\u30e0\u3067\u5727\u7740\u3057\u3001\u88dc\u5f37\u3057\u305f\u7740\u7269\u751f\u5730\u3092\u4f7f\u7528\u3057\u305f\u30dd\u30b1\u30c3\u30c8  \u30de\u30cd\u30ad\u30f3\u306f180\u339d\/5.9ft 29 x34\u306e\u30c7\u30cb\u30e0\u3092\u7740\u7528\u3057\u3066\u3044\u307e\u3059\u3002  [:]","og_url":"https:\/\/www.phi-denim.com\/fr\/product\/phi02_amiral\/","og_site_name":"phi. denim","article_modified_time":"2018-09-04T14:35:27+00:00","og_image":[{"width":2000,"height":1333,"url":"https:\/\/www.phi-denim.com\/wp-content\/uploads\/2017\/10\/21102017-FUJIFILM_X-T2135.jpg","type":"image\/jpeg"}],"twitter_card":"summary_large_image","twitter_misc":{"Dur\u00e9e de lecture estim\u00e9e":"1 minute"},"schema":{"@context":"https:\/\/schema.org","@graph":[{"@type":"WebSite","@id":"https:\/\/www.phi-denim.com\/en\/#website","url":"https:\/\/www.phi-denim.com\/en\/","name":"phi. denim","description":"The denim collective","potentialAction":[{"@type":"SearchAction","target":{"@type":"EntryPoint","urlTemplate":"https:\/\/www.phi-denim.com\/en\/?s={search_term_string}"},"query-input":"required name=search_term_string"}],"inLanguage":"fr-FR"},{"@type":"ImageObject","@id":"https:\/\/www.phi-denim.com\/fr\/product\/phi02_amiral\/#primaryimage","inLanguage":"fr-FR","url":"https:\/\/www.phi-denim.com\/wp-content\/uploads\/2017\/10\/21102017-FUJIFILM_X-T2135.jpg","contentUrl":"https:\/\/www.phi-denim.com\/wp-content\/uploads\/2017\/10\/21102017-FUJIFILM_X-T2135.jpg","width":2000,"height":1333},{"@type":"WebPage","@id":"https:\/\/www.phi-denim.com\/fr\/product\/phi02_amiral\/#webpage","url":"https:\/\/www.phi-denim.com\/fr\/product\/phi02_amiral\/","name":"PHI02_AMIRAL - phi. denim","isPartOf":{"@id":"https:\/\/www.phi-denim.com\/en\/#website"},"primaryImageOfPage":{"@id":"https:\/\/www.phi-denim.com\/fr\/product\/phi02_amiral\/#primaryimage"},"datePublished":"2017-10-30T10:02:16+00:00","dateModified":"2018-09-04T14:35:27+00:00","breadcrumb":{"@id":"https:\/\/www.phi-denim.com\/fr\/product\/phi02_amiral\/#breadcrumb"},"inLanguage":"fr-FR","potentialAction":[{"@type":"ReadAction","target":["https:\/\/www.phi-denim.com\/fr\/product\/phi02_amiral\/"]}]},{"@type":"BreadcrumbList","@id":"https:\/\/www.phi-denim.com\/fr\/product\/phi02_amiral\/#breadcrumb","itemListElement":[{"@type":"ListItem","position":1,"name":"Home","item":"https:\/\/www.phi-denim.com\/en\/"},{"@type":"ListItem","position":2,"name":"E-shop","item":"http:\/\/www.phi-denim.com\/fr\/shop\/"},{"@type":"ListItem","position":3,"name":"PHI02_AMIRAL"}]}]}},"_links":{"self":[{"href":"https:\/\/www.phi-denim.com\/fr\/wp-json\/wp\/v2\/product\/1622"}],"collection":[{"href":"https:\/\/www.phi-denim.com\/fr\/wp-json\/wp\/v2\/product"}],"about":[{"href":"https:\/\/www.phi-denim.com\/fr\/wp-json\/wp\/v2\/types\/product"}],"replies":[{"embeddable":true,"href":"https:\/\/www.phi-denim.com\/fr\/wp-json\/wp\/v2\/comments?post=1622"}],"wp:featuredmedia":[{"embeddable":true,"href":"https:\/\/www.phi-denim.com\/fr\/wp-json\/wp\/v2\/media\/1654"}],"wp:attachment":[{"href":"https:\/\/www.phi-denim.com\/fr\/wp-json\/wp\/v2\/media?parent=1622"}],"curies":[{"name":"wp","href":"https:\/\/api.w.org\/{rel}","templated":true}]}}