{"id":586,"date":"2016-04-09T19:26:21","date_gmt":"2016-04-09T18:26:21","guid":{"rendered":"http:\/\/www.phi-denim.com\/produit\/phi-rh-02\/"},"modified":"2018-05-28T16:34:34","modified_gmt":"2018-05-28T15:34:34","slug":"phi01_h01","status":"publish","type":"product","link":"https:\/\/www.phi-denim.com\/fr\/product\/phi01_h01\/","title":{"rendered":"PHI01_H01"},"content":{"rendered":"<p>[vc_row type=&#8221;boxed&#8221; css=&#8221;.vc_custom_1475244152720{margin-top: 30px !important;margin-right: 30px !important;margin-bottom: 30px !important;margin-left: 30px !important;}&#8221;][vc_column][vc_column_text]Robuste fil de coton; points de chainettes; utilisation de rivets en cuivre dits invisibles pour renforcer les poches; coutures anglaise \u00e0 l\u2019entrejambe pour une plus grande r\u00e9sistance aux mouvements; fond de poche en serg\u00e9 de coton; braguette utilisant des boutons type donuts en cuivre; tous ces elements r\u00e9pondant \u00e0 l\u2019authenticit\u00e9 requise.<\/p>\n<p>La conception de la poche dos droite combine les technologies du laser et du collage par film. D\u00e9coupe pr\u00e9cise, et assemblage pur, signature unique intemporelle.<\/p>\n<p>Purement et simplement fabriqu\u00e9 \u00e0 la main \u00e0 Okayama\/Japon, chaque jean est sign\u00e9 par ceux qui vous l\u2019on pr\u00e9par\u00e9.<br \/>\n[\/vc_column_text][\/vc_column][\/vc_row][vc_row css=&#8221;.vc_custom_1474970383599{margin: 30px !important;}&#8221;][vc_column css=&#8221;.vc_custom_1475244469614{padding-right: 20% !important;padding-left: 20% !important;}&#8221;][vc_masonry_media_grid gap=&#8221;3&#8243; item=&#8221;mediaGrid_Default&#8221; grid_id=&#8221;vc_gid:1499152497990-74fe50ca-e77a-1&#8243; include=&#8221;600,599,598,597,596,592,591,589,573,561,562,450,456,559,196&#8243;][\/vc_column][\/vc_row]<\/p>","protected":false},"excerpt":{"rendered":"<ul>\n<li>Denim 14 oz\u00a0unsanforized<\/li>\n<li>Coupe relaxed tapered<\/li>\n<li>Selvedge rouge et blanc<\/li>\n<li>Braguette: 4 boutons en cuivre<\/li>\n<li>Renfort avec rivets en cuivre<\/li>\n<li>Points de chainettes<\/li>\n<li>Signature du denim s\u00e9rigraphi\u00e9e<\/li>\n<li>Denim num\u00e9rot\u00e9<\/li>\n<li>Limit\u00e9 \u00e0 <strong>18 exemplaires<\/strong><\/li>\n<\/ul>\n<p><strong>Poche<\/strong><\/p>\n<ul>\n<li>Poche extraite d\u2019un Kimono Chanvre\u00a0\u00e0 motif <strong>Koushi \u30b3\u30a6\u30b7<\/strong><\/li>\n<li>Renforc\u00e9e par une bande\u00a0de denim coup\u00e9e au laser et coll\u00e9e<\/li>\n<\/ul>\n<p>Pour ce mod\u00e8le, choisissez une taille en dessous de la normal.<\/p>\n","protected":false},"featured_media":850,"comment_status":"open","ping_status":"closed","template":"","meta":[],"yoast_head":"<!-- This site is optimized with the Yoast SEO plugin v17.7.1 - https:\/\/yoast.com\/wordpress\/plugins\/seo\/ -->\n<title>PHI01_H01 - phi. denim<\/title>\n<meta name=\"robots\" content=\"index, follow, max-snippet:-1, max-image-preview:large, max-video-preview:-1\" \/>\n<link rel=\"canonical\" href=\"https:\/\/www.phi-denim.com\/fr\/product\/phi01_h01\/\" \/>\n<meta property=\"og:locale\" content=\"fr_FR\" \/>\n<meta property=\"og:type\" content=\"article\" \/>\n<meta property=\"og:title\" content=\"PHI01_H01 - phi. denim\" \/>\n<meta property=\"og:description\" content=\"[:fr]   Denim 14 oz\u00a0unsanforized  Coupe relaxed tapered  Selvedge rouge et blanc  Braguette: 4 boutons en cuivre  Renfort avec rivets en cuivre  Points de chainettes  Signature du denim s\u00e9rigraphi\u00e9e  Denim num\u00e9rot\u00e9  Limit\u00e9 \u00e0 18 exemplaires  Poche   Poche extraite d\u2019un Kimono Chanvre\u00a0\u00e0 motif Koushi \u30b3\u30a6\u30b7  Renforc\u00e9e par une bande\u00a0de denim coup\u00e9e au laser et coll\u00e9e  Pour ce mod\u00e8le, choisissez une taille en dessous de la normal.  [:en]   14oz unsanforized Denim Relaxed  Tapered fit  Red and Black edge finish  Doubled Kimono pocket for reinforcement  Reinforced with copper rivets  Stitch points  Silk screen signature  Individually numbered denim  Limited series to 18 copies  Pocket   Pocket taken from traditional Hemp kimonos Koushi \u30b3\u30a6\u30b7  Kimono pocket reinforced by a band of bonded laser cut denim  For this model, select one size under your regular one.  [:ja]   14\u30aa\u30f3\u30b9 \u751f\u30c7\u30cb\u30e0 \u30ea\u30e9\u30c3\u30af\u30b9  \u30ea\u30e9\u30c3\u30af\u30b9\u3001\u30c6\u30fc\u30d1\u30fc\u30c9\u30d5\u30a3\u30c3\u30c8  \u8d64\u3068\u9ed2\u30df\u30df\u306e\u30bb\u30eb\u30d3\u30c3\u30c1  \u88dc\u5f37\u306e\u305f\u30812\u91cd\u306b\u3057\u305f\u7740\u7269\u751f\u5730  \u88dc\u5f37\u306e\u305f\u3081\u306e\u30b3\u30c3\u30d1\u30fc\u30ea\u30d9\u30c3\u30c8  \u30c1\u30a7\u30fc\u30f3\u30b9\u30c6\u30c3\u30c1  \u30b7\u30ea\u30a2\u30eb\u30ca\u30f3\u30d0\u30fc\u7528\u306e\u30b7\u30eb\u30af\u30b9\u30af\u30ea\u30fc\u30f3\u30d7\u30ea\u30f3\u30c8  \u30b7\u30ea\u30a2\u30eb\u30ca\u30f3\u30d0\u30fc\u5165\u308a  \u30ea\u30df\u30c6\u30a3\u30c3\u30c9\u3000\u30b7\u30ea\u30fc\u30ba\u300018 \u672c  \u30dd\u30b1\u30c3\u30c8   \u30dd\u30b1\u30c3\u30c8\u306b\u306f\u3001\u683c\u5b50\u67c4\u306e\u9ebb\u7740\u7269\u3092\u4f7f\u7528\u3002  \u30ec\u30fc\u30b6\u30fc\u30ab\u30c3\u30c8\u3057\u305f\u30c7\u30cb\u30e0\u3067\u5727\u7740\u3057\u3001\u88dc\u5f37\u3057\u305f\u7740\u7269\u751f\u5730\u3092\u4f7f\u7528\u3057\u305f\u30dd\u30b1\u30c3\u30c8  [:]\" \/>\n<meta property=\"og:url\" content=\"https:\/\/www.phi-denim.com\/fr\/product\/phi01_h01\/\" \/>\n<meta property=\"og:site_name\" content=\"phi. denim\" \/>\n<meta property=\"article:modified_time\" content=\"2018-05-28T15:34:34+00:00\" \/>\n<meta property=\"og:image\" content=\"https:\/\/www.phi-denim.com\/wp-content\/uploads\/2016\/04\/PHI01_H01-1-scaled.jpg\" \/>\n\t<meta property=\"og:image:width\" content=\"2560\" \/>\n\t<meta property=\"og:image:height\" content=\"1707\" \/>\n<meta name=\"twitter:card\" content=\"summary_large_image\" \/>\n<meta name=\"twitter:label1\" content=\"Dur\u00e9e de lecture estim\u00e9e\" \/>\n\t<meta name=\"twitter:data1\" content=\"1 minute\" \/>\n<script type=\"application\/ld+json\" class=\"yoast-schema-graph\">{\"@context\":\"https:\/\/schema.org\",\"@graph\":[{\"@type\":\"WebSite\",\"@id\":\"https:\/\/www.phi-denim.com\/ja\/#website\",\"url\":\"https:\/\/www.phi-denim.com\/ja\/\",\"name\":\"phi. denim\",\"description\":\"The denim collective\",\"potentialAction\":[{\"@type\":\"SearchAction\",\"target\":{\"@type\":\"EntryPoint\",\"urlTemplate\":\"https:\/\/www.phi-denim.com\/ja\/?s={search_term_string}\"},\"query-input\":\"required name=search_term_string\"}],\"inLanguage\":\"fr-FR\"},{\"@type\":\"ImageObject\",\"@id\":\"https:\/\/www.phi-denim.com\/fr\/product\/phi01_h01\/#primaryimage\",\"inLanguage\":\"fr-FR\",\"url\":\"https:\/\/www.phi-denim.com\/wp-content\/uploads\/2016\/04\/PHI01_H01-1-scaled.jpg\",\"contentUrl\":\"https:\/\/www.phi-denim.com\/wp-content\/uploads\/2016\/04\/PHI01_H01-1-scaled.jpg\",\"width\":2560,\"height\":1707},{\"@type\":\"WebPage\",\"@id\":\"https:\/\/www.phi-denim.com\/fr\/product\/phi01_h01\/#webpage\",\"url\":\"https:\/\/www.phi-denim.com\/fr\/product\/phi01_h01\/\",\"name\":\"PHI01_H01 - phi. denim\",\"isPartOf\":{\"@id\":\"https:\/\/www.phi-denim.com\/ja\/#website\"},\"primaryImageOfPage\":{\"@id\":\"https:\/\/www.phi-denim.com\/fr\/product\/phi01_h01\/#primaryimage\"},\"datePublished\":\"2016-04-09T18:26:21+00:00\",\"dateModified\":\"2018-05-28T15:34:34+00:00\",\"breadcrumb\":{\"@id\":\"https:\/\/www.phi-denim.com\/fr\/product\/phi01_h01\/#breadcrumb\"},\"inLanguage\":\"fr-FR\",\"potentialAction\":[{\"@type\":\"ReadAction\",\"target\":[\"https:\/\/www.phi-denim.com\/fr\/product\/phi01_h01\/\"]}]},{\"@type\":\"BreadcrumbList\",\"@id\":\"https:\/\/www.phi-denim.com\/fr\/product\/phi01_h01\/#breadcrumb\",\"itemListElement\":[{\"@type\":\"ListItem\",\"position\":1,\"name\":\"Home\",\"item\":\"https:\/\/www.phi-denim.com\/ja\/\"},{\"@type\":\"ListItem\",\"position\":2,\"name\":\"E-shop\",\"item\":\"https:\/\/www.phi-denim.com\/fr\/shop\/\"},{\"@type\":\"ListItem\",\"position\":3,\"name\":\"PHI01_H01\"}]}]}<\/script>\n<!-- \/ Yoast SEO plugin. -->","yoast_head_json":{"title":"PHI01_H01 - phi. denim","robots":{"index":"index","follow":"follow","max-snippet":"max-snippet:-1","max-image-preview":"max-image-preview:large","max-video-preview":"max-video-preview:-1"},"canonical":"https:\/\/www.phi-denim.com\/fr\/product\/phi01_h01\/","og_locale":"fr_FR","og_type":"article","og_title":"PHI01_H01 - phi. denim","og_description":"[:fr]   Denim 14 oz\u00a0unsanforized  Coupe relaxed tapered  Selvedge rouge et blanc  Braguette: 4 boutons en cuivre  Renfort avec rivets en cuivre  Points de chainettes  Signature du denim s\u00e9rigraphi\u00e9e  Denim num\u00e9rot\u00e9  Limit\u00e9 \u00e0 18 exemplaires  Poche   Poche extraite d\u2019un Kimono Chanvre\u00a0\u00e0 motif Koushi \u30b3\u30a6\u30b7  Renforc\u00e9e par une bande\u00a0de denim coup\u00e9e au laser et coll\u00e9e  Pour ce mod\u00e8le, choisissez une taille en dessous de la normal.  [:en]   14oz unsanforized Denim Relaxed  Tapered fit  Red and Black edge finish  Doubled Kimono pocket for reinforcement  Reinforced with copper rivets  Stitch points  Silk screen signature  Individually numbered denim  Limited series to 18 copies  Pocket   Pocket taken from traditional Hemp kimonos Koushi \u30b3\u30a6\u30b7  Kimono pocket reinforced by a band of bonded laser cut denim  For this model, select one size under your regular one.  [:ja]   14\u30aa\u30f3\u30b9 \u751f\u30c7\u30cb\u30e0 \u30ea\u30e9\u30c3\u30af\u30b9  \u30ea\u30e9\u30c3\u30af\u30b9\u3001\u30c6\u30fc\u30d1\u30fc\u30c9\u30d5\u30a3\u30c3\u30c8  \u8d64\u3068\u9ed2\u30df\u30df\u306e\u30bb\u30eb\u30d3\u30c3\u30c1  \u88dc\u5f37\u306e\u305f\u30812\u91cd\u306b\u3057\u305f\u7740\u7269\u751f\u5730  \u88dc\u5f37\u306e\u305f\u3081\u306e\u30b3\u30c3\u30d1\u30fc\u30ea\u30d9\u30c3\u30c8  \u30c1\u30a7\u30fc\u30f3\u30b9\u30c6\u30c3\u30c1  \u30b7\u30ea\u30a2\u30eb\u30ca\u30f3\u30d0\u30fc\u7528\u306e\u30b7\u30eb\u30af\u30b9\u30af\u30ea\u30fc\u30f3\u30d7\u30ea\u30f3\u30c8  \u30b7\u30ea\u30a2\u30eb\u30ca\u30f3\u30d0\u30fc\u5165\u308a  \u30ea\u30df\u30c6\u30a3\u30c3\u30c9\u3000\u30b7\u30ea\u30fc\u30ba\u300018 \u672c  \u30dd\u30b1\u30c3\u30c8   \u30dd\u30b1\u30c3\u30c8\u306b\u306f\u3001\u683c\u5b50\u67c4\u306e\u9ebb\u7740\u7269\u3092\u4f7f\u7528\u3002  \u30ec\u30fc\u30b6\u30fc\u30ab\u30c3\u30c8\u3057\u305f\u30c7\u30cb\u30e0\u3067\u5727\u7740\u3057\u3001\u88dc\u5f37\u3057\u305f\u7740\u7269\u751f\u5730\u3092\u4f7f\u7528\u3057\u305f\u30dd\u30b1\u30c3\u30c8  [:]","og_url":"https:\/\/www.phi-denim.com\/fr\/product\/phi01_h01\/","og_site_name":"phi. denim","article_modified_time":"2018-05-28T15:34:34+00:00","og_image":[{"width":2560,"height":1707,"url":"https:\/\/www.phi-denim.com\/wp-content\/uploads\/2016\/04\/PHI01_H01-1-scaled.jpg","type":"image\/jpeg"}],"twitter_card":"summary_large_image","twitter_misc":{"Dur\u00e9e de lecture estim\u00e9e":"1 minute"},"schema":{"@context":"https:\/\/schema.org","@graph":[{"@type":"WebSite","@id":"https:\/\/www.phi-denim.com\/ja\/#website","url":"https:\/\/www.phi-denim.com\/ja\/","name":"phi. denim","description":"The denim collective","potentialAction":[{"@type":"SearchAction","target":{"@type":"EntryPoint","urlTemplate":"https:\/\/www.phi-denim.com\/ja\/?s={search_term_string}"},"query-input":"required name=search_term_string"}],"inLanguage":"fr-FR"},{"@type":"ImageObject","@id":"https:\/\/www.phi-denim.com\/fr\/product\/phi01_h01\/#primaryimage","inLanguage":"fr-FR","url":"https:\/\/www.phi-denim.com\/wp-content\/uploads\/2016\/04\/PHI01_H01-1-scaled.jpg","contentUrl":"https:\/\/www.phi-denim.com\/wp-content\/uploads\/2016\/04\/PHI01_H01-1-scaled.jpg","width":2560,"height":1707},{"@type":"WebPage","@id":"https:\/\/www.phi-denim.com\/fr\/product\/phi01_h01\/#webpage","url":"https:\/\/www.phi-denim.com\/fr\/product\/phi01_h01\/","name":"PHI01_H01 - phi. denim","isPartOf":{"@id":"https:\/\/www.phi-denim.com\/ja\/#website"},"primaryImageOfPage":{"@id":"https:\/\/www.phi-denim.com\/fr\/product\/phi01_h01\/#primaryimage"},"datePublished":"2016-04-09T18:26:21+00:00","dateModified":"2018-05-28T15:34:34+00:00","breadcrumb":{"@id":"https:\/\/www.phi-denim.com\/fr\/product\/phi01_h01\/#breadcrumb"},"inLanguage":"fr-FR","potentialAction":[{"@type":"ReadAction","target":["https:\/\/www.phi-denim.com\/fr\/product\/phi01_h01\/"]}]},{"@type":"BreadcrumbList","@id":"https:\/\/www.phi-denim.com\/fr\/product\/phi01_h01\/#breadcrumb","itemListElement":[{"@type":"ListItem","position":1,"name":"Home","item":"https:\/\/www.phi-denim.com\/ja\/"},{"@type":"ListItem","position":2,"name":"E-shop","item":"https:\/\/www.phi-denim.com\/fr\/shop\/"},{"@type":"ListItem","position":3,"name":"PHI01_H01"}]}]}},"_links":{"self":[{"href":"https:\/\/www.phi-denim.com\/fr\/wp-json\/wp\/v2\/product\/586"}],"collection":[{"href":"https:\/\/www.phi-denim.com\/fr\/wp-json\/wp\/v2\/product"}],"about":[{"href":"https:\/\/www.phi-denim.com\/fr\/wp-json\/wp\/v2\/types\/product"}],"replies":[{"embeddable":true,"href":"https:\/\/www.phi-denim.com\/fr\/wp-json\/wp\/v2\/comments?post=586"}],"wp:featuredmedia":[{"embeddable":true,"href":"https:\/\/www.phi-denim.com\/fr\/wp-json\/wp\/v2\/media\/850"}],"wp:attachment":[{"href":"https:\/\/www.phi-denim.com\/fr\/wp-json\/wp\/v2\/media?parent=586"}],"curies":[{"name":"wp","href":"https:\/\/api.w.org\/{rel}","templated":true}]}}