{"id":4056,"date":"2019-05-23T16:45:27","date_gmt":"2019-05-23T15:45:27","guid":{"rendered":"http:\/\/www.phi-denim.com\/en\/?post_type=product&#038;p=4056"},"modified":"2020-02-17T14:28:36","modified_gmt":"2020-02-17T13:28:36","slug":"phi03_c17","status":"publish","type":"product","link":"https:\/\/www.phi-denim.com\/ja\/product\/phi03_c17\/","title":{"rendered":"PHI03_C17"},"content":{"rendered":"<p>[vc_row type=&#8221;boxed&#8221; css=&#8221;.vc_custom_1475239555787{margin-top: 30px !important;margin-right: 30px !important;margin-bottom: 30px !important;margin-left: 30px !important;}&#8221;][vc_column][vc_column_text]\u751f\u30c7\u30cb\u30e0\u3001\u30c1\u30a7\u30fc\u30f3\u30b9\u30c6\u30c3\u30c1\u3001\u30b3\u30c3\u30d1\u30fc\u30ab\u30e9\u30fc\u30ea\u30d9\u30c3\u30c8\u3067\u306e\u30dd\u30b1\u30c3\u30c8\u88dc\u5f37\u3001\u8010\u4e45\u6027\u306e\u9ad8\u3044\u30af\u30ed\u30c3\u30c1\u30b7\u30fc\u30e0\u3001\u30dc\u30bf\u30f3\u30d5\u30e9\u30a4\u90e8\u5206\u306e\u30b3\u30c3\u30c8\u30f3\u30c4\u30a4\u30eb\u3001\u305d\u308c\u3089\u5168\u3066\u306f\u3001\u6211\u3005\u304c\u4fe1\u983c\u3092\u7f6e\u304f\u30b9\u30bf\u30f3\u30c0\u30fc\u30c9\u3067\u3059\u3002<\/p>\n<p>\u53f3\u30d0\u30c3\u30af\u30dd\u30b1\u30c3\u30c8\u306f\u30ec\u30fc\u30b6\u30fc\u30ab\u30c3\u30c8\u3068\u5727\u7740\u6280\u8853\u3067\u88fd\u4f5c\u3055\u308c\u3066\u3044\u307e\u3059\u3002\u6b63\u78ba\u306a\u30ab\u30c3\u30c8\u3068\u69cb\u9020\u306f\u30bf\u30a4\u30e0\u30ec\u30b9\u3067\u30e6\u30cb\u30fc\u30af\u306a\u30b7\u30b0\u30cd\u30c1\u30e3\u30fc\u3067\u3059\u3002<\/p>\n<p>\u30d4\u30e5\u30a2\u3067\u30b7\u30f3\u30d7\u30eb\u3001\u5ca1\u5c71\u65e5\u672c\u7523\u3002\u5168\u3066\u306e\u30c7\u30cb\u30e0\u306b\u88fd\u4f5c\u8005\u306e\u30b5\u30a4\u30f3\u304c\u624b\u66f8\u304d\u3055\u308c\u3066\u3044\u307e\u3059 \u3002[\/vc_column_text][\/vc_column][\/vc_row]<\/p>","protected":false},"excerpt":{"rendered":"<ul>\n<li>12oz black denim from Nihon Menpu Mill, Okayama prefecture<\/li>\n<li>100% US cotton selvage denim woven by a vintage machine: Shuttle Loom<\/li>\n<li>Relaxed Tapered fit \u2022 White edge finish \u2022 Doubled Kimono pocket for reinforcement<\/li>\n<li>Reinforced with copper rivets<\/li>\n<li>Stitch points<\/li>\n<li>Silk screen signature<\/li>\n<li>Individually numbered denim<\/li>\n<li>Kimono pocket reinforced by a band of bonded laser nylon tape<\/li>\n<\/ul>\n<p><strong>Pocket<\/strong><\/p>\n<ul>\n<li>C17 FUTUHA ARAREKURO \u30d5\u30bf\u30cf\u30a2\u30e9\u30ec \u30af\u30ed found in Kurume at Shimogawaorimono workshop<\/li>\n<li><strong>What is a Futuha Ararekuro?<\/strong><br \/>\nEach Arare pattern looks each other but each shape are slightly different. This is why \u201cFUTAHA ARARE\u201d patterns attract people. It can\u2019t be seen on printed fabric. Only the hand craft show the punctuality and warmness at once.<\/li>\n<li><strong>How is it build?<\/strong><br \/>\nFabric made with patterns need specifics skills to create history. \u201cArare\u201d pattern use dotted line yarn. Before waving, a stick is set between the yarns in order to make a beautiful pattern.<\/li>\n<li><strong>Specific effect<\/strong><br \/>\nThe warp colors are only black and white but thanks to the weft different tones of colors appears. An uneven thickness yarn is chosen as weft, so the color gradation is unique and attractive.<\/li>\n<\/ul>\n<p><strong>Sizing<\/strong><\/p>\n<p>The mannequin is 1.90m \/ 6.2ft and 82kg and is wearing a 31&#215;34<br \/>\nWe recommand to take your usual size or one size lower if you want it adjusted<\/p>\n","protected":false},"featured_media":5704,"comment_status":"open","ping_status":"closed","template":"","meta":[],"yoast_head":"<!-- This site is optimized with the Yoast SEO plugin v17.7.1 - https:\/\/yoast.com\/wordpress\/plugins\/seo\/ -->\n<title>PHI03_C17 - phi. denim<\/title>\n<meta name=\"robots\" content=\"index, follow, max-snippet:-1, max-image-preview:large, max-video-preview:-1\" \/>\n<link rel=\"canonical\" href=\"https:\/\/www.phi-denim.com\/ja\/product\/phi03_c17\/\" \/>\n<meta property=\"og:locale\" content=\"ja_JP\" \/>\n<meta property=\"og:type\" content=\"article\" \/>\n<meta property=\"og:title\" content=\"PHI03_C17 - phi. denim\" \/>\n<meta property=\"og:description\" content=\"[:fr]   Black Denim 12oz sandforized de chez Nihon Menpu Mill  Denim en coton 100% USA tiss\u00e9 sur une machine vintage Shuttle Loom  Coupe relaxed waist tapered legs  Selvedge rouge et blanc  Braguette: 4 boutons en cuivre  Renfort avec rivets en cuivre  Points de chainettes  Signature du denim s\u00e9rigraphi\u00e9e  Denim num\u00e9rot\u00e9  Poche   Poche extraite d\u2019un Kimono cotton \u00e0 motif Futuha Ararekuro \u30d5\u30bf\u30cf\u30a2\u30e9\u30ec \u30af\u30ed chin\u00e9 dans l\u2019atelier de Shimogawaorimono.  Qu\u2019est ce qu\u2019un Futuha Ararekuro? Chaque motif Arare se ressemblent cependant chaque formes pr\u00e9sentent quelques diff\u00e9rences. C\u2019est pourquoi le motif Futuha Arare est si pris\u00e9. Ce motif peut \u00eatre retrouv\u00e9 sur des mati\u00e8res imprim\u00e9es mais c\u2019est uniquement sur des mati\u00e8res tiss\u00e9es que l\u2019on peut retrouver a la fois une certaine pr\u00e9cision du point ainsi qu\u2019une certaines chaleur.  Comment est-il cr\u00e9e? Il faut avoir un certains savoir faire afin d\u2019obtenir un tel motif. Le \u00ab Arare \u00bb est obtenu \u00e0 partir de fil cr\u00e9ant un des point\u00e9s. Pour cr\u00e9er cet effet, avant le tissage on place une cale entre les deux fils afin d\u2019obtenir ce motif.  Les effets : Les couleurs seules couleurs utilis\u00e9es sont le noir et le blanc mais gr\u00e2ce a un jeu de trame on peut coir appara\u00eetre quelques couleurs.  Sizing  Paul mesure 1.90m, p\u00e8se 82kg et porte un 31x34. Nous recommandons de choisir votre taille habituelle ou bien une taille en dessous pour un rendu plus ajust\u00e9.  [:en]   12oz black denim from Nihon Menpu Mill, Okayama prefecture  100% US cotton selvage denim woven by a vintage machine: Shuttle Loom  Relaxed Tapered fit \u2022 White edge finish \u2022 Doubled Kimono pocket for reinforcement  Reinforced with copper rivets  Stitch points  Silk screen signature  Individually numbered denim  Kimono pocket reinforced by a band of bonded laser nylon tape  Pocket   C17 FUTUHA ARAREKURO \u30d5\u30bf\u30cf\u30a2\u30e9\u30ec \u30af\u30ed found in Kurume at Shimogawaorimono workshop  What is a Futuha Ararekuro? Each Arare pattern looks each other but each shape are slightly different. This is why \u201cFUTAHA ARARE\u201d patterns attract people. It can\u2019t be seen on printed fabric. Only the hand craft show the punctuality and warmness at once.  How is it build? Fabric made with patterns need specifics skills to create history. \u201cArare\u201d pattern use dotted line yarn. Before waving, a stick is set between the yarns in order to make a beautiful pattern.  Specific effect The warp colors are only black and white but thanks to the weft different tones of colors appears. An uneven thickness yarn is chosen as weft, so the color gradation is unique and attractive.  Sizing  The mannequin is 1.90m \/ 6.2ft and 82kg and is wearing a 31x34 We recommand to take your usual size or one size lower if you want it adjusted  [:ja]   12oz black denim from Nihon Menpu Mill, Okayama prefecture  100% US cotton selvage denim woven by a vintage machine: Shuttle Loom  Relaxed Tapered fit \u2022 White edge finish \u2022 Doubled Kimono pocket for reinforcement  Reinforced with copper rivets  Stitch points  Silk screen signature  Individually numbered denim  Kimono pocket reinforced by a band of bonded laser nylon tape  Pocket   C17 FUTUHA ARAREKURO \u30d5\u30bf\u30cf\u30a2\u30e9\u30ec \u30af\u30ed found in Kurume at Shimogawaorimono workshop  What is a Futuha Ararekuro? Each Arare pattern looks each other but each shape are slightly different. This is why \u201cFUTAHA ARARE\u201d patterns attract people. It can\u2019t be seen on printed fabric. Only the hand craft show the punctuality and warmness at once.  How is it build? Fabric made with patterns need specifics skills to create history. \u201cArare\u201d pattern use dotted line yarn. Before waving, a stick is set between the yarns in order to make a beautiful pattern.  Specific effect The warp colors are only black and white but thanks to the weft different tones of colors appears. An uneven thickness yarn is chosen as weft, so the color gradation is unique and attractive.  Sizing  The mannequin is 1.90m \/ 6.2ft and 82kg and is wearing a 31x34 We recommand to take your usual size or one size lower if you want it adjusted  [:]\" \/>\n<meta property=\"og:url\" content=\"https:\/\/www.phi-denim.com\/ja\/product\/phi03_c17\/\" \/>\n<meta property=\"og:site_name\" content=\"phi. denim\" \/>\n<meta property=\"article:modified_time\" content=\"2020-02-17T13:28:36+00:00\" \/>\n<meta property=\"og:image\" content=\"https:\/\/www.phi-denim.com\/wp-content\/uploads\/2019\/05\/PhiDenim_PACKSHOT-11.jpg\" \/>\n\t<meta property=\"og:image:width\" content=\"1348\" \/>\n\t<meta property=\"og:image:height\" content=\"899\" \/>\n<meta name=\"twitter:card\" content=\"summary_large_image\" \/>\n<meta name=\"twitter:label1\" content=\"\u63a8\u5b9a\u8aad\u307f\u53d6\u308a\u6642\u9593\" \/>\n\t<meta name=\"twitter:data1\" content=\"1\u5206\" \/>\n<script type=\"application\/ld+json\" class=\"yoast-schema-graph\">{\"@context\":\"https:\/\/schema.org\",\"@graph\":[{\"@type\":\"WebSite\",\"@id\":\"http:\/\/www.phi-denim.com\/fr\/#website\",\"url\":\"http:\/\/www.phi-denim.com\/fr\/\",\"name\":\"phi. denim\",\"description\":\"The denim collective\",\"potentialAction\":[{\"@type\":\"SearchAction\",\"target\":{\"@type\":\"EntryPoint\",\"urlTemplate\":\"http:\/\/www.phi-denim.com\/fr\/?s={search_term_string}\"},\"query-input\":\"required name=search_term_string\"}],\"inLanguage\":\"ja\"},{\"@type\":\"ImageObject\",\"@id\":\"https:\/\/www.phi-denim.com\/ja\/product\/phi03_c17\/#primaryimage\",\"inLanguage\":\"ja\",\"url\":\"https:\/\/www.phi-denim.com\/wp-content\/uploads\/2019\/05\/PhiDenim_PACKSHOT-11.jpg\",\"contentUrl\":\"https:\/\/www.phi-denim.com\/wp-content\/uploads\/2019\/05\/PhiDenim_PACKSHOT-11.jpg\",\"width\":1348,\"height\":899,\"caption\":\"PHI03_C17 \\u2013 phi. denim\"},{\"@type\":\"WebPage\",\"@id\":\"https:\/\/www.phi-denim.com\/ja\/product\/phi03_c17\/#webpage\",\"url\":\"https:\/\/www.phi-denim.com\/ja\/product\/phi03_c17\/\",\"name\":\"PHI03_C17 - phi. denim\",\"isPartOf\":{\"@id\":\"http:\/\/www.phi-denim.com\/fr\/#website\"},\"primaryImageOfPage\":{\"@id\":\"https:\/\/www.phi-denim.com\/ja\/product\/phi03_c17\/#primaryimage\"},\"datePublished\":\"2019-05-23T15:45:27+00:00\",\"dateModified\":\"2020-02-17T13:28:36+00:00\",\"breadcrumb\":{\"@id\":\"https:\/\/www.phi-denim.com\/ja\/product\/phi03_c17\/#breadcrumb\"},\"inLanguage\":\"ja\",\"potentialAction\":[{\"@type\":\"ReadAction\",\"target\":[\"https:\/\/www.phi-denim.com\/ja\/product\/phi03_c17\/\"]}]},{\"@type\":\"BreadcrumbList\",\"@id\":\"https:\/\/www.phi-denim.com\/ja\/product\/phi03_c17\/#breadcrumb\",\"itemListElement\":[{\"@type\":\"ListItem\",\"position\":1,\"name\":\"Home\",\"item\":\"http:\/\/www.phi-denim.com\/fr\/\"},{\"@type\":\"ListItem\",\"position\":2,\"name\":\"E-shop\",\"item\":\"http:\/\/www.phi-denim.com\/fr\/shop\/\"},{\"@type\":\"ListItem\",\"position\":3,\"name\":\"PHI03_C17\"}]}]}<\/script>\n<!-- \/ Yoast SEO plugin. -->","yoast_head_json":{"title":"PHI03_C17 - phi. denim","robots":{"index":"index","follow":"follow","max-snippet":"max-snippet:-1","max-image-preview":"max-image-preview:large","max-video-preview":"max-video-preview:-1"},"canonical":"https:\/\/www.phi-denim.com\/ja\/product\/phi03_c17\/","og_locale":"ja_JP","og_type":"article","og_title":"PHI03_C17 - phi. denim","og_description":"[:fr]   Black Denim 12oz sandforized de chez Nihon Menpu Mill  Denim en coton 100% USA tiss\u00e9 sur une machine vintage Shuttle Loom  Coupe relaxed waist tapered legs  Selvedge rouge et blanc  Braguette: 4 boutons en cuivre  Renfort avec rivets en cuivre  Points de chainettes  Signature du denim s\u00e9rigraphi\u00e9e  Denim num\u00e9rot\u00e9  Poche   Poche extraite d\u2019un Kimono cotton \u00e0 motif Futuha Ararekuro \u30d5\u30bf\u30cf\u30a2\u30e9\u30ec \u30af\u30ed chin\u00e9 dans l\u2019atelier de Shimogawaorimono.  Qu\u2019est ce qu\u2019un Futuha Ararekuro? Chaque motif Arare se ressemblent cependant chaque formes pr\u00e9sentent quelques diff\u00e9rences. C\u2019est pourquoi le motif Futuha Arare est si pris\u00e9. Ce motif peut \u00eatre retrouv\u00e9 sur des mati\u00e8res imprim\u00e9es mais c\u2019est uniquement sur des mati\u00e8res tiss\u00e9es que l\u2019on peut retrouver a la fois une certaine pr\u00e9cision du point ainsi qu\u2019une certaines chaleur.  Comment est-il cr\u00e9e? Il faut avoir un certains savoir faire afin d\u2019obtenir un tel motif. Le \u00ab Arare \u00bb est obtenu \u00e0 partir de fil cr\u00e9ant un des point\u00e9s. Pour cr\u00e9er cet effet, avant le tissage on place une cale entre les deux fils afin d\u2019obtenir ce motif.  Les effets : Les couleurs seules couleurs utilis\u00e9es sont le noir et le blanc mais gr\u00e2ce a un jeu de trame on peut coir appara\u00eetre quelques couleurs.  Sizing  Paul mesure 1.90m, p\u00e8se 82kg et porte un 31x34. Nous recommandons de choisir votre taille habituelle ou bien une taille en dessous pour un rendu plus ajust\u00e9.  [:en]   12oz black denim from Nihon Menpu Mill, Okayama prefecture  100% US cotton selvage denim woven by a vintage machine: Shuttle Loom  Relaxed Tapered fit \u2022 White edge finish \u2022 Doubled Kimono pocket for reinforcement  Reinforced with copper rivets  Stitch points  Silk screen signature  Individually numbered denim  Kimono pocket reinforced by a band of bonded laser nylon tape  Pocket   C17 FUTUHA ARAREKURO \u30d5\u30bf\u30cf\u30a2\u30e9\u30ec \u30af\u30ed found in Kurume at Shimogawaorimono workshop  What is a Futuha Ararekuro? Each Arare pattern looks each other but each shape are slightly different. This is why \u201cFUTAHA ARARE\u201d patterns attract people. It can\u2019t be seen on printed fabric. Only the hand craft show the punctuality and warmness at once.  How is it build? Fabric made with patterns need specifics skills to create history. \u201cArare\u201d pattern use dotted line yarn. Before waving, a stick is set between the yarns in order to make a beautiful pattern.  Specific effect The warp colors are only black and white but thanks to the weft different tones of colors appears. An uneven thickness yarn is chosen as weft, so the color gradation is unique and attractive.  Sizing  The mannequin is 1.90m \/ 6.2ft and 82kg and is wearing a 31x34 We recommand to take your usual size or one size lower if you want it adjusted  [:ja]   12oz black denim from Nihon Menpu Mill, Okayama prefecture  100% US cotton selvage denim woven by a vintage machine: Shuttle Loom  Relaxed Tapered fit \u2022 White edge finish \u2022 Doubled Kimono pocket for reinforcement  Reinforced with copper rivets  Stitch points  Silk screen signature  Individually numbered denim  Kimono pocket reinforced by a band of bonded laser nylon tape  Pocket   C17 FUTUHA ARAREKURO \u30d5\u30bf\u30cf\u30a2\u30e9\u30ec \u30af\u30ed found in Kurume at Shimogawaorimono workshop  What is a Futuha Ararekuro? Each Arare pattern looks each other but each shape are slightly different. This is why \u201cFUTAHA ARARE\u201d patterns attract people. It can\u2019t be seen on printed fabric. Only the hand craft show the punctuality and warmness at once.  How is it build? Fabric made with patterns need specifics skills to create history. \u201cArare\u201d pattern use dotted line yarn. Before waving, a stick is set between the yarns in order to make a beautiful pattern.  Specific effect The warp colors are only black and white but thanks to the weft different tones of colors appears. An uneven thickness yarn is chosen as weft, so the color gradation is unique and attractive.  Sizing  The mannequin is 1.90m \/ 6.2ft and 82kg and is wearing a 31x34 We recommand to take your usual size or one size lower if you want it adjusted  [:]","og_url":"https:\/\/www.phi-denim.com\/ja\/product\/phi03_c17\/","og_site_name":"phi. denim","article_modified_time":"2020-02-17T13:28:36+00:00","og_image":[{"width":1348,"height":899,"url":"https:\/\/www.phi-denim.com\/wp-content\/uploads\/2019\/05\/PhiDenim_PACKSHOT-11.jpg","type":"image\/jpeg"}],"twitter_card":"summary_large_image","twitter_misc":{"\u63a8\u5b9a\u8aad\u307f\u53d6\u308a\u6642\u9593":"1\u5206"},"schema":{"@context":"https:\/\/schema.org","@graph":[{"@type":"WebSite","@id":"http:\/\/www.phi-denim.com\/fr\/#website","url":"http:\/\/www.phi-denim.com\/fr\/","name":"phi. denim","description":"The denim collective","potentialAction":[{"@type":"SearchAction","target":{"@type":"EntryPoint","urlTemplate":"http:\/\/www.phi-denim.com\/fr\/?s={search_term_string}"},"query-input":"required name=search_term_string"}],"inLanguage":"ja"},{"@type":"ImageObject","@id":"https:\/\/www.phi-denim.com\/ja\/product\/phi03_c17\/#primaryimage","inLanguage":"ja","url":"https:\/\/www.phi-denim.com\/wp-content\/uploads\/2019\/05\/PhiDenim_PACKSHOT-11.jpg","contentUrl":"https:\/\/www.phi-denim.com\/wp-content\/uploads\/2019\/05\/PhiDenim_PACKSHOT-11.jpg","width":1348,"height":899,"caption":"PHI03_C17 \u2013 phi. denim"},{"@type":"WebPage","@id":"https:\/\/www.phi-denim.com\/ja\/product\/phi03_c17\/#webpage","url":"https:\/\/www.phi-denim.com\/ja\/product\/phi03_c17\/","name":"PHI03_C17 - phi. denim","isPartOf":{"@id":"http:\/\/www.phi-denim.com\/fr\/#website"},"primaryImageOfPage":{"@id":"https:\/\/www.phi-denim.com\/ja\/product\/phi03_c17\/#primaryimage"},"datePublished":"2019-05-23T15:45:27+00:00","dateModified":"2020-02-17T13:28:36+00:00","breadcrumb":{"@id":"https:\/\/www.phi-denim.com\/ja\/product\/phi03_c17\/#breadcrumb"},"inLanguage":"ja","potentialAction":[{"@type":"ReadAction","target":["https:\/\/www.phi-denim.com\/ja\/product\/phi03_c17\/"]}]},{"@type":"BreadcrumbList","@id":"https:\/\/www.phi-denim.com\/ja\/product\/phi03_c17\/#breadcrumb","itemListElement":[{"@type":"ListItem","position":1,"name":"Home","item":"http:\/\/www.phi-denim.com\/fr\/"},{"@type":"ListItem","position":2,"name":"E-shop","item":"http:\/\/www.phi-denim.com\/fr\/shop\/"},{"@type":"ListItem","position":3,"name":"PHI03_C17"}]}]}},"_links":{"self":[{"href":"https:\/\/www.phi-denim.com\/ja\/wp-json\/wp\/v2\/product\/4056"}],"collection":[{"href":"https:\/\/www.phi-denim.com\/ja\/wp-json\/wp\/v2\/product"}],"about":[{"href":"https:\/\/www.phi-denim.com\/ja\/wp-json\/wp\/v2\/types\/product"}],"replies":[{"embeddable":true,"href":"https:\/\/www.phi-denim.com\/ja\/wp-json\/wp\/v2\/comments?post=4056"}],"wp:featuredmedia":[{"embeddable":true,"href":"https:\/\/www.phi-denim.com\/ja\/wp-json\/wp\/v2\/media\/5704"}],"wp:attachment":[{"href":"https:\/\/www.phi-denim.com\/ja\/wp-json\/wp\/v2\/media?parent=4056"}],"curies":[{"name":"wp","href":"https:\/\/api.w.org\/{rel}","templated":true}]}}