{"id":835,"date":"2016-06-11T13:08:08","date_gmt":"2016-06-11T12:08:08","guid":{"rendered":"http:\/\/www.phi-denim.com\/fr\/produit\/phi01_c07\/"},"modified":"2020-10-11T15:10:35","modified_gmt":"2020-10-11T14:10:35","slug":"phi01_c07","status":"publish","type":"product","link":"https:\/\/www.phi-denim.com\/ja\/product\/phi01_c07\/","title":{"rendered":"PHI01_C07"},"content":{"rendered":"<p>[vc_row type=&#8221;boxed&#8221; css=&#8221;.vc_custom_1475239555787{margin-top: 30px !important;margin-right: 30px !important;margin-bottom: 30px !important;margin-left: 30px !important;}&#8221;][vc_column][vc_column_text]\u751f\u30c7\u30cb\u30e0\u3001\u30c1\u30a7\u30fc\u30f3\u30b9\u30c6\u30c3\u30c1\u3001\u30b3\u30c3\u30d1\u30fc\u30ab\u30e9\u30fc\u30ea\u30d9\u30c3\u30c8\u3067\u306e\u30dd\u30b1\u30c3\u30c8\u88dc\u5f37\u3001\u8010\u4e45\u6027\u306e\u9ad8\u3044\u30af\u30ed\u30c3\u30c1\u30b7\u30fc\u30e0\u3001\u30dc\u30bf\u30f3\u30d5\u30e9\u30a4\u90e8\u5206\u306e\u30b3\u30c3\u30c8\u30f3\u30c4\u30a4\u30eb\u3001\u305d\u308c\u3089\u5168\u3066\u306f\u3001\u6211\u3005\u304c\u4fe1\u983c\u3092\u7f6e\u304f\u30b9\u30bf\u30f3\u30c0\u30fc\u30c9\u3067\u3059\u3002<\/p>\n<p>\u53f3\u30d0\u30c3\u30af\u30dd\u30b1\u30c3\u30c8\u306f\u30ec\u30fc\u30b6\u30fc\u30ab\u30c3\u30c8\u3068\u5727\u7740\u6280\u8853\u3067\u88fd\u4f5c\u3055\u308c\u3066\u3044\u307e\u3059\u3002\u6b63\u78ba\u306a\u30ab\u30c3\u30c8\u3068\u69cb\u9020\u306f\u30bf\u30a4\u30e0\u30ec\u30b9\u3067\u30e6\u30cb\u30fc\u30af\u306a\u30b7\u30b0\u30cd\u30c1\u30e3\u30fc\u3067\u3059\u3002<\/p>\n<p>\u30d4\u30e5\u30a2\u3067\u30b7\u30f3\u30d7\u30eb\u3001\u5ca1\u5c71\u65e5\u672c\u7523\u3002\u5168\u3066\u306e\u30c7\u30cb\u30e0\u306b\u88fd\u4f5c\u8005\u306e\u30b5\u30a4\u30f3\u304c\u624b\u66f8\u304d\u3055\u308c\u3066\u3044\u307e\u3059 \u3002[\/vc_column_text][vc_row_inner][vc_column_inner][vc_raw_html]JTVCd2RpX2ZlZWQlMjBpZCUzRCUyMjIlMjIlNUQ=[\/vc_raw_html][\/vc_column_inner][\/vc_row_inner][\/vc_column][\/vc_row]<\/p>","protected":false},"excerpt":{"rendered":"<ul>\n<li>14\u30aa\u30f3\u30b9 \u751f\u30c7\u30cb\u30e0 \u30ea\u30e9\u30c3\u30af\u30b9<\/li>\n<li>\u30ea\u30e9\u30c3\u30af\u30b9\u3001\u30c6\u30fc\u30d1\u30fc\u30c9\u30d5\u30a3\u30c3\u30c8<\/li>\n<li>\u8d64\u3068\u9ed2\u30df\u30df\u306e\u30bb\u30eb\u30d3\u30c3\u30c1<\/li>\n<li>\u88dc\u5f37\u306e\u305f\u30812\u91cd\u306b\u3057\u305f\u7740\u7269\u751f\u5730<\/li>\n<li>\u88dc\u5f37\u306e\u305f\u3081\u306e\u30b3\u30c3\u30d1\u30fc\u30ea\u30d9\u30c3\u30c8<\/li>\n<li>\u30c1\u30a7\u30fc\u30f3\u30b9\u30c6\u30c3\u30c1<\/li>\n<li>\u30b7\u30ea\u30a2\u30eb\u30ca\u30f3\u30d0\u30fc\u7528\u306e\u30b7\u30eb\u30af\u30b9\u30af\u30ea\u30fc\u30f3\u30d7\u30ea\u30f3\u30c8<\/li>\n<li>\u30b7\u30ea\u30a2\u30eb\u30ca\u30f3\u30d0\u30fc\u5165\u308a<\/li>\n<li>\u30ea\u30df\u30c6\u30a3\u30c3\u30c9\u3000\u30b7\u30ea\u30fc\u30ba18 \u672c<\/li>\n<\/ul>\n<p><strong>\u30dd\u30b1\u30c3\u30c8<\/strong><\/p>\n<ul>\n<li>\u7dbf\u7740\u7269\u3092\u4f7f\u7528\u3057\u305f\u30dd\u30b1\u30c3\u30c8<\/li>\n<li>\u868a\u7d63<\/li>\n<li>2\u91cd\u306b\u3057\u3001\u88dc\u5f37\u3057\u305f\u7740\u7269\u751f\u5730<\/li>\n<li>\u30ec\u30fc\u30b6\u30fc\u30ab\u30c3\u30c8\u3057\u305f\u30c7\u30cb\u30e0\u3067\u5727\u7740\u3057\u3001\u88dc\u5f37\u3057\u305f\u7740\u7269\u751f\u5730\u3092\u4f7f\u7528\u3057\u305f\u30dd\u30b1\u30c3\u30c8<\/li>\n<\/ul>\n","protected":false},"featured_media":852,"comment_status":"open","ping_status":"closed","template":"","meta":[],"yoast_head":"<!-- This site is optimized with the Yoast SEO plugin v17.7.1 - https:\/\/yoast.com\/wordpress\/plugins\/seo\/ -->\n<title>PHI01_C07 - phi. denim<\/title>\n<meta name=\"robots\" content=\"index, follow, max-snippet:-1, max-image-preview:large, max-video-preview:-1\" \/>\n<link rel=\"canonical\" href=\"https:\/\/www.phi-denim.com\/en\/product\/phi01_c07\/\" \/>\n<meta property=\"og:locale\" content=\"ja_JP\" \/>\n<meta property=\"og:type\" content=\"article\" \/>\n<meta property=\"og:title\" content=\"PHI01_C07 - phi. denim\" \/>\n<meta property=\"og:description\" content=\"[:fr]   Denim 14 oz\u00a0unsanforized  Coupe relaxed tapered  Selvedge rouge et blanc  Braguette: 4 boutons en cuivre  Renfort avec rivets en cuivre  Points de chainettes  Signature du denim s\u00e9rigraphi\u00e9e  Denim num\u00e9rot\u00e9  Limit\u00e9 \u00e0 18 exemplaires  Poche   Poche extraite d\u2019un Kimono Cotton \u00e0 motif\u00a0Hishimon \u30d2\u30b7\u30e2\u30f3  Tissage minimaliste avec effet pointilliste  Doubl\u00e9 pour renfort  Renforc\u00e9e par une bande\u00a0de denim coup\u00e9e au laser et coll\u00e9e  Sizing  Le mannequin mesure 1.80 et porte un 30x34. La toile est unsanforised, cela signifie qu&#039;elle va r\u00e9tr\u00e9cir apr\u00e8s le premier lavage; vous pouvez donc prendre une ou deux tailles au dessus de votre taille habituelle en fonction du rendu souhait\u00e9.  [:en]   14oz unsanforized Denim Relaxed  Tapered fit  Red and Black edge finish  Doubled Kimono pocket for reinforcement  Reinforced with copper rivets  Stitch points  Silk screen signature  Individually numbered denim  Limited series to 18 copies  Pocket   Pocket taken from traditional Cotton kimonos Hishimon \u30d2\u30b7\u30e2\u30f3  Doubled Kimono pocket for reinforcement  Kimono pocket reinforced by a band of bonded laser cut denim  Sizing   The mannequin is 1.80 m \/ 5.9 ft and wear a 30x34. This is an unsanforised denim fabrics, it means that the denim will shrink by a size after the first wash. Thus you can select up to one or two size over the one you are used to buy.  [:ja]   14\u30aa\u30f3\u30b9 \u751f\u30c7\u30cb\u30e0 \u30ea\u30e9\u30c3\u30af\u30b9  \u30ea\u30e9\u30c3\u30af\u30b9\u3001\u30c6\u30fc\u30d1\u30fc\u30c9\u30d5\u30a3\u30c3\u30c8  \u8d64\u3068\u9ed2\u30df\u30df\u306e\u30bb\u30eb\u30d3\u30c3\u30c1  \u88dc\u5f37\u306e\u305f\u30812\u91cd\u306b\u3057\u305f\u7740\u7269\u751f\u5730  \u88dc\u5f37\u306e\u305f\u3081\u306e\u30b3\u30c3\u30d1\u30fc\u30ea\u30d9\u30c3\u30c8  \u30c1\u30a7\u30fc\u30f3\u30b9\u30c6\u30c3\u30c1  \u30b7\u30ea\u30a2\u30eb\u30ca\u30f3\u30d0\u30fc\u7528\u306e\u30b7\u30eb\u30af\u30b9\u30af\u30ea\u30fc\u30f3\u30d7\u30ea\u30f3\u30c8  \u30b7\u30ea\u30a2\u30eb\u30ca\u30f3\u30d0\u30fc\u5165\u308a  \u30ea\u30df\u30c6\u30a3\u30c3\u30c9\u3000\u30b7\u30ea\u30fc\u30ba18 \u672c  \u30dd\u30b1\u30c3\u30c8   \u7dbf\u7740\u7269\u3092\u4f7f\u7528\u3057\u305f\u30dd\u30b1\u30c3\u30c8  \u868a\u7d63  2\u91cd\u306b\u3057\u3001\u88dc\u5f37\u3057\u305f\u7740\u7269\u751f\u5730  \u30ec\u30fc\u30b6\u30fc\u30ab\u30c3\u30c8\u3057\u305f\u30c7\u30cb\u30e0\u3067\u5727\u7740\u3057\u3001\u88dc\u5f37\u3057\u305f\u7740\u7269\u751f\u5730\u3092\u4f7f\u7528\u3057\u305f\u30dd\u30b1\u30c3\u30c8  [:]\" \/>\n<meta property=\"og:url\" content=\"https:\/\/www.phi-denim.com\/en\/product\/phi01_c07\/\" \/>\n<meta property=\"og:site_name\" content=\"phi. denim\" \/>\n<meta property=\"article:modified_time\" content=\"2020-10-11T14:10:35+00:00\" \/>\n<meta property=\"og:image\" content=\"https:\/\/www.phi-denim.com\/wp-content\/uploads\/2016\/11\/PHI01_C07-1.jpg\" \/>\n\t<meta property=\"og:image:width\" content=\"1200\" \/>\n\t<meta property=\"og:image:height\" content=\"800\" \/>\n<meta name=\"twitter:card\" content=\"summary_large_image\" \/>\n<meta name=\"twitter:label1\" content=\"\u63a8\u5b9a\u8aad\u307f\u53d6\u308a\u6642\u9593\" \/>\n\t<meta name=\"twitter:data1\" content=\"1\u5206\" \/>\n<script type=\"application\/ld+json\" class=\"yoast-schema-graph\">{\"@context\":\"https:\/\/schema.org\",\"@graph\":[{\"@type\":\"WebSite\",\"@id\":\"http:\/\/www.phi-denim.com\/ja\/#website\",\"url\":\"http:\/\/www.phi-denim.com\/ja\/\",\"name\":\"phi. denim\",\"description\":\"The denim collective\",\"potentialAction\":[{\"@type\":\"SearchAction\",\"target\":{\"@type\":\"EntryPoint\",\"urlTemplate\":\"http:\/\/www.phi-denim.com\/ja\/?s={search_term_string}\"},\"query-input\":\"required name=search_term_string\"}],\"inLanguage\":\"ja\"},{\"@type\":\"ImageObject\",\"@id\":\"https:\/\/www.phi-denim.com\/en\/product\/phi01_c07\/#primaryimage\",\"inLanguage\":\"ja\",\"url\":\"https:\/\/www.phi-denim.com\/wp-content\/uploads\/2016\/11\/PHI01_C07-1.jpg\",\"contentUrl\":\"https:\/\/www.phi-denim.com\/wp-content\/uploads\/2016\/11\/PHI01_C07-1.jpg\",\"width\":1200,\"height\":800},{\"@type\":\"WebPage\",\"@id\":\"https:\/\/www.phi-denim.com\/en\/product\/phi01_c07\/#webpage\",\"url\":\"https:\/\/www.phi-denim.com\/en\/product\/phi01_c07\/\",\"name\":\"PHI01_C07 - phi. denim\",\"isPartOf\":{\"@id\":\"http:\/\/www.phi-denim.com\/ja\/#website\"},\"primaryImageOfPage\":{\"@id\":\"https:\/\/www.phi-denim.com\/en\/product\/phi01_c07\/#primaryimage\"},\"datePublished\":\"2016-06-11T12:08:08+00:00\",\"dateModified\":\"2020-10-11T14:10:35+00:00\",\"breadcrumb\":{\"@id\":\"https:\/\/www.phi-denim.com\/en\/product\/phi01_c07\/#breadcrumb\"},\"inLanguage\":\"ja\",\"potentialAction\":[{\"@type\":\"ReadAction\",\"target\":[\"https:\/\/www.phi-denim.com\/en\/product\/phi01_c07\/\"]}]},{\"@type\":\"BreadcrumbList\",\"@id\":\"https:\/\/www.phi-denim.com\/en\/product\/phi01_c07\/#breadcrumb\",\"itemListElement\":[{\"@type\":\"ListItem\",\"position\":1,\"name\":\"Home\",\"item\":\"https:\/\/www.phi-denim.com\/fr\/\"},{\"@type\":\"ListItem\",\"position\":2,\"name\":\"E-shop\",\"item\":\"https:\/\/www.phi-denim.com\/fr\/shop\/\"},{\"@type\":\"ListItem\",\"position\":3,\"name\":\"PHI01_C07\"}]}]}<\/script>\n<!-- \/ Yoast SEO plugin. -->","yoast_head_json":{"title":"PHI01_C07 - phi. denim","robots":{"index":"index","follow":"follow","max-snippet":"max-snippet:-1","max-image-preview":"max-image-preview:large","max-video-preview":"max-video-preview:-1"},"canonical":"https:\/\/www.phi-denim.com\/en\/product\/phi01_c07\/","og_locale":"ja_JP","og_type":"article","og_title":"PHI01_C07 - phi. denim","og_description":"[:fr]   Denim 14 oz\u00a0unsanforized  Coupe relaxed tapered  Selvedge rouge et blanc  Braguette: 4 boutons en cuivre  Renfort avec rivets en cuivre  Points de chainettes  Signature du denim s\u00e9rigraphi\u00e9e  Denim num\u00e9rot\u00e9  Limit\u00e9 \u00e0 18 exemplaires  Poche   Poche extraite d\u2019un Kimono Cotton \u00e0 motif\u00a0Hishimon \u30d2\u30b7\u30e2\u30f3  Tissage minimaliste avec effet pointilliste  Doubl\u00e9 pour renfort  Renforc\u00e9e par une bande\u00a0de denim coup\u00e9e au laser et coll\u00e9e  Sizing  Le mannequin mesure 1.80 et porte un 30x34. La toile est unsanforised, cela signifie qu'elle va r\u00e9tr\u00e9cir apr\u00e8s le premier lavage; vous pouvez donc prendre une ou deux tailles au dessus de votre taille habituelle en fonction du rendu souhait\u00e9.  [:en]   14oz unsanforized Denim Relaxed  Tapered fit  Red and Black edge finish  Doubled Kimono pocket for reinforcement  Reinforced with copper rivets  Stitch points  Silk screen signature  Individually numbered denim  Limited series to 18 copies  Pocket   Pocket taken from traditional Cotton kimonos Hishimon \u30d2\u30b7\u30e2\u30f3  Doubled Kimono pocket for reinforcement  Kimono pocket reinforced by a band of bonded laser cut denim  Sizing   The mannequin is 1.80 m \/ 5.9 ft and wear a 30x34. This is an unsanforised denim fabrics, it means that the denim will shrink by a size after the first wash. Thus you can select up to one or two size over the one you are used to buy.  [:ja]   14\u30aa\u30f3\u30b9 \u751f\u30c7\u30cb\u30e0 \u30ea\u30e9\u30c3\u30af\u30b9  \u30ea\u30e9\u30c3\u30af\u30b9\u3001\u30c6\u30fc\u30d1\u30fc\u30c9\u30d5\u30a3\u30c3\u30c8  \u8d64\u3068\u9ed2\u30df\u30df\u306e\u30bb\u30eb\u30d3\u30c3\u30c1  \u88dc\u5f37\u306e\u305f\u30812\u91cd\u306b\u3057\u305f\u7740\u7269\u751f\u5730  \u88dc\u5f37\u306e\u305f\u3081\u306e\u30b3\u30c3\u30d1\u30fc\u30ea\u30d9\u30c3\u30c8  \u30c1\u30a7\u30fc\u30f3\u30b9\u30c6\u30c3\u30c1  \u30b7\u30ea\u30a2\u30eb\u30ca\u30f3\u30d0\u30fc\u7528\u306e\u30b7\u30eb\u30af\u30b9\u30af\u30ea\u30fc\u30f3\u30d7\u30ea\u30f3\u30c8  \u30b7\u30ea\u30a2\u30eb\u30ca\u30f3\u30d0\u30fc\u5165\u308a  \u30ea\u30df\u30c6\u30a3\u30c3\u30c9\u3000\u30b7\u30ea\u30fc\u30ba18 \u672c  \u30dd\u30b1\u30c3\u30c8   \u7dbf\u7740\u7269\u3092\u4f7f\u7528\u3057\u305f\u30dd\u30b1\u30c3\u30c8  \u868a\u7d63  2\u91cd\u306b\u3057\u3001\u88dc\u5f37\u3057\u305f\u7740\u7269\u751f\u5730  \u30ec\u30fc\u30b6\u30fc\u30ab\u30c3\u30c8\u3057\u305f\u30c7\u30cb\u30e0\u3067\u5727\u7740\u3057\u3001\u88dc\u5f37\u3057\u305f\u7740\u7269\u751f\u5730\u3092\u4f7f\u7528\u3057\u305f\u30dd\u30b1\u30c3\u30c8  [:]","og_url":"https:\/\/www.phi-denim.com\/en\/product\/phi01_c07\/","og_site_name":"phi. denim","article_modified_time":"2020-10-11T14:10:35+00:00","og_image":[{"width":1200,"height":800,"url":"https:\/\/www.phi-denim.com\/wp-content\/uploads\/2016\/11\/PHI01_C07-1.jpg","type":"image\/jpeg"}],"twitter_card":"summary_large_image","twitter_misc":{"\u63a8\u5b9a\u8aad\u307f\u53d6\u308a\u6642\u9593":"1\u5206"},"schema":{"@context":"https:\/\/schema.org","@graph":[{"@type":"WebSite","@id":"http:\/\/www.phi-denim.com\/ja\/#website","url":"http:\/\/www.phi-denim.com\/ja\/","name":"phi. denim","description":"The denim collective","potentialAction":[{"@type":"SearchAction","target":{"@type":"EntryPoint","urlTemplate":"http:\/\/www.phi-denim.com\/ja\/?s={search_term_string}"},"query-input":"required name=search_term_string"}],"inLanguage":"ja"},{"@type":"ImageObject","@id":"https:\/\/www.phi-denim.com\/en\/product\/phi01_c07\/#primaryimage","inLanguage":"ja","url":"https:\/\/www.phi-denim.com\/wp-content\/uploads\/2016\/11\/PHI01_C07-1.jpg","contentUrl":"https:\/\/www.phi-denim.com\/wp-content\/uploads\/2016\/11\/PHI01_C07-1.jpg","width":1200,"height":800},{"@type":"WebPage","@id":"https:\/\/www.phi-denim.com\/en\/product\/phi01_c07\/#webpage","url":"https:\/\/www.phi-denim.com\/en\/product\/phi01_c07\/","name":"PHI01_C07 - phi. denim","isPartOf":{"@id":"http:\/\/www.phi-denim.com\/ja\/#website"},"primaryImageOfPage":{"@id":"https:\/\/www.phi-denim.com\/en\/product\/phi01_c07\/#primaryimage"},"datePublished":"2016-06-11T12:08:08+00:00","dateModified":"2020-10-11T14:10:35+00:00","breadcrumb":{"@id":"https:\/\/www.phi-denim.com\/en\/product\/phi01_c07\/#breadcrumb"},"inLanguage":"ja","potentialAction":[{"@type":"ReadAction","target":["https:\/\/www.phi-denim.com\/en\/product\/phi01_c07\/"]}]},{"@type":"BreadcrumbList","@id":"https:\/\/www.phi-denim.com\/en\/product\/phi01_c07\/#breadcrumb","itemListElement":[{"@type":"ListItem","position":1,"name":"Home","item":"https:\/\/www.phi-denim.com\/fr\/"},{"@type":"ListItem","position":2,"name":"E-shop","item":"https:\/\/www.phi-denim.com\/fr\/shop\/"},{"@type":"ListItem","position":3,"name":"PHI01_C07"}]}]}},"_links":{"self":[{"href":"https:\/\/www.phi-denim.com\/ja\/wp-json\/wp\/v2\/product\/835"}],"collection":[{"href":"https:\/\/www.phi-denim.com\/ja\/wp-json\/wp\/v2\/product"}],"about":[{"href":"https:\/\/www.phi-denim.com\/ja\/wp-json\/wp\/v2\/types\/product"}],"replies":[{"embeddable":true,"href":"https:\/\/www.phi-denim.com\/ja\/wp-json\/wp\/v2\/comments?post=835"}],"wp:featuredmedia":[{"embeddable":true,"href":"https:\/\/www.phi-denim.com\/ja\/wp-json\/wp\/v2\/media\/852"}],"wp:attachment":[{"href":"https:\/\/www.phi-denim.com\/ja\/wp-json\/wp\/v2\/media?parent=835"}],"curies":[{"name":"wp","href":"https:\/\/api.w.org\/{rel}","templated":true}]}}